{"id":18917,"date":"2024-11-28T20:18:08","date_gmt":"2024-11-28T17:18:08","guid":{"rendered":"https:\/\/www.makitamarket.com.tr\/site\/urun\/makita-makita-d-56873-zmpr-kagit-230x280mm-p320\/"},"modified":"2025-08-28T09:26:12","modified_gmt":"2025-08-28T06:26:12","slug":"makita-makita-d-56873-zmpr-kagit-230x280mm-p320","status":"publish","type":"product","link":"https:\/\/www.makitamarket.com.tr\/site\/urun\/makita-makita-d-56873-zmpr-kagit-230x280mm-p320\/","title":{"rendered":"Makita D-56873 MAKITA D &#8211; 56873 ZMPR KAGIT 230X280MM P320"},"content":{"rendered":"<table>\n<tr>\n<td>\u00d6l\u00e7\u00fcler<\/td>\n<td>230&#215;280 mm<\/td>\n<\/tr>\n<tr>\n<td>Kum<\/td>\n<td>320<\/td>\n<\/tr>\n<\/table>\n","protected":false},"excerpt":{"rendered":"<p>\u00d6l\u00e7\u00fcler 230&#215;280 mm Kum 320<\/p>\n","protected":false},"featured_media":0,"comment_status":"open","ping_status":"closed","template":"","meta":{"_acf_changed":false},"product_brand":[],"product_cat":[1402],"product_tag":[],"class_list":{"0":"post-18917","1":"product","2":"type-product","3":"status-publish","5":"product_cat-ahsap-kagit-zimparalar","7":"first","8":"outofstock","9":"taxable","10":"shipping-taxable","11":"purchasable","12":"product-type-simple","13":"add-to-wishlist-after_add_to_cart"},"acf":[],"_links":{"self":[{"href":"https:\/\/www.makitamarket.com.tr\/site\/wp-json\/wp\/v2\/product\/18917","targetHints":{"allow":["GET"]}}],"collection":[{"href":"https:\/\/www.makitamarket.com.tr\/site\/wp-json\/wp\/v2\/product"}],"about":[{"href":"https:\/\/www.makitamarket.com.tr\/site\/wp-json\/wp\/v2\/types\/product"}],"replies":[{"embeddable":true,"href":"https:\/\/www.makitamarket.com.tr\/site\/wp-json\/wp\/v2\/comments?post=18917"}],"wp:attachment":[{"href":"https:\/\/www.makitamarket.com.tr\/site\/wp-json\/wp\/v2\/media?parent=18917"}],"wp:term":[{"taxonomy":"product_brand","embeddable":true,"href":"https:\/\/www.makitamarket.com.tr\/site\/wp-json\/wp\/v2\/product_brand?post=18917"},{"taxonomy":"product_cat","embeddable":true,"href":"https:\/\/www.makitamarket.com.tr\/site\/wp-json\/wp\/v2\/product_cat?post=18917"},{"taxonomy":"product_tag","embeddable":true,"href":"https:\/\/www.makitamarket.com.tr\/site\/wp-json\/wp\/v2\/product_tag?post=18917"}],"curies":[{"name":"wp","href":"https:\/\/api.w.org\/{rel}","templated":true}]}}