{"id":18927,"date":"2024-11-28T20:18:10","date_gmt":"2024-11-28T17:18:10","guid":{"rendered":"https:\/\/www.makitamarket.com.tr\/site\/urun\/makita-super-ekspres-dekupaj-testere-bicagi-b-51\/"},"modified":"2025-08-28T09:26:13","modified_gmt":"2025-08-28T06:26:13","slug":"makita-super-ekspres-dekupaj-testere-bicagi-b-51","status":"publish","type":"product","link":"https:\/\/www.makitamarket.com.tr\/site\/urun\/makita-super-ekspres-dekupaj-testere-bicagi-b-51\/","title":{"rendered":"Makita B-06476 S\u00dcPER EKSPRES DEKUPAJ TESTERE BI\u00c7A\u011eI B &#8211; 51"},"content":{"rendered":"<p>\n\tPaslanmaz ve yumu\u015fak \u00e7eli\u011fin h\u0131zl\u0131 kesiminde kullan\u0131lmaktad\u0131r.<\/p>\n<table>\n<tr>\n<td>Uzunluk<\/td>\n<td>100 mm<\/td>\n<\/tr>\n<tr>\n<td>Uzunda \u00c7al\u0131\u015fma<\/td>\n<td>77<\/td>\n<\/tr>\n<tr>\n<td>Paslanmaz \u00c7elik Kesim<\/td>\n<td>1 &#8211; 3<\/td>\n<\/tr>\n<tr>\n<td>Yumu\u015fak \u00c7elik Kesim<\/td>\n<td>1 &#8211; 8<\/td>\n<\/tr>\n<tr>\n<td>\u0130nch Ba\u015f\u0131 Di\u015f<\/td>\n<td>9.8 &#8211; 18.1<\/td>\n<\/tr>\n<tr>\n<td>B\u0131\u00e7ak Materyali<\/td>\n<td>HSS<\/td>\n<\/tr>\n<\/table>\n","protected":false},"excerpt":{"rendered":"<p>\n\tPaslanmaz ve yumu\u015fak \u00e7eli\u011fin h\u0131zl\u0131 kesiminde kullan\u0131lmaktad\u0131r.<\/p>\n","protected":false},"featured_media":18926,"comment_status":"open","ping_status":"closed","template":"","meta":{"_acf_changed":false},"product_brand":[],"product_cat":[1289],"product_tag":[],"class_list":{"0":"post-18927","1":"product","2":"type-product","3":"status-publish","4":"has-post-thumbnail","6":"product_cat-super-ekspres-dekupaj-testereleri","8":"first","9":"outofstock","10":"taxable","11":"shipping-taxable","12":"purchasable","13":"product-type-simple","14":"add-to-wishlist-after_add_to_cart"},"acf":[],"_links":{"self":[{"href":"https:\/\/www.makitamarket.com.tr\/site\/wp-json\/wp\/v2\/product\/18927","targetHints":{"allow":["GET"]}}],"collection":[{"href":"https:\/\/www.makitamarket.com.tr\/site\/wp-json\/wp\/v2\/product"}],"about":[{"href":"https:\/\/www.makitamarket.com.tr\/site\/wp-json\/wp\/v2\/types\/product"}],"replies":[{"embeddable":true,"href":"https:\/\/www.makitamarket.com.tr\/site\/wp-json\/wp\/v2\/comments?post=18927"}],"wp:featuredmedia":[{"embeddable":true,"href":"https:\/\/www.makitamarket.com.tr\/site\/wp-json\/wp\/v2\/media\/18926"}],"wp:attachment":[{"href":"https:\/\/www.makitamarket.com.tr\/site\/wp-json\/wp\/v2\/media?parent=18927"}],"wp:term":[{"taxonomy":"product_brand","embeddable":true,"href":"https:\/\/www.makitamarket.com.tr\/site\/wp-json\/wp\/v2\/product_brand?post=18927"},{"taxonomy":"product_cat","embeddable":true,"href":"https:\/\/www.makitamarket.com.tr\/site\/wp-json\/wp\/v2\/product_cat?post=18927"},{"taxonomy":"product_tag","embeddable":true,"href":"https:\/\/www.makitamarket.com.tr\/site\/wp-json\/wp\/v2\/product_tag?post=18927"}],"curies":[{"name":"wp","href":"https:\/\/api.w.org\/{rel}","templated":true}]}}