{"id":18987,"date":"2024-11-28T20:18:38","date_gmt":"2024-11-28T17:18:38","guid":{"rendered":"https:\/\/www.makitamarket.com.tr\/site\/urun\/makita-kanalli-tip-makinalar-icin-sivri-keski-450-mm\/"},"modified":"2026-03-30T10:16:30","modified_gmt":"2026-03-30T07:16:30","slug":"makita-kanalli-tip-makinalar-icin-sivri-keski-450-mm","status":"publish","type":"product","link":"https:\/\/www.makitamarket.com.tr\/site\/urun\/makita-kanalli-tip-makinalar-icin-sivri-keski-450-mm\/","title":{"rendered":"Makita D-19196 KANALLI T\u0130P MAK\u0130NALAR \u0130\u00c7\u0130N S\u0130VR\u0130 KESK\u0130 450 mm"},"content":{"rendered":"<table><\/table>\n","protected":false},"excerpt":{"rendered":"","protected":false},"featured_media":0,"comment_status":"open","ping_status":"closed","template":"","meta":{"_acf_changed":false},"product_brand":[1485],"product_cat":[1364],"product_tag":[],"class_list":{"0":"post-18987","1":"product","2":"type-product","3":"status-publish","5":"product_brand-makita","6":"product_cat-kanalli-keskiler","8":"first","9":"instock","10":"taxable","11":"shipping-taxable","12":"purchasable","13":"product-type-simple","14":"add-to-wishlist-after_add_to_cart"},"acf":[],"_links":{"self":[{"href":"https:\/\/www.makitamarket.com.tr\/site\/wp-json\/wp\/v2\/product\/18987","targetHints":{"allow":["GET"]}}],"collection":[{"href":"https:\/\/www.makitamarket.com.tr\/site\/wp-json\/wp\/v2\/product"}],"about":[{"href":"https:\/\/www.makitamarket.com.tr\/site\/wp-json\/wp\/v2\/types\/product"}],"replies":[{"embeddable":true,"href":"https:\/\/www.makitamarket.com.tr\/site\/wp-json\/wp\/v2\/comments?post=18987"}],"wp:attachment":[{"href":"https:\/\/www.makitamarket.com.tr\/site\/wp-json\/wp\/v2\/media?parent=18987"}],"wp:term":[{"taxonomy":"product_brand","embeddable":true,"href":"https:\/\/www.makitamarket.com.tr\/site\/wp-json\/wp\/v2\/product_brand?post=18987"},{"taxonomy":"product_cat","embeddable":true,"href":"https:\/\/www.makitamarket.com.tr\/site\/wp-json\/wp\/v2\/product_cat?post=18987"},{"taxonomy":"product_tag","embeddable":true,"href":"https:\/\/www.makitamarket.com.tr\/site\/wp-json\/wp\/v2\/product_tag?post=18987"}],"curies":[{"name":"wp","href":"https:\/\/api.w.org\/{rel}","templated":true}]}}