{"id":18992,"date":"2024-11-28T20:18:40","date_gmt":"2024-11-28T17:18:40","guid":{"rendered":"https:\/\/www.makitamarket.com.tr\/site\/urun\/makita-1-4-altigen-baglantili-baglantili-ahsap-burgu-uc-20x200-mm\/"},"modified":"2026-04-06T16:38:06","modified_gmt":"2026-04-06T13:38:06","slug":"makita-1-4-altigen-baglantili-baglantili-ahsap-burgu-uc-20x200-mm","status":"publish","type":"product","link":"https:\/\/www.makitamarket.com.tr\/site\/urun\/makita-1-4-altigen-baglantili-baglantili-ahsap-burgu-uc-20x200-mm\/","title":{"rendered":"Makita D-16069 1\/4&#8243; ALTIGEN BA\u011eLANTILI BA\u011eLANTILI AH\u015eAP BURGU U\u00c7 20&#215;200 mm"},"content":{"rendered":"<table>\n<tr>\n<td>Matkap \u00c7ap\u0131<\/td>\n<td>20<\/td>\n<\/tr>\n<tr>\n<td>Matkap Boyu<\/td>\n<td>200<\/td>\n<\/tr>\n<tr>\n<td>\u00c7al\u0131\u015fma Uzunlu\u011fu<\/td>\n<td>130<\/td>\n<\/tr>\n<tr>\n<td>Sap Tipi<\/td>\n<td>1\/4&#8243; Alt\u0131gen<\/td>\n<\/tr>\n<\/table>\n","protected":false},"excerpt":{"rendered":"<p>Matkap \u00c7ap\u0131 20 Matkap Boyu 200 \u00c7al\u0131\u015fma Uzunlu\u011fu 130 Sap Tipi 1\/4&#8243; Alt\u0131gen<\/p>\n","protected":false},"featured_media":18991,"comment_status":"open","ping_status":"closed","template":"","meta":{"_acf_changed":false},"product_brand":[1485],"product_cat":[1096],"product_tag":[],"class_list":{"0":"post-18992","1":"product","2":"type-product","3":"status-publish","4":"has-post-thumbnail","6":"product_brand-makita","7":"product_cat-ahsap-matkap-uclari","9":"first","10":"instock","11":"taxable","12":"shipping-taxable","13":"purchasable","14":"product-type-simple","15":"add-to-wishlist-after_add_to_cart"},"acf":[],"_links":{"self":[{"href":"https:\/\/www.makitamarket.com.tr\/site\/wp-json\/wp\/v2\/product\/18992","targetHints":{"allow":["GET"]}}],"collection":[{"href":"https:\/\/www.makitamarket.com.tr\/site\/wp-json\/wp\/v2\/product"}],"about":[{"href":"https:\/\/www.makitamarket.com.tr\/site\/wp-json\/wp\/v2\/types\/product"}],"replies":[{"embeddable":true,"href":"https:\/\/www.makitamarket.com.tr\/site\/wp-json\/wp\/v2\/comments?post=18992"}],"wp:featuredmedia":[{"embeddable":true,"href":"https:\/\/www.makitamarket.com.tr\/site\/wp-json\/wp\/v2\/media\/18991"}],"wp:attachment":[{"href":"https:\/\/www.makitamarket.com.tr\/site\/wp-json\/wp\/v2\/media?parent=18992"}],"wp:term":[{"taxonomy":"product_brand","embeddable":true,"href":"https:\/\/www.makitamarket.com.tr\/site\/wp-json\/wp\/v2\/product_brand?post=18992"},{"taxonomy":"product_cat","embeddable":true,"href":"https:\/\/www.makitamarket.com.tr\/site\/wp-json\/wp\/v2\/product_cat?post=18992"},{"taxonomy":"product_tag","embeddable":true,"href":"https:\/\/www.makitamarket.com.tr\/site\/wp-json\/wp\/v2\/product_tag?post=18992"}],"curies":[{"name":"wp","href":"https:\/\/api.w.org\/{rel}","templated":true}]}}