{"id":18995,"date":"2024-11-28T20:18:40","date_gmt":"2024-11-28T17:18:40","guid":{"rendered":"https:\/\/www.makitamarket.com.tr\/site\/urun\/nikon-plaka-non-woven-zimpara-240-kum\/"},"modified":"2025-11-16T10:39:53","modified_gmt":"2025-11-16T07:39:53","slug":"nikon-plaka-non-woven-zimpara-240-kum","status":"publish","type":"product","link":"https:\/\/www.makitamarket.com.tr\/site\/urun\/nikon-plaka-non-woven-zimpara-240-kum\/","title":{"rendered":"Nikon N34155 PLAKA NON WOVEN ZIMPARA 240 KUM"},"content":{"rendered":"<p>\n\tInox, Metal ve Ah\u015fap malzemelerin el ile temizlik ve parlat\u0131lmas\u0131nda kullan\u0131l\u0131r.<\/p>\n<table>\n<tr>\n<td>\u00d6l\u00e7\u00fcs\u00fc<\/td>\n<td>230 x 280 mm<\/td>\n<\/tr>\n<tr>\n<td>Kum<\/td>\n<td>240 Kum<\/td>\n<\/tr>\n<\/table>\n","protected":false},"excerpt":{"rendered":"<p>\n\tInox, Metal ve Ah\u015fap malzemelerin el ile temizlik ve parlat\u0131lmas\u0131nda kullan\u0131l\u0131r.<\/p>\n","protected":false},"featured_media":0,"comment_status":"open","ping_status":"closed","template":"","meta":{"_acf_changed":false},"product_brand":[1518],"product_cat":[1419],"product_tag":[],"class_list":{"0":"post-18995","1":"product","2":"type-product","3":"status-publish","5":"product_brand-nikon","6":"product_cat-plaka-non-woven-zimparalar","8":"first","9":"outofstock","10":"taxable","11":"shipping-taxable","12":"purchasable","13":"product-type-simple","14":"add-to-wishlist-after_add_to_cart"},"acf":[],"_links":{"self":[{"href":"https:\/\/www.makitamarket.com.tr\/site\/wp-json\/wp\/v2\/product\/18995","targetHints":{"allow":["GET"]}}],"collection":[{"href":"https:\/\/www.makitamarket.com.tr\/site\/wp-json\/wp\/v2\/product"}],"about":[{"href":"https:\/\/www.makitamarket.com.tr\/site\/wp-json\/wp\/v2\/types\/product"}],"replies":[{"embeddable":true,"href":"https:\/\/www.makitamarket.com.tr\/site\/wp-json\/wp\/v2\/comments?post=18995"}],"wp:attachment":[{"href":"https:\/\/www.makitamarket.com.tr\/site\/wp-json\/wp\/v2\/media?parent=18995"}],"wp:term":[{"taxonomy":"product_brand","embeddable":true,"href":"https:\/\/www.makitamarket.com.tr\/site\/wp-json\/wp\/v2\/product_brand?post=18995"},{"taxonomy":"product_cat","embeddable":true,"href":"https:\/\/www.makitamarket.com.tr\/site\/wp-json\/wp\/v2\/product_cat?post=18995"},{"taxonomy":"product_tag","embeddable":true,"href":"https:\/\/www.makitamarket.com.tr\/site\/wp-json\/wp\/v2\/product_tag?post=18995"}],"curies":[{"name":"wp","href":"https:\/\/api.w.org\/{rel}","templated":true}]}}