{"id":19023,"date":"2024-11-28T20:18:52","date_gmt":"2024-11-28T17:18:52","guid":{"rendered":"https:\/\/www.makitamarket.com.tr\/site\/urun\/proxxon-tungsten-karburlu-matkap-ve-freze-ucu-3-2-mm\/"},"modified":"2026-04-21T03:50:09","modified_gmt":"2026-04-21T00:50:09","slug":"proxxon-tungsten-karburlu-matkap-ve-freze-ucu-3-2-mm","status":"publish","type":"product","link":"https:\/\/www.makitamarket.com.tr\/site\/urun\/proxxon-tungsten-karburlu-matkap-ve-freze-ucu-3-2-mm\/","title":{"rendered":"Proxxon 28757 TUNGSTEN KARB\u00dcRL\u00dc MATKAP VE FREZE UCU 3.2 mm"},"content":{"rendered":"<p>\n\tE\u011fe ; fayans, ta\u015f, a\u011fa\u00e7 ve plastik kesme ve frezeleme.<\/p>\n<table>\n<tr>\n<td>Mil \u00c7ap\u0131<\/td>\n<td>3,2 mm<\/td>\n<\/tr>\n<\/table>\n","protected":false},"excerpt":{"rendered":"<p>\n\tE\u011fe ; fayans, ta\u015f, a\u011fa\u00e7 ve plastik kesme ve frezeleme.<\/p>\n","protected":false},"featured_media":19022,"comment_status":"open","ping_status":"closed","template":"","meta":{"_acf_changed":false},"product_brand":[1501],"product_cat":[926],"product_tag":[],"class_list":{"0":"post-19023","1":"product","2":"type-product","3":"status-publish","4":"has-post-thumbnail","6":"product_brand-proxxon","7":"product_cat-aksesuarlar-mikro-aletleri","9":"first","10":"instock","11":"taxable","12":"shipping-taxable","13":"purchasable","14":"product-type-simple","15":"add-to-wishlist-after_add_to_cart"},"acf":[],"_links":{"self":[{"href":"https:\/\/www.makitamarket.com.tr\/site\/wp-json\/wp\/v2\/product\/19023","targetHints":{"allow":["GET"]}}],"collection":[{"href":"https:\/\/www.makitamarket.com.tr\/site\/wp-json\/wp\/v2\/product"}],"about":[{"href":"https:\/\/www.makitamarket.com.tr\/site\/wp-json\/wp\/v2\/types\/product"}],"replies":[{"embeddable":true,"href":"https:\/\/www.makitamarket.com.tr\/site\/wp-json\/wp\/v2\/comments?post=19023"}],"wp:featuredmedia":[{"embeddable":true,"href":"https:\/\/www.makitamarket.com.tr\/site\/wp-json\/wp\/v2\/media\/19022"}],"wp:attachment":[{"href":"https:\/\/www.makitamarket.com.tr\/site\/wp-json\/wp\/v2\/media?parent=19023"}],"wp:term":[{"taxonomy":"product_brand","embeddable":true,"href":"https:\/\/www.makitamarket.com.tr\/site\/wp-json\/wp\/v2\/product_brand?post=19023"},{"taxonomy":"product_cat","embeddable":true,"href":"https:\/\/www.makitamarket.com.tr\/site\/wp-json\/wp\/v2\/product_cat?post=19023"},{"taxonomy":"product_tag","embeddable":true,"href":"https:\/\/www.makitamarket.com.tr\/site\/wp-json\/wp\/v2\/product_tag?post=19023"}],"curies":[{"name":"wp","href":"https:\/\/api.w.org\/{rel}","templated":true}]}}