{"id":19033,"date":"2024-11-28T20:18:55","date_gmt":"2024-11-28T17:18:55","guid":{"rendered":"https:\/\/www.makitamarket.com.tr\/site\/urun\/makita-naylon-flap-firca-240-kum-100x6-mm\/"},"modified":"2026-03-30T10:17:28","modified_gmt":"2026-03-30T07:17:28","slug":"makita-naylon-flap-firca-240-kum-100x6-mm","status":"publish","type":"product","link":"https:\/\/www.makitamarket.com.tr\/site\/urun\/makita-naylon-flap-firca-240-kum-100x6-mm\/","title":{"rendered":"Makita D-45755 NAYLON FLAP FIR\u00c7A &#8211; 240 KUM 100&#215;6 mm"},"content":{"rendered":"<p>\n\t<span lang=\"tr\"><span><span id=\"result_box\" lang=\"tr\"><span title=\"\u2705 DESIGNED for fine brushing surface conditioning, polishing and scrubbing, this Makita Nylon Cup Brush is gentlest on all materials and made from top quality nylon for maximal user safety, gentle cleaning &#038; extended use\n\">Cila yapma ve f\u0131r\u00e7alamay\u0131 sa\u011flayan Makita naylon f\u0131r\u00e7a, t\u00fcm malzemeler i\u00e7in maksimum kullan\u0131c\u0131 g\u00fcvenli\u011fi, hafif temizleme ve uzun s\u00fcreli kullan\u0131m yap\u0131lmas\u0131 sebebiyle en kaliteli naylondan yap\u0131lm\u0131\u015ft\u0131r.<br \/>\n\t<\/span><span title=\"\u2705 240 GRIT Nylon Brush is an All-Material-In-1, safe and easy light rust and paint remover and cleaner on ALL wet or dry applications like Metal, Steel, Stainless Steel, Wood, Aluminum, Plastic, PVC, Tiles, Stones\">Metal, \u00c7elik, Paslanmaz \u00c7elik, Ah\u015fap, Al\u00fcminyum, Plastik, PVC, Fayans, Ta\u015flar gibi t\u00fcm \u0131slak veya kuru uygulamalarda, g\u00fcvenli, pas ve boya temizleyicidir.<\/span><span title=\"and more, while maintaining its bristle integrity after extended use\n\"> Uzun s\u00fcreli kullan\u0131mdan sonra k\u0131l b\u00fct\u00fcnl\u00fc\u011f\u00fcn\u00fc korurken<\/span><span title=\"\u2705 SYNTHETIC, chemical resistant Nylon Bristles are extremely safe and will not spark, corrode, rust, shed, puncture skin, unlike more abrasive metal or steel brushes |\">, kimyasala diren\u00e7lir. A\u015f\u0131nd\u0131r\u0131c\u0131 metal veya \u00e7elik f\u0131r\u00e7alardan farkl\u0131 olarak, k\u0131v\u0131lc\u0131m, paslanma, delme gibi \u00f6zelliklere sahip de\u011fildir.<\/span><br \/>\n\t<\/span><\/span><\/span><\/p>\n<p>\n\t<span lang=\"tr\"><span>T\u00fcm matkaplarda ve <span lang=\"tr\"><span>maksimum 4.500 Rpm&#8217; de<\/span><\/span> kullan\u0131l\u0131r. <\/span><\/span><\/p>\n<table>\n<tr>\n<td>\u00d6l\u00e7\u00fcler<\/td>\n<td>100<\/td>\n<\/tr>\n<tr>\n<td>\u00c7ap<\/td>\n<td>6<\/td>\n<\/tr>\n<tr>\n<td>Kum<\/td>\n<td>240<\/td>\n<\/tr>\n<\/table>\n","protected":false},"excerpt":{"rendered":"<p>\n\t<span lang=\"tr\"><span><span id=\"result_box\" lang=\"tr\"><span title=\"\u2705 DESIGNED for fine brushing surface conditioning, polishing and scrubbing, this Makita Nylon Cup Brush is gentlest on all materials and made from top quality nylon for maximal user safety, gentle cleaning &#038; extended use\n\">Cila yapma ve f\u0131r\u00e7alamay\u0131 sa\u011flayan Makita naylon f\u0131r\u00e7a, t\u00fcm malzemeler i\u00e7in maksimum kullan\u0131c\u0131 g\u00fcvenli\u011fi, hafif temizleme ve uzun s\u00fcreli kullan\u0131m yap\u0131lmas\u0131 sebebiyle en kaliteli naylondan yap\u0131lm\u0131\u015ft\u0131r.<br \/>\n\t<\/span><span title=\"\u2705 240 GRIT Nylon Brush is an All-Material-In-1, safe and easy light rust and paint remover and cleaner on ALL wet or dry applications like Metal, Steel, Stainless Steel, Wood, Aluminum, Plastic, PVC, Tiles, Stones\">Metal, \u00c7elik, Paslanmaz \u00c7elik, Ah\u015fap, Al\u00fcminyum, Plastik, PVC, Fayans, Ta\u015flar gibi t\u00fcm \u0131slak veya kuru uygulamalarda, g\u00fcvenli, pas ve boya temizleyicidir.<\/span><span title=\"and more, while maintaining its bristle integrity after extended use\n\"> Uzun s\u00fcreli kullan\u0131mdan sonra k\u0131l b\u00fct\u00fcnl\u00fc\u011f\u00fcn\u00fc korurken<\/span><span title=\"\u2705 SYNTHETIC, chemical resistant Nylon Bristles are extremely safe and will not spark, corrode, rust, shed, puncture skin, unlike more abrasive metal or steel brushes |\">, kimyasala diren\u00e7lir. A\u015f\u0131nd\u0131r\u0131c\u0131 metal veya \u00e7elik f\u0131r\u00e7alardan farkl\u0131 olarak, k\u0131v\u0131lc\u0131m, paslanma, delme gibi \u00f6zelliklere sahip de\u011fildir.<\/span><br \/>\n\t<\/span><\/span><\/span><\/p>\n<p>\n\t<span lang=\"tr\"><span>T\u00fcm matkaplarda ve <span lang=\"tr\"><span>maksimum 4.500 Rpm&#8217; de<\/span><\/span> kullan\u0131l\u0131r. <\/span><\/span><\/p>\n","protected":false},"featured_media":19032,"comment_status":"open","ping_status":"closed","template":"","meta":{"_acf_changed":false},"product_brand":[1485],"product_cat":[1426],"product_tag":[],"class_list":{"0":"post-19033","1":"product","2":"type-product","3":"status-publish","4":"has-post-thumbnail","6":"product_brand-makita","7":"product_cat-naylon-fircalar","9":"first","10":"instock","11":"taxable","12":"shipping-taxable","13":"purchasable","14":"product-type-simple","15":"add-to-wishlist-after_add_to_cart"},"acf":[],"_links":{"self":[{"href":"https:\/\/www.makitamarket.com.tr\/site\/wp-json\/wp\/v2\/product\/19033","targetHints":{"allow":["GET"]}}],"collection":[{"href":"https:\/\/www.makitamarket.com.tr\/site\/wp-json\/wp\/v2\/product"}],"about":[{"href":"https:\/\/www.makitamarket.com.tr\/site\/wp-json\/wp\/v2\/types\/product"}],"replies":[{"embeddable":true,"href":"https:\/\/www.makitamarket.com.tr\/site\/wp-json\/wp\/v2\/comments?post=19033"}],"wp:featuredmedia":[{"embeddable":true,"href":"https:\/\/www.makitamarket.com.tr\/site\/wp-json\/wp\/v2\/media\/19032"}],"wp:attachment":[{"href":"https:\/\/www.makitamarket.com.tr\/site\/wp-json\/wp\/v2\/media?parent=19033"}],"wp:term":[{"taxonomy":"product_brand","embeddable":true,"href":"https:\/\/www.makitamarket.com.tr\/site\/wp-json\/wp\/v2\/product_brand?post=19033"},{"taxonomy":"product_cat","embeddable":true,"href":"https:\/\/www.makitamarket.com.tr\/site\/wp-json\/wp\/v2\/product_cat?post=19033"},{"taxonomy":"product_tag","embeddable":true,"href":"https:\/\/www.makitamarket.com.tr\/site\/wp-json\/wp\/v2\/product_tag?post=19033"}],"curies":[{"name":"wp","href":"https:\/\/api.w.org\/{rel}","templated":true}]}}