{"id":19064,"date":"2024-11-28T20:19:07","date_gmt":"2024-11-28T17:19:07","guid":{"rendered":"https:\/\/www.makitamarket.com.tr\/site\/urun\/proxxon-kendinden-yapiskanli-silikon-serit\/"},"modified":"2026-04-13T22:25:34","modified_gmt":"2026-04-13T19:25:34","slug":"proxxon-kendinden-yapiskanli-silikon-serit","status":"publish","type":"product","link":"https:\/\/www.makitamarket.com.tr\/site\/urun\/proxxon-kendinden-yapiskanli-silikon-serit\/","title":{"rendered":"Proxxon 28968 KEND\u0130NDEN YAPI\u015eKANLI S\u0130L\u0130KON \u015eER\u0130T"},"content":{"rendered":"<table>\n<tr>\n<td>Disk \u00c7ap\u0131<\/td>\n<td>250mm<\/td>\n<\/tr>\n<tr>\n<td>Uygunluk<\/td>\n<td>28060 TG 250\/E<\/td>\n<\/tr>\n<\/table>\n","protected":false},"excerpt":{"rendered":"<p>Disk \u00c7ap\u0131 250mm Uygunluk 28060 TG 250\/E<\/p>\n","protected":false},"featured_media":0,"comment_status":"open","ping_status":"closed","template":"","meta":{"_acf_changed":false},"product_brand":[1501],"product_cat":[926],"product_tag":[],"class_list":{"0":"post-19064","1":"product","2":"type-product","3":"status-publish","5":"product_brand-proxxon","6":"product_cat-aksesuarlar-mikro-aletleri","8":"first","9":"instock","10":"taxable","11":"shipping-taxable","12":"purchasable","13":"product-type-simple","14":"add-to-wishlist-after_add_to_cart"},"acf":[],"_links":{"self":[{"href":"https:\/\/www.makitamarket.com.tr\/site\/wp-json\/wp\/v2\/product\/19064","targetHints":{"allow":["GET"]}}],"collection":[{"href":"https:\/\/www.makitamarket.com.tr\/site\/wp-json\/wp\/v2\/product"}],"about":[{"href":"https:\/\/www.makitamarket.com.tr\/site\/wp-json\/wp\/v2\/types\/product"}],"replies":[{"embeddable":true,"href":"https:\/\/www.makitamarket.com.tr\/site\/wp-json\/wp\/v2\/comments?post=19064"}],"wp:attachment":[{"href":"https:\/\/www.makitamarket.com.tr\/site\/wp-json\/wp\/v2\/media?parent=19064"}],"wp:term":[{"taxonomy":"product_brand","embeddable":true,"href":"https:\/\/www.makitamarket.com.tr\/site\/wp-json\/wp\/v2\/product_brand?post=19064"},{"taxonomy":"product_cat","embeddable":true,"href":"https:\/\/www.makitamarket.com.tr\/site\/wp-json\/wp\/v2\/product_cat?post=19064"},{"taxonomy":"product_tag","embeddable":true,"href":"https:\/\/www.makitamarket.com.tr\/site\/wp-json\/wp\/v2\/product_tag?post=19064"}],"curies":[{"name":"wp","href":"https:\/\/api.w.org\/{rel}","templated":true}]}}