{"id":19116,"date":"2024-11-28T20:19:26","date_gmt":"2024-11-28T17:19:26","guid":{"rendered":"https:\/\/www.makitamarket.com.tr\/site\/urun\/nikon-aluminyum-oksit-cirtli-8-delikli-disk-zimpara-125-mm-240-kum\/"},"modified":"2025-11-16T10:57:24","modified_gmt":"2025-11-16T07:57:24","slug":"nikon-aluminyum-oksit-cirtli-8-delikli-disk-zimpara-125-mm-240-kum","status":"publish","type":"product","link":"https:\/\/www.makitamarket.com.tr\/site\/urun\/nikon-aluminyum-oksit-cirtli-8-delikli-disk-zimpara-125-mm-240-kum\/","title":{"rendered":"Nikon N33447 AL\u00dcM\u0130NYUM OKS\u0130T CIRTLI 8 DEL\u0130KL\u0130 D\u0130SK ZIMPARA 125 mm 240 KUM"},"content":{"rendered":"<p>\n\t<span style=\"color: rgb(255, 0, 0);\"><strong>Kullan\u0131m Alan\u0131:<\/strong><\/span>\u00a0Ham Ah\u015fab\u0131 yumu\u015fatmak, Ah\u015fap veya Metalde boya \u00f6ncesi temizlik, Fiberglas, Plastik ve benzeri malzemelerin z\u0131mparalanmas\u0131<\/p>\n<table>\n<tr>\n<td>Kutu \u0130\u00e7i Adedi<\/td>\n<td>100<\/td>\n<\/tr>\n<tr>\n<td>Kum<\/td>\n<td>240<\/td>\n<\/tr>\n<tr>\n<td>\u00d6l\u00e7\u00fcs\u00fc<\/td>\n<td>125mm &#8211; 8 Delikli<\/td>\n<\/tr>\n<\/table>\n","protected":false},"excerpt":{"rendered":"<p>\n\t<span style=\"color: rgb(255, 0, 0);\"><strong>Kullan\u0131m Alan\u0131:<\/strong><\/span>\u00a0Ham Ah\u015fab\u0131 yumu\u015fatmak, Ah\u015fap veya Metalde boya \u00f6ncesi temizlik, Fiberglas, Plastik ve benzeri malzemelerin z\u0131mparalanmas\u0131<\/p>\n","protected":false},"featured_media":19736,"comment_status":"open","ping_status":"closed","template":"","meta":{"_acf_changed":false},"product_brand":[1518],"product_cat":[1272],"product_tag":[],"class_list":{"0":"post-19116","1":"product","2":"type-product","3":"status-publish","4":"has-post-thumbnail","6":"product_brand-nikon","7":"product_cat-cirtli-disk-zimparalar","9":"first","10":"outofstock","11":"taxable","12":"shipping-taxable","13":"purchasable","14":"product-type-simple","15":"add-to-wishlist-after_add_to_cart"},"acf":[],"_links":{"self":[{"href":"https:\/\/www.makitamarket.com.tr\/site\/wp-json\/wp\/v2\/product\/19116","targetHints":{"allow":["GET"]}}],"collection":[{"href":"https:\/\/www.makitamarket.com.tr\/site\/wp-json\/wp\/v2\/product"}],"about":[{"href":"https:\/\/www.makitamarket.com.tr\/site\/wp-json\/wp\/v2\/types\/product"}],"replies":[{"embeddable":true,"href":"https:\/\/www.makitamarket.com.tr\/site\/wp-json\/wp\/v2\/comments?post=19116"}],"wp:featuredmedia":[{"embeddable":true,"href":"https:\/\/www.makitamarket.com.tr\/site\/wp-json\/wp\/v2\/media\/19736"}],"wp:attachment":[{"href":"https:\/\/www.makitamarket.com.tr\/site\/wp-json\/wp\/v2\/media?parent=19116"}],"wp:term":[{"taxonomy":"product_brand","embeddable":true,"href":"https:\/\/www.makitamarket.com.tr\/site\/wp-json\/wp\/v2\/product_brand?post=19116"},{"taxonomy":"product_cat","embeddable":true,"href":"https:\/\/www.makitamarket.com.tr\/site\/wp-json\/wp\/v2\/product_cat?post=19116"},{"taxonomy":"product_tag","embeddable":true,"href":"https:\/\/www.makitamarket.com.tr\/site\/wp-json\/wp\/v2\/product_tag?post=19116"}],"curies":[{"name":"wp","href":"https:\/\/api.w.org\/{rel}","templated":true}]}}