{"id":19134,"date":"2024-11-28T20:19:33","date_gmt":"2024-11-28T17:19:33","guid":{"rendered":"https:\/\/www.makitamarket.com.tr\/site\/urun\/nikon-silisyum-karbur-cirtli-deliksiz-disk-zimpara-115-mm-80-kum\/"},"modified":"2025-11-16T10:43:40","modified_gmt":"2025-11-16T07:43:40","slug":"nikon-silisyum-karbur-cirtli-deliksiz-disk-zimpara-115-mm-80-kum","status":"publish","type":"product","link":"https:\/\/www.makitamarket.com.tr\/site\/urun\/nikon-silisyum-karbur-cirtli-deliksiz-disk-zimpara-115-mm-80-kum\/","title":{"rendered":"Nikon N33705 S\u0130L\u0130SYUM KARB\u00dcR CIRTLI (DEL\u0130KS\u0130Z) D\u0130SK ZIMPARA 115 mm 80 KUM"},"content":{"rendered":"<p>\n\t<span style=\"color:#f00;\"><strong>Kullan\u0131m Alan\u0131: <\/strong><\/span>Mermer, Ta\u015f, Cam, Demir D\u0131\u015f\u0131 Metal ve Sert Ah\u015fap.<\/p>\n<table>\n<tr>\n<td>Kutu \u0130\u00e7i Adedi<\/td>\n<td>100<\/td>\n<\/tr>\n<tr>\n<td>Kum<\/td>\n<td>80<\/td>\n<\/tr>\n<tr>\n<td>\u00d6l\u00e7\u00fcs\u00fc<\/td>\n<td>115mm &#8211; Deliksiz<\/td>\n<\/tr>\n<\/table>\n","protected":false},"excerpt":{"rendered":"<p>\n\t<span style=\"color:#f00;\"><strong>Kullan\u0131m Alan\u0131: <\/strong><\/span>Mermer, Ta\u015f, Cam, Demir D\u0131\u015f\u0131 Metal ve Sert Ah\u015fap.<\/p>\n","protected":false},"featured_media":19133,"comment_status":"open","ping_status":"closed","template":"","meta":{"_acf_changed":false},"product_brand":[1518],"product_cat":[1272],"product_tag":[],"class_list":{"0":"post-19134","1":"product","2":"type-product","3":"status-publish","4":"has-post-thumbnail","6":"product_brand-nikon","7":"product_cat-cirtli-disk-zimparalar","9":"first","10":"outofstock","11":"taxable","12":"shipping-taxable","13":"purchasable","14":"product-type-simple","15":"add-to-wishlist-after_add_to_cart"},"acf":[],"_links":{"self":[{"href":"https:\/\/www.makitamarket.com.tr\/site\/wp-json\/wp\/v2\/product\/19134","targetHints":{"allow":["GET"]}}],"collection":[{"href":"https:\/\/www.makitamarket.com.tr\/site\/wp-json\/wp\/v2\/product"}],"about":[{"href":"https:\/\/www.makitamarket.com.tr\/site\/wp-json\/wp\/v2\/types\/product"}],"replies":[{"embeddable":true,"href":"https:\/\/www.makitamarket.com.tr\/site\/wp-json\/wp\/v2\/comments?post=19134"}],"wp:featuredmedia":[{"embeddable":true,"href":"https:\/\/www.makitamarket.com.tr\/site\/wp-json\/wp\/v2\/media\/19133"}],"wp:attachment":[{"href":"https:\/\/www.makitamarket.com.tr\/site\/wp-json\/wp\/v2\/media?parent=19134"}],"wp:term":[{"taxonomy":"product_brand","embeddable":true,"href":"https:\/\/www.makitamarket.com.tr\/site\/wp-json\/wp\/v2\/product_brand?post=19134"},{"taxonomy":"product_cat","embeddable":true,"href":"https:\/\/www.makitamarket.com.tr\/site\/wp-json\/wp\/v2\/product_cat?post=19134"},{"taxonomy":"product_tag","embeddable":true,"href":"https:\/\/www.makitamarket.com.tr\/site\/wp-json\/wp\/v2\/product_tag?post=19134"}],"curies":[{"name":"wp","href":"https:\/\/api.w.org\/{rel}","templated":true}]}}