{"id":19210,"date":"2024-11-28T20:20:02","date_gmt":"2024-11-28T17:20:02","guid":{"rendered":"https:\/\/www.makitamarket.com.tr\/site\/urun\/makita-cok-amacli-matkap-ucu-seti\/"},"modified":"2026-04-06T16:42:57","modified_gmt":"2026-04-06T13:42:57","slug":"makita-cok-amacli-matkap-ucu-seti","status":"publish","type":"product","link":"https:\/\/www.makitamarket.com.tr\/site\/urun\/makita-cok-amacli-matkap-ucu-seti\/","title":{"rendered":"Makita D-30477 \u00c7OK AMA\u00c7LI MATKAP UCU SET\u0130"},"content":{"rendered":"<p>\n\t\u00a0<\/p>\n<table border=\"1\" cellpadding=\"1\" cellspacing=\"1\" height=\"158\" width=\"588\">\n<tbody>\n<tr>\n<td colspan=\"3\" style=\"text-align: center; height: 20px;\">\n\t\t\t\t<strong>\u00c7ok Ama\u00e7l\u0131 Matkap Ucu Seti<br \/>\n\t\t\t\t<\/strong><\/td>\n<\/tr>\n<tr>\n<td style=\"width: 35px; text-align: center;\">\n\t\t\t\t<strong>\u00c7AP (mm)<\/strong><\/td>\n<td style=\"width: 35px; text-align: center;\">\n\t\t\t\t<strong>UZUNLUK (mm)<\/strong><\/td>\n<td style=\"width: 35px; text-align: center;\">\n\t\t\t\t<strong>\u00c7ALI\u015eMA UZUNLU\u011eU (mm)<\/strong><\/td>\n<\/tr>\n<tr>\n<td style=\"text-align: center;\">\n\t\t\t\t5<\/td>\n<td style=\"text-align: center;\">\n\t\t\t\t85<\/td>\n<td style=\"text-align: center;\">\n\t\t\t\t41<\/td>\n<\/tr>\n<tr>\n<td style=\"text-align: center;\">\n\t\t\t\t6<\/td>\n<td style=\"text-align: center;\">\n\t\t\t\t100<\/td>\n<td style=\"text-align: center;\">\n\t\t\t\t56<\/td>\n<\/tr>\n<tr>\n<td style=\"text-align: center;\">\n\t\t\t\t8<\/td>\n<td style=\"text-align: center;\">\n\t\t\t\t110<\/td>\n<td style=\"text-align: center;\">\n\t\t\t\t55<\/td>\n<\/tr>\n<tr>\n<td style=\"text-align: center;\">\n\t\t\t\t10<\/td>\n<td style=\"text-align: center;\">\n\t\t\t\t150<\/td>\n<td style=\"text-align: center;\">\n\t\t\t\t95<\/td>\n<\/tr>\n<tr>\n<td style=\"text-align: center;\">\n\t\t\t\t12<\/td>\n<td style=\"text-align: center;\">\n\t\t\t\t150<\/td>\n<td style=\"text-align: center;\">\n\t\t\t\t91<\/td>\n<\/tr>\n<\/tbody>\n<\/table>\n<p>\n\t\u00a0<\/p>\n<p>\n\tOmnibohrer u\u00e7lar, \u00e7ok ama\u00e7l\u0131 delim i\u015flerinde kullan\u0131l\u0131r.<\/p>\n<p>\n\tDarbesiz matkaplarda kullan\u0131ld\u0131\u011f\u0131nda, ah\u015fap, seramik, fayans, al\u00fcminyum malzeme delinir.<\/p>\n<p>\n\tDarbeli matkaplarda kullan\u0131ld\u0131\u011f\u0131nda, beton, ta\u015f, tu\u011fla malzeme delinir.<\/p>\n<table>\n<tr>\n<td>Set \u00d6l\u00e7\u00fcleri<\/td>\n<td>5 x 85 x 41<\/td>\n<\/tr>\n<tr>\n<td>Set \u00d6l\u00e7\u00fcleri<\/td>\n<td>6 x 100 x 56<\/td>\n<\/tr>\n<tr>\n<td>Set \u00d6l\u00e7\u00fcleri<\/td>\n<td>8 x 110 x 55<\/td>\n<\/tr>\n<tr>\n<td>Set \u00d6l\u00e7\u00fcleri<\/td>\n<td>10 x 150 x 95<\/td>\n<\/tr>\n<tr>\n<td>Set \u00d6l\u00e7\u00fcleri<\/td>\n<td>12 x 150 x 91<\/td>\n<\/tr>\n<\/table>\n","protected":false},"excerpt":{"rendered":"<p>\n\t\u00a0<\/p>\n<table border=\"1\" cellpadding=\"1\" cellspacing=\"1\" height=\"158\" width=\"588\">\n<tbody>\n<tr>\n<td colspan=\"3\" style=\"text-align: center; height: 20px;\">\n\t\t\t\t<strong>\u00c7ok Ama\u00e7l\u0131 Matkap Ucu Seti<br \/>\n\t\t\t\t<\/strong><\/td>\n<\/tr>\n<tr>\n<td style=\"width: 35px; text-align: center;\">\n\t\t\t\t<strong>\u00c7AP (mm)<\/strong><\/td>\n<td style=\"width: 35px; text-align: center;\">\n\t\t\t\t<strong>UZUNLUK (mm)<\/strong><\/td>\n<td style=\"width: 35px; text-align: center;\">\n\t\t\t\t<strong>\u00c7ALI\u015eMA UZUNLU\u011eU (mm)<\/strong><\/td>\n<\/tr>\n<tr>\n<td style=\"text-align: center;\">\n\t\t\t\t5<\/td>\n<td style=\"text-align: center;\">\n\t\t\t\t85<\/td>\n<td style=\"text-align: center;\">\n\t\t\t\t41<\/td>\n<\/tr>\n<tr>\n<td style=\"text-align: center;\">\n\t\t\t\t6<\/td>\n<td style=\"text-align: center;\">\n\t\t\t\t100<\/td>\n<td style=\"text-align: center;\">\n\t\t\t\t56<\/td>\n<\/tr>\n<tr>\n<td style=\"text-align: center;\">\n\t\t\t\t8<\/td>\n<td style=\"text-align: center;\">\n\t\t\t\t110<\/td>\n<td style=\"text-align: center;\">\n\t\t\t\t55<\/td>\n<\/tr>\n<tr>\n<td style=\"text-align: center;\">\n\t\t\t\t10<\/td>\n<td style=\"text-align: center;\">\n\t\t\t\t150<\/td>\n<td style=\"text-align: center;\">\n\t\t\t\t95<\/td>\n<\/tr>\n<tr>\n<td style=\"text-align: center;\">\n\t\t\t\t12<\/td>\n<td style=\"text-align: center;\">\n\t\t\t\t150<\/td>\n<td style=\"text-align: center;\">\n\t\t\t\t91<\/td>\n<\/tr>\n<\/tbody>\n<\/table>\n<p>\n\t\u00a0<\/p>\n<p>\n\tOmnibohrer u\u00e7lar, \u00e7ok ama\u00e7l\u0131 delim i\u015flerinde kullan\u0131l\u0131r.<\/p>\n<p>\n\tDarbesiz matkaplarda kullan\u0131ld\u0131\u011f\u0131nda, ah\u015fap, seramik, fayans, al\u00fcminyum malzeme delinir.<\/p>\n<p>\n\tDarbeli matkaplarda kullan\u0131ld\u0131\u011f\u0131nda, beton, ta\u015f, tu\u011fla malzeme delinir.<\/p>\n","protected":false},"featured_media":19209,"comment_status":"open","ping_status":"closed","template":"","meta":{"_acf_changed":false},"product_brand":[1485],"product_cat":[1096],"product_tag":[],"class_list":{"0":"post-19210","1":"product","2":"type-product","3":"status-publish","4":"has-post-thumbnail","6":"product_brand-makita","7":"product_cat-ahsap-matkap-uclari","9":"first","10":"instock","11":"taxable","12":"shipping-taxable","13":"purchasable","14":"product-type-simple","15":"add-to-wishlist-after_add_to_cart"},"acf":[],"_links":{"self":[{"href":"https:\/\/www.makitamarket.com.tr\/site\/wp-json\/wp\/v2\/product\/19210","targetHints":{"allow":["GET"]}}],"collection":[{"href":"https:\/\/www.makitamarket.com.tr\/site\/wp-json\/wp\/v2\/product"}],"about":[{"href":"https:\/\/www.makitamarket.com.tr\/site\/wp-json\/wp\/v2\/types\/product"}],"replies":[{"embeddable":true,"href":"https:\/\/www.makitamarket.com.tr\/site\/wp-json\/wp\/v2\/comments?post=19210"}],"wp:featuredmedia":[{"embeddable":true,"href":"https:\/\/www.makitamarket.com.tr\/site\/wp-json\/wp\/v2\/media\/19209"}],"wp:attachment":[{"href":"https:\/\/www.makitamarket.com.tr\/site\/wp-json\/wp\/v2\/media?parent=19210"}],"wp:term":[{"taxonomy":"product_brand","embeddable":true,"href":"https:\/\/www.makitamarket.com.tr\/site\/wp-json\/wp\/v2\/product_brand?post=19210"},{"taxonomy":"product_cat","embeddable":true,"href":"https:\/\/www.makitamarket.com.tr\/site\/wp-json\/wp\/v2\/product_cat?post=19210"},{"taxonomy":"product_tag","embeddable":true,"href":"https:\/\/www.makitamarket.com.tr\/site\/wp-json\/wp\/v2\/product_tag?post=19210"}],"curies":[{"name":"wp","href":"https:\/\/api.w.org\/{rel}","templated":true}]}}