{"id":19212,"date":"2024-11-28T20:20:02","date_gmt":"2024-11-28T17:20:02","guid":{"rendered":"https:\/\/www.makitamarket.com.tr\/site\/urun\/bea-90-serisi-zimba-teli-40-mm\/"},"modified":"2026-03-30T10:20:24","modified_gmt":"2026-03-30T07:20:24","slug":"bea-90-serisi-zimba-teli-40-mm","status":"publish","type":"product","link":"https:\/\/www.makitamarket.com.tr\/site\/urun\/bea-90-serisi-zimba-teli-40-mm\/","title":{"rendered":"Bea 90\/40 90 SER\u0130S\u0130 ZIMBA TEL\u0130 40 mm"},"content":{"rendered":"<p>\n\t<span style=\"color:#f00;\"><strong>Not:<\/strong><\/span> <span style=\"color:#f00;\">Tel ve \u00e7ivi fiyatlar\u0131 1000 adet fiyatlar\u0131d\u0131r.<\/span><\/p>\n<table>\n<tr>\n<td>Uzunluk<\/td>\n<td>40 mm<\/td>\n<\/tr>\n<tr>\n<td>Paket Adet<\/td>\n<td>2.000<\/td>\n<\/tr>\n<tr>\n<td>Koli Adet<\/td>\n<td>20.000<\/td>\n<\/tr>\n<\/table>\n","protected":false},"excerpt":{"rendered":"<p>\n\t<span style=\"color:#f00;\"><strong>Not:<\/strong><\/span> <span style=\"color:#f00;\">Tel ve \u00e7ivi fiyatlar\u0131 1000 adet fiyatlar\u0131d\u0131r.<\/span><\/p>\n","protected":false},"featured_media":19211,"comment_status":"open","ping_status":"closed","template":"","meta":{"_acf_changed":false},"product_brand":[1508],"product_cat":[1565],"product_tag":[],"class_list":{"0":"post-19212","1":"product","2":"type-product","3":"status-publish","4":"has-post-thumbnail","6":"product_brand-bea","7":"product_cat-yok-yok","9":"first","10":"instock","11":"taxable","12":"shipping-taxable","13":"purchasable","14":"product-type-simple","15":"add-to-wishlist-after_add_to_cart"},"acf":[],"_links":{"self":[{"href":"https:\/\/www.makitamarket.com.tr\/site\/wp-json\/wp\/v2\/product\/19212","targetHints":{"allow":["GET"]}}],"collection":[{"href":"https:\/\/www.makitamarket.com.tr\/site\/wp-json\/wp\/v2\/product"}],"about":[{"href":"https:\/\/www.makitamarket.com.tr\/site\/wp-json\/wp\/v2\/types\/product"}],"replies":[{"embeddable":true,"href":"https:\/\/www.makitamarket.com.tr\/site\/wp-json\/wp\/v2\/comments?post=19212"}],"wp:featuredmedia":[{"embeddable":true,"href":"https:\/\/www.makitamarket.com.tr\/site\/wp-json\/wp\/v2\/media\/19211"}],"wp:attachment":[{"href":"https:\/\/www.makitamarket.com.tr\/site\/wp-json\/wp\/v2\/media?parent=19212"}],"wp:term":[{"taxonomy":"product_brand","embeddable":true,"href":"https:\/\/www.makitamarket.com.tr\/site\/wp-json\/wp\/v2\/product_brand?post=19212"},{"taxonomy":"product_cat","embeddable":true,"href":"https:\/\/www.makitamarket.com.tr\/site\/wp-json\/wp\/v2\/product_cat?post=19212"},{"taxonomy":"product_tag","embeddable":true,"href":"https:\/\/www.makitamarket.com.tr\/site\/wp-json\/wp\/v2\/product_tag?post=19212"}],"curies":[{"name":"wp","href":"https:\/\/api.w.org\/{rel}","templated":true}]}}