{"id":19219,"date":"2024-11-28T20:20:04","date_gmt":"2024-11-28T17:20:04","guid":{"rendered":"https:\/\/www.makitamarket.com.tr\/site\/urun\/mastech-analog-multimetre\/"},"modified":"2025-11-16T10:46:11","modified_gmt":"2025-11-16T07:46:11","slug":"mastech-analog-multimetre","status":"publish","type":"product","link":"https:\/\/www.makitamarket.com.tr\/site\/urun\/mastech-analog-multimetre\/","title":{"rendered":"Mastech 360TRNA ANALOG MULT\u0130METRE"},"content":{"rendered":"<table>\n<tr>\n<td>Dc Voltaj<\/td>\n<td>100m-500m-2,5-10-50-250-1000V+-%3<\/td>\n<\/tr>\n<tr>\n<td>AC Voltaj<\/td>\n<td>10-50-250-500-1000V+-%4<\/td>\n<\/tr>\n<tr>\n<td>DC Ak\u0131m<\/td>\n<td>50\u00b5-2.5m-25m-250mA\u00b1 %3<\/td>\n<\/tr>\n<tr>\n<td>OHM<\/td>\n<td>x1-x10-x100-x1k-x10k\u2126 \u00b1 %3<\/td>\n<\/tr>\n<tr>\n<td>Transist\u00f6r<\/td>\n<td>hfe 0-1000 \u00b1 %3<\/td>\n<\/tr>\n<tr>\n<td>dB<\/td>\n<td>-10~+22dB<\/td>\n<\/tr>\n<tr>\n<td>Boyutlar<\/td>\n<td>100x150x36mm<\/td>\n<\/tr>\n<tr>\n<td>A\u011f\u0131rl\u0131k<\/td>\n<td>280 g<\/td>\n<\/tr>\n<tr>\n<td>Batarya<\/td>\n<td>1,5V x 2 AA<\/td>\n<\/tr>\n<\/table>\n","protected":false},"excerpt":{"rendered":"<p>Dc Voltaj 100m-500m-2,5-10-50-250-1000V+-%3 AC Voltaj 10-50-250-500-1000V+-%4 DC Ak\u0131m 50\u00b5-2.5m-25m-250mA\u00b1 %3 OHM x1-x10-x100-x1k-x10k\u2126 \u00b1 %3 Transist\u00f6r hfe 0-1000 \u00b1 %3 dB -10~+22dB Boyutlar 100x150x36mm A\u011f\u0131rl\u0131k 280 g Batarya 1,5V x 2<\/p>\n","protected":false},"featured_media":19218,"comment_status":"open","ping_status":"closed","template":"","meta":{"_acf_changed":false},"product_brand":[1526],"product_cat":[1565],"product_tag":[],"class_list":{"0":"post-19219","1":"product","2":"type-product","3":"status-publish","4":"has-post-thumbnail","6":"product_brand-mastech","7":"product_cat-yok-yok","9":"first","10":"outofstock","11":"taxable","12":"shipping-taxable","13":"purchasable","14":"product-type-simple","15":"add-to-wishlist-after_add_to_cart"},"acf":[],"_links":{"self":[{"href":"https:\/\/www.makitamarket.com.tr\/site\/wp-json\/wp\/v2\/product\/19219","targetHints":{"allow":["GET"]}}],"collection":[{"href":"https:\/\/www.makitamarket.com.tr\/site\/wp-json\/wp\/v2\/product"}],"about":[{"href":"https:\/\/www.makitamarket.com.tr\/site\/wp-json\/wp\/v2\/types\/product"}],"replies":[{"embeddable":true,"href":"https:\/\/www.makitamarket.com.tr\/site\/wp-json\/wp\/v2\/comments?post=19219"}],"wp:featuredmedia":[{"embeddable":true,"href":"https:\/\/www.makitamarket.com.tr\/site\/wp-json\/wp\/v2\/media\/19218"}],"wp:attachment":[{"href":"https:\/\/www.makitamarket.com.tr\/site\/wp-json\/wp\/v2\/media?parent=19219"}],"wp:term":[{"taxonomy":"product_brand","embeddable":true,"href":"https:\/\/www.makitamarket.com.tr\/site\/wp-json\/wp\/v2\/product_brand?post=19219"},{"taxonomy":"product_cat","embeddable":true,"href":"https:\/\/www.makitamarket.com.tr\/site\/wp-json\/wp\/v2\/product_cat?post=19219"},{"taxonomy":"product_tag","embeddable":true,"href":"https:\/\/www.makitamarket.com.tr\/site\/wp-json\/wp\/v2\/product_tag?post=19219"}],"curies":[{"name":"wp","href":"https:\/\/api.w.org\/{rel}","templated":true}]}}