{"id":19226,"date":"2024-11-28T20:20:12","date_gmt":"2024-11-28T17:20:12","guid":{"rendered":"https:\/\/www.makitamarket.com.tr\/site\/urun\/knipex-vde-duz-uclu-tornavida-202-mm\/"},"modified":"2026-03-30T10:26:29","modified_gmt":"2026-03-30T07:26:29","slug":"knipex-vde-duz-uclu-tornavida-202-mm","status":"publish","type":"product","link":"https:\/\/www.makitamarket.com.tr\/site\/urun\/knipex-vde-duz-uclu-tornavida-202-mm\/","title":{"rendered":"Knipex 982030 VDE D\u00dcZ U\u00c7LU TORNAV\u0130DA 202 mm"},"content":{"rendered":"<p><b>98 20 30 D\u00fcz U\u00e7lu Tornavida<\/b><br \/>Kuvvetin yorulmadan ve ele zarar vermeden aktar\u0131lmas\u0131 i\u00e7in 2 komponentli ergonomik sap. Elde kaymay\u0131 engelleyici sap yaps\u0131. <\/p>\n<li><b>S\u00fcng\u00fc Uzunlu\u011fu: <\/b>100 mm<\/li>\n<li><b>\u0130zolesiz s\u00fcng\u00fc uzunlu\u011fu: <\/b>15 mm<\/li>\n<li><b>Sap uzunlu\u011fu: <\/b>102 mm<\/li>\n<li><b>U\u00e7 geni\u015fli\u011fi: <\/b>3,0 mm<\/li>\n<li><b>U\u00e7 kal\u0131nl\u0131\u011f\u0131: <\/b>0,5 mm<\/li>\n<li><b>VDE onayl\u0131: <\/b>evet \u00a0<\/li>\n<table>\n<tr>\n<td>Uzunluk<\/td>\n<td>202<\/td>\n<\/tr>\n<tr>\n<td>U\u00e7 Geni\u015fli\u011fi<\/td>\n<td>3 mm<\/td>\n<\/tr>\n<tr>\n<td>U\u00e7 uzunlu\u011fu<\/td>\n<td>100 mm<\/td>\n<\/tr>\n<tr>\n<td>Sap Uzunlu\u011fu<\/td>\n<td>102 mm<\/td>\n<\/tr>\n<tr>\n<td>A\u011f\u0131rl\u0131k<\/td>\n<td>35 gr<\/td>\n<\/tr>\n<\/table>\n","protected":false},"excerpt":{"rendered":"<p><b>98 20 30 D\u00fcz U\u00e7lu Tornavida<\/b><br \/>Kuvvetin yorulmadan ve ele zarar vermeden aktar\u0131lmas\u0131 i\u00e7in 2 komponentli ergonomik sap. Elde kaymay\u0131 engelleyici sap yaps\u0131. <\/p>\n<li><b>S\u00fcng\u00fc Uzunlu\u011fu: <\/b>100 mm<\/li>\n<li><b>\u0130zolesiz s\u00fcng\u00fc uzunlu\u011fu: <\/b>15 mm<\/li>\n<li><b>Sap uzunlu\u011fu: <\/b>102 mm<\/li>\n<li><b>U\u00e7 geni\u015fli\u011fi: <\/b>3,0 mm<\/li>\n<li><b>U\u00e7 kal\u0131nl\u0131\u011f\u0131: <\/b>0,5 mm<\/li>\n<li><b>VDE onayl\u0131: <\/b>evet \u00a0<\/li>\n","protected":false},"featured_media":19535,"comment_status":"open","ping_status":"closed","template":"","meta":{"_acf_changed":false},"product_brand":[1486],"product_cat":[794],"product_tag":[],"class_list":{"0":"post-19226","1":"product","2":"type-product","3":"status-publish","4":"has-post-thumbnail","6":"product_brand-knipex","7":"product_cat-izoleli-tornavidalar","9":"first","10":"instock","11":"taxable","12":"shipping-taxable","13":"purchasable","14":"product-type-simple","15":"add-to-wishlist-after_add_to_cart"},"acf":[],"_links":{"self":[{"href":"https:\/\/www.makitamarket.com.tr\/site\/wp-json\/wp\/v2\/product\/19226","targetHints":{"allow":["GET"]}}],"collection":[{"href":"https:\/\/www.makitamarket.com.tr\/site\/wp-json\/wp\/v2\/product"}],"about":[{"href":"https:\/\/www.makitamarket.com.tr\/site\/wp-json\/wp\/v2\/types\/product"}],"replies":[{"embeddable":true,"href":"https:\/\/www.makitamarket.com.tr\/site\/wp-json\/wp\/v2\/comments?post=19226"}],"wp:featuredmedia":[{"embeddable":true,"href":"https:\/\/www.makitamarket.com.tr\/site\/wp-json\/wp\/v2\/media\/19535"}],"wp:attachment":[{"href":"https:\/\/www.makitamarket.com.tr\/site\/wp-json\/wp\/v2\/media?parent=19226"}],"wp:term":[{"taxonomy":"product_brand","embeddable":true,"href":"https:\/\/www.makitamarket.com.tr\/site\/wp-json\/wp\/v2\/product_brand?post=19226"},{"taxonomy":"product_cat","embeddable":true,"href":"https:\/\/www.makitamarket.com.tr\/site\/wp-json\/wp\/v2\/product_cat?post=19226"},{"taxonomy":"product_tag","embeddable":true,"href":"https:\/\/www.makitamarket.com.tr\/site\/wp-json\/wp\/v2\/product_tag?post=19226"}],"curies":[{"name":"wp","href":"https:\/\/api.w.org\/{rel}","templated":true}]}}