{"id":19246,"date":"2024-11-28T20:20:18","date_gmt":"2024-11-28T17:20:18","guid":{"rendered":"https:\/\/www.makitamarket.com.tr\/site\/urun\/uni-t-temassiz-ac-voltaj-dedektoru\/"},"modified":"2026-04-06T16:44:03","modified_gmt":"2026-04-06T13:44:03","slug":"uni-t-temassiz-ac-voltaj-dedektoru","status":"publish","type":"product","link":"https:\/\/www.makitamarket.com.tr\/site\/urun\/uni-t-temassiz-ac-voltaj-dedektoru\/","title":{"rendered":"Uni-t UT12D TEMASSIZ AC VOLTAJ DEDEKT\u00d6R\u00dc"},"content":{"rendered":"<table>\n<tr>\n<td>AC Voltaj\u0131 (D\u00fc\u015f\u00fck)<\/td>\n<td>24V ~ 1000V<\/td>\n<\/tr>\n<tr>\n<td>AC Voltaj\u0131 (Y\u00fcksek)<\/td>\n<td>90V ~ 1000V<\/td>\n<\/tr>\n<tr>\n<td>Frekans aral\u0131\u011f\u0131<\/td>\n<td>50 \/ 60Hz<\/td>\n<\/tr>\n<tr>\n<td>El Feneri \u00d6zelli\u011fi<\/td>\n<td>Var<\/td>\n<\/tr>\n<tr>\n<td>Sesli ve LED G\u00f6stergesi<\/td>\n<td>Var<\/td>\n<\/tr>\n<tr>\n<td>Buzzer<\/td>\n<td>Var<\/td>\n<\/tr>\n<tr>\n<td>Led G\u00f6stergesi<\/td>\n<td>Var<\/td>\n<\/tr>\n<tr>\n<td>D\u00fc\u015f\u00fck Voltaj G\u00f6stergesi<\/td>\n<td>Ses<\/td>\n<\/tr>\n<tr>\n<td>D\u00fc\u015fme Testi<\/td>\n<td>1m<\/td>\n<\/tr>\n<tr>\n<td>Pil<\/td>\n<td>1,5 V (R03) x 2<\/td>\n<\/tr>\n<tr>\n<td>\u00dcr\u00fcn Rengi<\/td>\n<td>K\u0131rm\u0131z\u0131 ve Gri<\/td>\n<\/tr>\n<tr>\n<td>\u00dcr\u00fcn Net A\u011f\u0131rl\u0131\u011f\u0131<\/td>\n<td>50 gr<\/td>\n<\/tr>\n<tr>\n<td>\u00dcr\u00fcn Boyutu<\/td>\n<td>150 x 18 x 23 mm<\/td>\n<\/tr>\n<tr>\n<td>Standart Aksesuarlar<\/td>\n<td>Piller<\/td>\n<\/tr>\n<\/table>\n","protected":false},"excerpt":{"rendered":"<p>AC Voltaj\u0131 (D\u00fc\u015f\u00fck) 24V ~ 1000V AC Voltaj\u0131 (Y\u00fcksek) 90V ~ 1000V Frekans aral\u0131\u011f\u0131 50 \/ 60Hz El Feneri \u00d6zelli\u011fi Var Sesli ve LED G\u00f6stergesi Var Buzzer Var Led G\u00f6stergesi<\/p>\n","protected":false},"featured_media":19245,"comment_status":"open","ping_status":"closed","template":"","meta":{"_acf_changed":false},"product_brand":[1531],"product_cat":[1309],"product_tag":[],"class_list":{"0":"post-19246","1":"product","2":"type-product","3":"status-publish","4":"has-post-thumbnail","6":"product_brand-uni-t","7":"product_cat-voltaj-test-kalemleri","9":"first","10":"instock","11":"taxable","12":"shipping-taxable","13":"purchasable","14":"product-type-simple","15":"add-to-wishlist-after_add_to_cart"},"acf":[],"_links":{"self":[{"href":"https:\/\/www.makitamarket.com.tr\/site\/wp-json\/wp\/v2\/product\/19246","targetHints":{"allow":["GET"]}}],"collection":[{"href":"https:\/\/www.makitamarket.com.tr\/site\/wp-json\/wp\/v2\/product"}],"about":[{"href":"https:\/\/www.makitamarket.com.tr\/site\/wp-json\/wp\/v2\/types\/product"}],"replies":[{"embeddable":true,"href":"https:\/\/www.makitamarket.com.tr\/site\/wp-json\/wp\/v2\/comments?post=19246"}],"wp:featuredmedia":[{"embeddable":true,"href":"https:\/\/www.makitamarket.com.tr\/site\/wp-json\/wp\/v2\/media\/19245"}],"wp:attachment":[{"href":"https:\/\/www.makitamarket.com.tr\/site\/wp-json\/wp\/v2\/media?parent=19246"}],"wp:term":[{"taxonomy":"product_brand","embeddable":true,"href":"https:\/\/www.makitamarket.com.tr\/site\/wp-json\/wp\/v2\/product_brand?post=19246"},{"taxonomy":"product_cat","embeddable":true,"href":"https:\/\/www.makitamarket.com.tr\/site\/wp-json\/wp\/v2\/product_cat?post=19246"},{"taxonomy":"product_tag","embeddable":true,"href":"https:\/\/www.makitamarket.com.tr\/site\/wp-json\/wp\/v2\/product_tag?post=19246"}],"curies":[{"name":"wp","href":"https:\/\/api.w.org\/{rel}","templated":true}]}}