{"id":19270,"date":"2024-11-28T20:20:25","date_gmt":"2024-11-28T17:20:25","guid":{"rendered":"https:\/\/www.makitamarket.com.tr\/site\/urun\/makita-cilalama-ve-parlatma-sungeri-pimli-40x125-mm\/"},"modified":"2026-04-06T16:44:53","modified_gmt":"2026-04-06T13:44:53","slug":"makita-cilalama-ve-parlatma-sungeri-pimli-40x125-mm","status":"publish","type":"product","link":"https:\/\/www.makitamarket.com.tr\/site\/urun\/makita-cilalama-ve-parlatma-sungeri-pimli-40x125-mm\/","title":{"rendered":"Makita 794159-0 C\u0130LALAMA VE PARLATMA S\u00dcNGER\u0130 &#8211; P\u0130ML\u0130 40&#215;125 mm"},"content":{"rendered":"<p>\n\tCilalama ve parlatma s\u00fcngeri, pimli.<\/p>\n<table>\n<tr>\n<td>\u00d6l\u00e7\u00fcler<\/td>\n<td>40&#215;125<\/td>\n<\/tr>\n<\/table>\n","protected":false},"excerpt":{"rendered":"<p>\n\tCilalama ve parlatma s\u00fcngeri, pimli.<\/p>\n","protected":false},"featured_media":19269,"comment_status":"open","ping_status":"closed","template":"","meta":{"_acf_changed":false},"product_brand":[1485],"product_cat":[1319],"product_tag":[],"class_list":{"0":"post-19270","1":"product","2":"type-product","3":"status-publish","4":"has-post-thumbnail","6":"product_brand-makita","7":"product_cat-sungerler","9":"first","10":"instock","11":"taxable","12":"shipping-taxable","13":"purchasable","14":"product-type-simple","15":"add-to-wishlist-after_add_to_cart"},"acf":[],"_links":{"self":[{"href":"https:\/\/www.makitamarket.com.tr\/site\/wp-json\/wp\/v2\/product\/19270","targetHints":{"allow":["GET"]}}],"collection":[{"href":"https:\/\/www.makitamarket.com.tr\/site\/wp-json\/wp\/v2\/product"}],"about":[{"href":"https:\/\/www.makitamarket.com.tr\/site\/wp-json\/wp\/v2\/types\/product"}],"replies":[{"embeddable":true,"href":"https:\/\/www.makitamarket.com.tr\/site\/wp-json\/wp\/v2\/comments?post=19270"}],"wp:featuredmedia":[{"embeddable":true,"href":"https:\/\/www.makitamarket.com.tr\/site\/wp-json\/wp\/v2\/media\/19269"}],"wp:attachment":[{"href":"https:\/\/www.makitamarket.com.tr\/site\/wp-json\/wp\/v2\/media?parent=19270"}],"wp:term":[{"taxonomy":"product_brand","embeddable":true,"href":"https:\/\/www.makitamarket.com.tr\/site\/wp-json\/wp\/v2\/product_brand?post=19270"},{"taxonomy":"product_cat","embeddable":true,"href":"https:\/\/www.makitamarket.com.tr\/site\/wp-json\/wp\/v2\/product_cat?post=19270"},{"taxonomy":"product_tag","embeddable":true,"href":"https:\/\/www.makitamarket.com.tr\/site\/wp-json\/wp\/v2\/product_tag?post=19270"}],"curies":[{"name":"wp","href":"https:\/\/api.w.org\/{rel}","templated":true}]}}