{"id":19316,"date":"2024-11-28T20:20:42","date_gmt":"2024-11-28T17:20:42","guid":{"rendered":"https:\/\/www.makitamarket.com.tr\/site\/urun\/makita-havsa-acma-ucu-8-3x50-mm\/"},"modified":"2026-04-06T16:45:51","modified_gmt":"2026-04-06T13:45:51","slug":"makita-havsa-acma-ucu-8-3x50-mm","status":"publish","type":"product","link":"https:\/\/www.makitamarket.com.tr\/site\/urun\/makita-havsa-acma-ucu-8-3x50-mm\/","title":{"rendered":"Makita D-37443 HAV\u015eA A\u00c7MA UCU 8.3&#215;50 mm"},"content":{"rendered":"<table>\n<tr>\n<td>Uygulama<\/td>\n<td>M4<\/td>\n<\/tr>\n<tr>\n<td>A\u00e7\u0131 &#8211; Kenar<\/td>\n<td>90\u00b0 &#8211; 3 adet<\/td>\n<\/tr>\n<tr>\n<td>\u00c7ap<\/td>\n<td>8.3<\/td>\n<\/tr>\n<tr>\n<td>Uzunluk<\/td>\n<td>50<\/td>\n<\/tr>\n<tr>\n<td>A\u00e7\u0131-Kenar<\/td>\n<td>90\u00b0 -3 adet<\/td>\n<\/tr>\n<tr>\n<td>\u00c7ap-Uzunluk<\/td>\n<td>8.3 x 50 mm<\/td>\n<\/tr>\n<\/table>\n","protected":false},"excerpt":{"rendered":"<p>Uygulama M4 A\u00e7\u0131 &#8211; Kenar 90\u00b0 &#8211; 3 adet \u00c7ap 8.3 Uzunluk 50 A\u00e7\u0131-Kenar 90\u00b0 -3 adet \u00c7ap-Uzunluk 8.3 x 50 mm<\/p>\n","protected":false},"featured_media":0,"comment_status":"open","ping_status":"closed","template":"","meta":{"_acf_changed":false},"product_brand":[1485],"product_cat":[1064],"product_tag":[],"class_list":{"0":"post-19316","1":"product","2":"type-product","3":"status-publish","5":"product_brand-makita","6":"product_cat-metal-delme-uclari","8":"first","9":"instock","10":"taxable","11":"shipping-taxable","12":"purchasable","13":"product-type-simple","14":"add-to-wishlist-after_add_to_cart"},"acf":[],"_links":{"self":[{"href":"https:\/\/www.makitamarket.com.tr\/site\/wp-json\/wp\/v2\/product\/19316","targetHints":{"allow":["GET"]}}],"collection":[{"href":"https:\/\/www.makitamarket.com.tr\/site\/wp-json\/wp\/v2\/product"}],"about":[{"href":"https:\/\/www.makitamarket.com.tr\/site\/wp-json\/wp\/v2\/types\/product"}],"replies":[{"embeddable":true,"href":"https:\/\/www.makitamarket.com.tr\/site\/wp-json\/wp\/v2\/comments?post=19316"}],"wp:attachment":[{"href":"https:\/\/www.makitamarket.com.tr\/site\/wp-json\/wp\/v2\/media?parent=19316"}],"wp:term":[{"taxonomy":"product_brand","embeddable":true,"href":"https:\/\/www.makitamarket.com.tr\/site\/wp-json\/wp\/v2\/product_brand?post=19316"},{"taxonomy":"product_cat","embeddable":true,"href":"https:\/\/www.makitamarket.com.tr\/site\/wp-json\/wp\/v2\/product_cat?post=19316"},{"taxonomy":"product_tag","embeddable":true,"href":"https:\/\/www.makitamarket.com.tr\/site\/wp-json\/wp\/v2\/product_tag?post=19316"}],"curies":[{"name":"wp","href":"https:\/\/api.w.org\/{rel}","templated":true}]}}