{"id":19345,"date":"2024-11-28T20:20:51","date_gmt":"2024-11-28T17:20:51","guid":{"rendered":"https:\/\/www.makitamarket.com.tr\/site\/urun\/weller-lehim-seti\/"},"modified":"2025-11-16T10:48:51","modified_gmt":"2025-11-16T07:48:51","slug":"weller-lehim-seti","status":"publish","type":"product","link":"https:\/\/www.makitamarket.com.tr\/site\/urun\/weller-lehim-seti\/","title":{"rendered":"Weller WLS 20-65 LEH\u0130M SET\u0130"},"content":{"rendered":"<p>\n\tLehim seti, 1.5mm, 20gr lehim + salmiak ta\u015f\u0131 + lehim \u00e7\u00f6z\u00fcc\u00fc, lehim ya\u011f\u0131\u00a0<\/p>\n<table><\/table>\n","protected":false},"excerpt":{"rendered":"<p>\n\tLehim seti, 1.5mm, 20gr lehim + salmiak ta\u015f\u0131 + lehim \u00e7\u00f6z\u00fcc\u00fc, lehim ya\u011f\u0131\u00a0<\/p>\n","protected":false},"featured_media":19344,"comment_status":"open","ping_status":"closed","template":"","meta":{"_acf_changed":false},"product_brand":[1530],"product_cat":[1428],"product_tag":[],"class_list":{"0":"post-19345","1":"product","2":"type-product","3":"status-publish","4":"has-post-thumbnail","6":"product_brand-weller","7":"product_cat-lehim-setleri-ve-yaglari","9":"first","10":"outofstock","11":"taxable","12":"shipping-taxable","13":"purchasable","14":"product-type-simple","15":"add-to-wishlist-after_add_to_cart"},"acf":[],"_links":{"self":[{"href":"https:\/\/www.makitamarket.com.tr\/site\/wp-json\/wp\/v2\/product\/19345","targetHints":{"allow":["GET"]}}],"collection":[{"href":"https:\/\/www.makitamarket.com.tr\/site\/wp-json\/wp\/v2\/product"}],"about":[{"href":"https:\/\/www.makitamarket.com.tr\/site\/wp-json\/wp\/v2\/types\/product"}],"replies":[{"embeddable":true,"href":"https:\/\/www.makitamarket.com.tr\/site\/wp-json\/wp\/v2\/comments?post=19345"}],"wp:featuredmedia":[{"embeddable":true,"href":"https:\/\/www.makitamarket.com.tr\/site\/wp-json\/wp\/v2\/media\/19344"}],"wp:attachment":[{"href":"https:\/\/www.makitamarket.com.tr\/site\/wp-json\/wp\/v2\/media?parent=19345"}],"wp:term":[{"taxonomy":"product_brand","embeddable":true,"href":"https:\/\/www.makitamarket.com.tr\/site\/wp-json\/wp\/v2\/product_brand?post=19345"},{"taxonomy":"product_cat","embeddable":true,"href":"https:\/\/www.makitamarket.com.tr\/site\/wp-json\/wp\/v2\/product_cat?post=19345"},{"taxonomy":"product_tag","embeddable":true,"href":"https:\/\/www.makitamarket.com.tr\/site\/wp-json\/wp\/v2\/product_tag?post=19345"}],"curies":[{"name":"wp","href":"https:\/\/api.w.org\/{rel}","templated":true}]}}