{"id":19351,"date":"2024-11-28T20:20:53","date_gmt":"2024-11-28T17:20:53","guid":{"rendered":"https:\/\/www.makitamarket.com.tr\/site\/urun\/weller-weller-aksesuar-el-60-40-100-kendinden-pastali-lehim-teli\/"},"modified":"2025-11-16T10:48:51","modified_gmt":"2025-11-16T07:48:51","slug":"weller-weller-aksesuar-el-60-40-100-kendinden-pastali-lehim-teli","status":"publish","type":"product","link":"https:\/\/www.makitamarket.com.tr\/site\/urun\/weller-weller-aksesuar-el-60-40-100-kendinden-pastali-lehim-teli\/","title":{"rendered":"Weller EL60\/40-100 WELLER AKSESUAR EL 60\/40 &#8211; 100 KEND\u0130NDEN PASTALI LEH\u0130M TEL\u0130"},"content":{"rendered":"<p>\n\tElektronik\u00e7i pastal\u0131 lehim teli 1.0mm, 100gr<\/p>\n<table><\/table>\n","protected":false},"excerpt":{"rendered":"<p>\n\tElektronik\u00e7i pastal\u0131 lehim teli 1.0mm, 100gr<\/p>\n","protected":false},"featured_media":19350,"comment_status":"open","ping_status":"closed","template":"","meta":{"_acf_changed":false},"product_brand":[1530],"product_cat":[1390],"product_tag":[],"class_list":{"0":"post-19351","1":"product","2":"type-product","3":"status-publish","4":"has-post-thumbnail","6":"product_brand-weller","7":"product_cat-lehim-telleri","9":"first","10":"outofstock","11":"taxable","12":"shipping-taxable","13":"purchasable","14":"product-type-simple","15":"add-to-wishlist-after_add_to_cart"},"acf":[],"_links":{"self":[{"href":"https:\/\/www.makitamarket.com.tr\/site\/wp-json\/wp\/v2\/product\/19351","targetHints":{"allow":["GET"]}}],"collection":[{"href":"https:\/\/www.makitamarket.com.tr\/site\/wp-json\/wp\/v2\/product"}],"about":[{"href":"https:\/\/www.makitamarket.com.tr\/site\/wp-json\/wp\/v2\/types\/product"}],"replies":[{"embeddable":true,"href":"https:\/\/www.makitamarket.com.tr\/site\/wp-json\/wp\/v2\/comments?post=19351"}],"wp:featuredmedia":[{"embeddable":true,"href":"https:\/\/www.makitamarket.com.tr\/site\/wp-json\/wp\/v2\/media\/19350"}],"wp:attachment":[{"href":"https:\/\/www.makitamarket.com.tr\/site\/wp-json\/wp\/v2\/media?parent=19351"}],"wp:term":[{"taxonomy":"product_brand","embeddable":true,"href":"https:\/\/www.makitamarket.com.tr\/site\/wp-json\/wp\/v2\/product_brand?post=19351"},{"taxonomy":"product_cat","embeddable":true,"href":"https:\/\/www.makitamarket.com.tr\/site\/wp-json\/wp\/v2\/product_cat?post=19351"},{"taxonomy":"product_tag","embeddable":true,"href":"https:\/\/www.makitamarket.com.tr\/site\/wp-json\/wp\/v2\/product_tag?post=19351"}],"curies":[{"name":"wp","href":"https:\/\/api.w.org\/{rel}","templated":true}]}}