{"id":19358,"date":"2024-11-28T20:20:55","date_gmt":"2024-11-28T17:20:55","guid":{"rendered":"https:\/\/www.makitamarket.com.tr\/site\/urun\/fastbond-silikon-tabancasi\/"},"modified":"2026-04-06T17:26:11","modified_gmt":"2026-04-06T14:26:11","slug":"fastbond-silikon-tabancasi","status":"publish","type":"product","link":"https:\/\/www.makitamarket.com.tr\/site\/urun\/fastbond-silikon-tabancasi\/","title":{"rendered":"Fastbond FA10250 S\u0130L\u0130KON TABANCASI"},"content":{"rendered":"<table>\n<tr>\n<td>G\u00fc\u00e7<\/td>\n<td>10 Watt<\/td>\n<\/tr>\n<tr>\n<td>Mum Kal\u0131nl\u0131\u011f\u0131<\/td>\n<td>7.3 mm<\/td>\n<\/tr>\n<tr>\n<td>Maks. Eritme Is\u0131s\u0131<\/td>\n<td>165\u00b0C<\/td>\n<\/tr>\n<tr>\n<td>Koli \u0130\u00e7i Adedi<\/td>\n<td>48<\/td>\n<\/tr>\n<\/table>\n","protected":false},"excerpt":{"rendered":"<p>G\u00fc\u00e7 10 Watt Mum Kal\u0131nl\u0131\u011f\u0131 7.3 mm Maks. Eritme Is\u0131s\u0131 165\u00b0C Koli \u0130\u00e7i Adedi 48<\/p>\n","protected":false},"featured_media":20827,"comment_status":"open","ping_status":"closed","template":"","meta":{"_acf_changed":false},"product_brand":[1540],"product_cat":[703],"product_tag":[],"class_list":{"0":"post-19358","1":"product","2":"type-product","3":"status-publish","4":"has-post-thumbnail","6":"product_brand-fastbond","7":"product_cat-sarjli-civi-cakma-tabancalari","9":"first","10":"instock","11":"taxable","12":"shipping-taxable","13":"purchasable","14":"product-type-simple","15":"add-to-wishlist-after_add_to_cart"},"acf":[],"_links":{"self":[{"href":"https:\/\/www.makitamarket.com.tr\/site\/wp-json\/wp\/v2\/product\/19358","targetHints":{"allow":["GET"]}}],"collection":[{"href":"https:\/\/www.makitamarket.com.tr\/site\/wp-json\/wp\/v2\/product"}],"about":[{"href":"https:\/\/www.makitamarket.com.tr\/site\/wp-json\/wp\/v2\/types\/product"}],"replies":[{"embeddable":true,"href":"https:\/\/www.makitamarket.com.tr\/site\/wp-json\/wp\/v2\/comments?post=19358"}],"wp:featuredmedia":[{"embeddable":true,"href":"https:\/\/www.makitamarket.com.tr\/site\/wp-json\/wp\/v2\/media\/20827"}],"wp:attachment":[{"href":"https:\/\/www.makitamarket.com.tr\/site\/wp-json\/wp\/v2\/media?parent=19358"}],"wp:term":[{"taxonomy":"product_brand","embeddable":true,"href":"https:\/\/www.makitamarket.com.tr\/site\/wp-json\/wp\/v2\/product_brand?post=19358"},{"taxonomy":"product_cat","embeddable":true,"href":"https:\/\/www.makitamarket.com.tr\/site\/wp-json\/wp\/v2\/product_cat?post=19358"},{"taxonomy":"product_tag","embeddable":true,"href":"https:\/\/www.makitamarket.com.tr\/site\/wp-json\/wp\/v2\/product_tag?post=19358"}],"curies":[{"name":"wp","href":"https:\/\/api.w.org\/{rel}","templated":true}]}}