{"id":19365,"date":"2024-11-28T20:20:57","date_gmt":"2024-11-28T17:20:57","guid":{"rendered":"https:\/\/www.makitamarket.com.tr\/site\/urun\/proxxon-hss-testere-50-mm\/"},"modified":"2026-03-30T10:23:29","modified_gmt":"2026-03-30T07:23:29","slug":"proxxon-hss-testere-50-mm","status":"publish","type":"product","link":"https:\/\/www.makitamarket.com.tr\/site\/urun\/proxxon-hss-testere-50-mm\/","title":{"rendered":"Proxxon 28020 HSS TESTERE 50 mm"},"content":{"rendered":"<p>\n\t50mm \u00e7ap (10mm g\u00f6bek) Hassas di\u015fli. Hassas kesimler i\u00e7in tasarlanm\u0131\u015ft\u0131r.<\/p>\n<table><\/table>\n","protected":false},"excerpt":{"rendered":"<p>\n\t50mm \u00e7ap (10mm g\u00f6bek) Hassas di\u015fli. Hassas kesimler i\u00e7in tasarlanm\u0131\u015ft\u0131r.<\/p>\n","protected":false},"featured_media":19364,"comment_status":"open","ping_status":"closed","template":"","meta":{"_acf_changed":false},"product_brand":[1501],"product_cat":[926],"product_tag":[],"class_list":{"0":"post-19365","1":"product","2":"type-product","3":"status-publish","4":"has-post-thumbnail","6":"product_brand-proxxon","7":"product_cat-aksesuarlar-mikro-aletleri","9":"first","10":"outofstock","11":"taxable","12":"shipping-taxable","13":"purchasable","14":"product-type-simple","15":"add-to-wishlist-after_add_to_cart"},"acf":[],"_links":{"self":[{"href":"https:\/\/www.makitamarket.com.tr\/site\/wp-json\/wp\/v2\/product\/19365","targetHints":{"allow":["GET"]}}],"collection":[{"href":"https:\/\/www.makitamarket.com.tr\/site\/wp-json\/wp\/v2\/product"}],"about":[{"href":"https:\/\/www.makitamarket.com.tr\/site\/wp-json\/wp\/v2\/types\/product"}],"replies":[{"embeddable":true,"href":"https:\/\/www.makitamarket.com.tr\/site\/wp-json\/wp\/v2\/comments?post=19365"}],"wp:featuredmedia":[{"embeddable":true,"href":"https:\/\/www.makitamarket.com.tr\/site\/wp-json\/wp\/v2\/media\/19364"}],"wp:attachment":[{"href":"https:\/\/www.makitamarket.com.tr\/site\/wp-json\/wp\/v2\/media?parent=19365"}],"wp:term":[{"taxonomy":"product_brand","embeddable":true,"href":"https:\/\/www.makitamarket.com.tr\/site\/wp-json\/wp\/v2\/product_brand?post=19365"},{"taxonomy":"product_cat","embeddable":true,"href":"https:\/\/www.makitamarket.com.tr\/site\/wp-json\/wp\/v2\/product_cat?post=19365"},{"taxonomy":"product_tag","embeddable":true,"href":"https:\/\/www.makitamarket.com.tr\/site\/wp-json\/wp\/v2\/product_tag?post=19365"}],"curies":[{"name":"wp","href":"https:\/\/api.w.org\/{rel}","templated":true}]}}