{"id":19403,"date":"2024-11-28T20:21:09","date_gmt":"2024-11-28T17:21:09","guid":{"rendered":"https:\/\/www.makitamarket.com.tr\/site\/urun\/makita-17-mm-cap-arkali-yassi-keski-19x450-mm\/"},"modified":"2026-04-06T16:48:07","modified_gmt":"2026-04-06T13:48:07","slug":"makita-17-mm-cap-arkali-yassi-keski-19x450-mm","status":"publish","type":"product","link":"https:\/\/www.makitamarket.com.tr\/site\/urun\/makita-17-mm-cap-arkali-yassi-keski-19x450-mm\/","title":{"rendered":"Makita D-16879 17 mm \u00c7AP ARKALI YASSI KESK\u0130 19&#215;450 mm"},"content":{"rendered":"<p>\n\tMakita MT M8600M ve benzeri keski kullanan makinalarda kullan\u0131l\u0131r.<\/p>\n<table>\n<tr>\n<td>Tip<\/td>\n<td>Yass\u0131<\/td>\n<\/tr>\n<tr>\n<td>\u00d6l\u00e7\u00fcler<\/td>\n<td>19&#215;450 mm<\/td>\n<\/tr>\n<\/table>\n","protected":false},"excerpt":{"rendered":"<p>\n\tMakita MT M8600M ve benzeri keski kullanan makinalarda kullan\u0131l\u0131r.<\/p>\n","protected":false},"featured_media":19402,"comment_status":"open","ping_status":"closed","template":"","meta":{"_acf_changed":false},"product_brand":[1485],"product_cat":[1431],"product_tag":[],"class_list":{"0":"post-19403","1":"product","2":"type-product","3":"status-publish","4":"has-post-thumbnail","6":"product_brand-makita","7":"product_cat-17mm-cap-arkali-keskiler","9":"first","10":"instock","11":"taxable","12":"shipping-taxable","13":"purchasable","14":"product-type-simple","15":"add-to-wishlist-after_add_to_cart"},"acf":[],"_links":{"self":[{"href":"https:\/\/www.makitamarket.com.tr\/site\/wp-json\/wp\/v2\/product\/19403","targetHints":{"allow":["GET"]}}],"collection":[{"href":"https:\/\/www.makitamarket.com.tr\/site\/wp-json\/wp\/v2\/product"}],"about":[{"href":"https:\/\/www.makitamarket.com.tr\/site\/wp-json\/wp\/v2\/types\/product"}],"replies":[{"embeddable":true,"href":"https:\/\/www.makitamarket.com.tr\/site\/wp-json\/wp\/v2\/comments?post=19403"}],"wp:featuredmedia":[{"embeddable":true,"href":"https:\/\/www.makitamarket.com.tr\/site\/wp-json\/wp\/v2\/media\/19402"}],"wp:attachment":[{"href":"https:\/\/www.makitamarket.com.tr\/site\/wp-json\/wp\/v2\/media?parent=19403"}],"wp:term":[{"taxonomy":"product_brand","embeddable":true,"href":"https:\/\/www.makitamarket.com.tr\/site\/wp-json\/wp\/v2\/product_brand?post=19403"},{"taxonomy":"product_cat","embeddable":true,"href":"https:\/\/www.makitamarket.com.tr\/site\/wp-json\/wp\/v2\/product_cat?post=19403"},{"taxonomy":"product_tag","embeddable":true,"href":"https:\/\/www.makitamarket.com.tr\/site\/wp-json\/wp\/v2\/product_tag?post=19403"}],"curies":[{"name":"wp","href":"https:\/\/api.w.org\/{rel}","templated":true}]}}