{"id":19454,"date":"2024-11-28T20:21:33","date_gmt":"2024-11-28T17:21:33","guid":{"rendered":"https:\/\/www.makitamarket.com.tr\/site\/urun\/topart-hafif-tip-surgu-mekanizmali-tek-el-iskence-600-mm\/"},"modified":"2025-11-16T10:51:30","modified_gmt":"2025-11-16T07:51:30","slug":"topart-hafif-tip-surgu-mekanizmali-tek-el-iskence-600-mm","status":"publish","type":"product","link":"https:\/\/www.makitamarket.com.tr\/site\/urun\/topart-hafif-tip-surgu-mekanizmali-tek-el-iskence-600-mm\/","title":{"rendered":"Topart TA90020 HAF\u0130F T\u0130P S\u00dcRG\u00dc MEKAN\u0130ZMALI TEK EL \u0130\u015eKENCE 600 mm"},"content":{"rendered":"<div>\n\t\u2022 Maksimum 700N\u2019a kadar s\u0131kma kuvveti mevcuttur.<\/div>\n<div>\n\t\u2022 Kafa k\u0131sm\u0131ndaki a\u00e7ma mekanizmas\u0131 sayesinde s\u0131kma i\u015flemi y\u00f6n\u00fc ek malzeme gerektirmeden kolay ve h\u0131zl\u0131 \u015fekilde de\u011fi\u015ftirilebilir.<\/div>\n<div>\n\t\u2022 2 komponentli plastik sap\u2019a sahiptir.<\/div>\n<div>\n\t\u2022 Koruyucu s\u0131kma pabu\u00e7lar\u0131 g\u00fcvenli i\u015fkenceyi ve hassas bir \u00e7al\u0131\u015fmay\u0131 garanti eder.<\/div>\n<table>\n<tr>\n<td>\u00d6l\u00e7\u00fcs\u00fc<\/td>\n<td>600 mm<\/td>\n<\/tr>\n<tr>\n<td>Kutu\/Koli \u0130\u00e7i Adedi<\/td>\n<td>6 \/ 24<\/td>\n<\/tr>\n<\/table>\n","protected":false},"excerpt":{"rendered":"<div>\n\t\u2022 Maksimum 700N\u2019a kadar s\u0131kma kuvveti mevcuttur.<\/div>\n<div>\n\t\u2022 Kafa k\u0131sm\u0131ndaki a\u00e7ma mekanizmas\u0131 sayesinde s\u0131kma i\u015flemi y\u00f6n\u00fc ek malzeme gerektirmeden kolay ve h\u0131zl\u0131 \u015fekilde de\u011fi\u015ftirilebilir.<\/div>\n<div>\n\t\u2022 2 komponentli plastik sap\u2019a sahiptir.<\/div>\n<div>\n\t\u2022 Koruyucu s\u0131kma pabu\u00e7lar\u0131 g\u00fcvenli i\u015fkenceyi ve hassas bir \u00e7al\u0131\u015fmay\u0131 garanti eder.<\/div>\n","protected":false},"featured_media":19453,"comment_status":"open","ping_status":"closed","template":"","meta":{"_acf_changed":false},"product_brand":[1527],"product_cat":[1247],"product_tag":[],"class_list":{"0":"post-19454","1":"product","2":"type-product","3":"status-publish","4":"has-post-thumbnail","6":"product_brand-topart","7":"product_cat-tek-el-iskenceler","9":"first","10":"outofstock","11":"taxable","12":"shipping-taxable","13":"purchasable","14":"product-type-simple","15":"add-to-wishlist-after_add_to_cart"},"acf":[],"_links":{"self":[{"href":"https:\/\/www.makitamarket.com.tr\/site\/wp-json\/wp\/v2\/product\/19454","targetHints":{"allow":["GET"]}}],"collection":[{"href":"https:\/\/www.makitamarket.com.tr\/site\/wp-json\/wp\/v2\/product"}],"about":[{"href":"https:\/\/www.makitamarket.com.tr\/site\/wp-json\/wp\/v2\/types\/product"}],"replies":[{"embeddable":true,"href":"https:\/\/www.makitamarket.com.tr\/site\/wp-json\/wp\/v2\/comments?post=19454"}],"wp:featuredmedia":[{"embeddable":true,"href":"https:\/\/www.makitamarket.com.tr\/site\/wp-json\/wp\/v2\/media\/19453"}],"wp:attachment":[{"href":"https:\/\/www.makitamarket.com.tr\/site\/wp-json\/wp\/v2\/media?parent=19454"}],"wp:term":[{"taxonomy":"product_brand","embeddable":true,"href":"https:\/\/www.makitamarket.com.tr\/site\/wp-json\/wp\/v2\/product_brand?post=19454"},{"taxonomy":"product_cat","embeddable":true,"href":"https:\/\/www.makitamarket.com.tr\/site\/wp-json\/wp\/v2\/product_cat?post=19454"},{"taxonomy":"product_tag","embeddable":true,"href":"https:\/\/www.makitamarket.com.tr\/site\/wp-json\/wp\/v2\/product_tag?post=19454"}],"curies":[{"name":"wp","href":"https:\/\/api.w.org\/{rel}","templated":true}]}}