{"id":19456,"date":"2024-11-28T20:21:36","date_gmt":"2024-11-28T17:21:36","guid":{"rendered":"https:\/\/www.makitamarket.com.tr\/site\/urun\/euromax-agac-kesim-motoru-zinciri\/"},"modified":"2025-07-11T00:13:42","modified_gmt":"2025-07-10T21:13:42","slug":"euromax-agac-kesim-motoru-zinciri","status":"publish","type":"product","link":"https:\/\/www.makitamarket.com.tr\/site\/urun\/euromax-agac-kesim-motoru-zinciri\/","title":{"rendered":"Euromax EX75049 A\u011eA\u00c7 KES\u0130M MOTORU Z\u0130NC\u0130R\u0130"},"content":{"rendered":"<table>\n<tr>\n<td>Pala Uyumu<\/td>\n<td>450mm<\/td>\n<\/tr>\n<tr>\n<td>Zincir \u00d6zellikleri<\/td>\n<td>36 Di\u015f \/ .325\u201d 1.5mm \/ .058\u201d<\/td>\n<\/tr>\n<\/table>\n","protected":false},"excerpt":{"rendered":"<p>Pala Uyumu 450mm Zincir \u00d6zellikleri 36 Di\u015f \/ .325\u201d 1.5mm \/ .058\u201d<\/p>\n","protected":false},"featured_media":19455,"comment_status":"open","ping_status":"closed","template":"","meta":{"_acf_changed":false},"product_brand":[],"product_cat":[1437],"product_tag":[],"class_list":{"0":"post-19456","1":"product","2":"type-product","3":"status-publish","4":"has-post-thumbnail","6":"product_cat-aksesuarlar-agac-kesim-makinalari","8":"first","9":"outofstock","10":"taxable","11":"shipping-taxable","12":"purchasable","13":"product-type-simple","14":"add-to-wishlist-after_add_to_cart"},"acf":[],"_links":{"self":[{"href":"https:\/\/www.makitamarket.com.tr\/site\/wp-json\/wp\/v2\/product\/19456","targetHints":{"allow":["GET"]}}],"collection":[{"href":"https:\/\/www.makitamarket.com.tr\/site\/wp-json\/wp\/v2\/product"}],"about":[{"href":"https:\/\/www.makitamarket.com.tr\/site\/wp-json\/wp\/v2\/types\/product"}],"replies":[{"embeddable":true,"href":"https:\/\/www.makitamarket.com.tr\/site\/wp-json\/wp\/v2\/comments?post=19456"}],"wp:featuredmedia":[{"embeddable":true,"href":"https:\/\/www.makitamarket.com.tr\/site\/wp-json\/wp\/v2\/media\/19455"}],"wp:attachment":[{"href":"https:\/\/www.makitamarket.com.tr\/site\/wp-json\/wp\/v2\/media?parent=19456"}],"wp:term":[{"taxonomy":"product_brand","embeddable":true,"href":"https:\/\/www.makitamarket.com.tr\/site\/wp-json\/wp\/v2\/product_brand?post=19456"},{"taxonomy":"product_cat","embeddable":true,"href":"https:\/\/www.makitamarket.com.tr\/site\/wp-json\/wp\/v2\/product_cat?post=19456"},{"taxonomy":"product_tag","embeddable":true,"href":"https:\/\/www.makitamarket.com.tr\/site\/wp-json\/wp\/v2\/product_tag?post=19456"}],"curies":[{"name":"wp","href":"https:\/\/api.w.org\/{rel}","templated":true}]}}