{"id":19492,"date":"2024-11-28T20:21:52","date_gmt":"2024-11-28T17:21:52","guid":{"rendered":"https:\/\/www.makitamarket.com.tr\/site\/urun\/makita-d-serisi-sds-plus-uc-22x260-mm\/"},"modified":"2026-04-06T16:50:00","modified_gmt":"2026-04-06T13:50:00","slug":"makita-d-serisi-sds-plus-uc-22x260-mm","status":"publish","type":"product","link":"https:\/\/www.makitamarket.com.tr\/site\/urun\/makita-d-serisi-sds-plus-uc-22x260-mm\/","title":{"rendered":"Makita D-00371 D SER\u0130S\u0130 SDS PLUS U\u00c7 22&#215;260 mm"},"content":{"rendered":"<table>\n<tr>\n<td>Matkap \u00c7ap\u0131<\/td>\n<td>22<\/td>\n<\/tr>\n<tr>\n<td>Matkap Boyu<\/td>\n<td>260<\/td>\n<\/tr>\n<tr>\n<td>\u00c7ap<\/td>\n<td>22 mm<\/td>\n<\/tr>\n<tr>\n<td>Uzunluk<\/td>\n<td>260 mm<\/td>\n<\/tr>\n<tr>\n<td>\u00c7al\u0131\u015fma Uzunlu\u011fu<\/td>\n<td>170 mm<\/td>\n<\/tr>\n<tr>\n<td>Minimum Sipari\u015f Adedi<\/td>\n<td>1<\/td>\n<\/tr>\n<\/table>\n","protected":false},"excerpt":{"rendered":"<p>Matkap \u00c7ap\u0131 22 Matkap Boyu 260 \u00c7ap 22 mm Uzunluk 260 mm \u00c7al\u0131\u015fma Uzunlu\u011fu 170 mm Minimum Sipari\u015f Adedi 1<\/p>\n","protected":false},"featured_media":0,"comment_status":"open","ping_status":"closed","template":"","meta":{"_acf_changed":false},"product_brand":[1485],"product_cat":[1149],"product_tag":[],"class_list":{"0":"post-19492","1":"product","2":"type-product","3":"status-publish","5":"product_brand-makita","6":"product_cat-sds-plus-uclar","8":"first","9":"instock","10":"taxable","11":"shipping-taxable","12":"purchasable","13":"product-type-simple","14":"add-to-wishlist-after_add_to_cart"},"acf":[],"_links":{"self":[{"href":"https:\/\/www.makitamarket.com.tr\/site\/wp-json\/wp\/v2\/product\/19492","targetHints":{"allow":["GET"]}}],"collection":[{"href":"https:\/\/www.makitamarket.com.tr\/site\/wp-json\/wp\/v2\/product"}],"about":[{"href":"https:\/\/www.makitamarket.com.tr\/site\/wp-json\/wp\/v2\/types\/product"}],"replies":[{"embeddable":true,"href":"https:\/\/www.makitamarket.com.tr\/site\/wp-json\/wp\/v2\/comments?post=19492"}],"wp:attachment":[{"href":"https:\/\/www.makitamarket.com.tr\/site\/wp-json\/wp\/v2\/media?parent=19492"}],"wp:term":[{"taxonomy":"product_brand","embeddable":true,"href":"https:\/\/www.makitamarket.com.tr\/site\/wp-json\/wp\/v2\/product_brand?post=19492"},{"taxonomy":"product_cat","embeddable":true,"href":"https:\/\/www.makitamarket.com.tr\/site\/wp-json\/wp\/v2\/product_cat?post=19492"},{"taxonomy":"product_tag","embeddable":true,"href":"https:\/\/www.makitamarket.com.tr\/site\/wp-json\/wp\/v2\/product_tag?post=19492"}],"curies":[{"name":"wp","href":"https:\/\/api.w.org\/{rel}","templated":true}]}}