{"id":19547,"date":"2024-11-28T20:22:19","date_gmt":"2024-11-28T17:22:19","guid":{"rendered":"https:\/\/www.makitamarket.com.tr\/site\/urun\/bmi-bmi-429241020-metre\/"},"modified":"2026-03-30T10:26:33","modified_gmt":"2026-03-30T07:26:33","slug":"bmi-bmi-429241020-metre","status":"publish","type":"product","link":"https:\/\/www.makitamarket.com.tr\/site\/urun\/bmi-bmi-429241020-metre\/","title":{"rendered":"Bmi 429241020 BMI 429241020 METRE"},"content":{"rendered":"<div>\n\t\u2022 BMImetre herhangi bir y\u00fczeyde d\u00fcz kalabilir.<\/div>\n<div>\n\t\u2022 Avantajlar\u0131:beyaz enamel kapl\u0131 paslanmaz \u00e7elik,tamamen suya dayan\u0131kl\u0131,k\u0131r\u0131lmaz-sa\u011flam<\/div>\n<div>\n\t\u2022 EC s\u0131n\u0131f\u0131 II hassasiyeti +- 0.9mm\/2m k\u0131rma metrede hassasiyeti 2.2mm\/2m hafif kolay ta\u015f\u0131n\u0131r.<\/div>\n<div>\n\t\u2022 \u00c7elik cetvel olarak kullanmak i\u00e7in m\u00fckemmel.<\/div>\n<div>\n\t\u2022 Metre masa \u00fczerinde d\u00fcz bi\u00e7imde kal\u0131r b\u00f6ylece markalama ve \u00f6l\u00e7\u00fcleme i\u015flemleri h\u0131zl\u0131 ve kolayca yap\u0131l\u0131r.<\/div>\n<div>\n\t\u2022 D\u00fcnya&#8217;da ilk kez BMI&#8217;de<\/div>\n<div>\n\t\u2022 Made in Germany<\/div>\n<table>\n<tr>\n<td>Uzunluk<\/td>\n<td>2 m<\/td>\n<\/tr>\n<tr>\n<td>Geni\u015flik<\/td>\n<td>16 mm<\/td>\n<\/tr>\n<\/table>\n","protected":false},"excerpt":{"rendered":"<div>\n\t\u2022 BMImetre herhangi bir y\u00fczeyde d\u00fcz kalabilir.<\/div>\n<div>\n\t\u2022 Avantajlar\u0131:beyaz enamel kapl\u0131 paslanmaz \u00e7elik,tamamen suya dayan\u0131kl\u0131,k\u0131r\u0131lmaz-sa\u011flam<\/div>\n<div>\n\t\u2022 EC s\u0131n\u0131f\u0131 II hassasiyeti +- 0.9mm\/2m k\u0131rma metrede hassasiyeti 2.2mm\/2m hafif kolay ta\u015f\u0131n\u0131r.<\/div>\n<div>\n\t\u2022 \u00c7elik cetvel olarak kullanmak i\u00e7in m\u00fckemmel.<\/div>\n<div>\n\t\u2022 Metre masa \u00fczerinde d\u00fcz bi\u00e7imde kal\u0131r b\u00f6ylece markalama ve \u00f6l\u00e7\u00fcleme i\u015flemleri h\u0131zl\u0131 ve kolayca yap\u0131l\u0131r.<\/div>\n<div>\n\t\u2022 D\u00fcnya&#8217;da ilk kez BMI&#8217;de<\/div>\n<div>\n\t\u2022 Made in Germany<\/div>\n","protected":false},"featured_media":19546,"comment_status":"open","ping_status":"closed","template":"","meta":{"_acf_changed":false},"product_brand":[1522],"product_cat":[753],"product_tag":[],"class_list":{"0":"post-19547","1":"product","2":"type-product","3":"status-publish","4":"has-post-thumbnail","6":"product_brand-bmi","7":"product_cat-metreler","9":"first","10":"outofstock","11":"taxable","12":"shipping-taxable","13":"purchasable","14":"product-type-simple","15":"add-to-wishlist-after_add_to_cart"},"acf":[],"_links":{"self":[{"href":"https:\/\/www.makitamarket.com.tr\/site\/wp-json\/wp\/v2\/product\/19547","targetHints":{"allow":["GET"]}}],"collection":[{"href":"https:\/\/www.makitamarket.com.tr\/site\/wp-json\/wp\/v2\/product"}],"about":[{"href":"https:\/\/www.makitamarket.com.tr\/site\/wp-json\/wp\/v2\/types\/product"}],"replies":[{"embeddable":true,"href":"https:\/\/www.makitamarket.com.tr\/site\/wp-json\/wp\/v2\/comments?post=19547"}],"wp:featuredmedia":[{"embeddable":true,"href":"https:\/\/www.makitamarket.com.tr\/site\/wp-json\/wp\/v2\/media\/19546"}],"wp:attachment":[{"href":"https:\/\/www.makitamarket.com.tr\/site\/wp-json\/wp\/v2\/media?parent=19547"}],"wp:term":[{"taxonomy":"product_brand","embeddable":true,"href":"https:\/\/www.makitamarket.com.tr\/site\/wp-json\/wp\/v2\/product_brand?post=19547"},{"taxonomy":"product_cat","embeddable":true,"href":"https:\/\/www.makitamarket.com.tr\/site\/wp-json\/wp\/v2\/product_cat?post=19547"},{"taxonomy":"product_tag","embeddable":true,"href":"https:\/\/www.makitamarket.com.tr\/site\/wp-json\/wp\/v2\/product_tag?post=19547"}],"curies":[{"name":"wp","href":"https:\/\/api.w.org\/{rel}","templated":true}]}}