{"id":19567,"date":"2024-11-28T20:22:24","date_gmt":"2024-11-28T17:22:24","guid":{"rendered":"https:\/\/www.makitamarket.com.tr\/site\/urun\/gison-hava-ufleme-tabancasi\/"},"modified":"2026-03-30T10:34:21","modified_gmt":"2026-03-30T07:34:21","slug":"gison-hava-ufleme-tabancasi","status":"publish","type":"product","link":"https:\/\/www.makitamarket.com.tr\/site\/urun\/gison-hava-ufleme-tabancasi\/","title":{"rendered":"Gison GPBA4L HAVA \u00dcFLEME TABANCASI"},"content":{"rendered":"<p>\n\t<span class=\"prdctDetails_details\"><span class=\"prdctDetails_details\"><span class=\"prdctDetails_details\"><strong><span class=\"prdctDetails_details\">CE &#8211; Made in Taiwan<\/span><\/strong><\/span><\/span><\/span><\/p>\n<table>\n<tr>\n<td>\u00c7elik Boru Uzunlu\u011fu<\/td>\n<td>100mm.<\/td>\n<\/tr>\n<tr>\n<td>\u00c7elik Boru Kal\u0131nl\u0131\u011f\u0131<\/td>\n<td>8mm.<\/td>\n<\/tr>\n<tr>\n<td>Hava Giri\u015fi<\/td>\n<td>1\/4&#8243;<\/td>\n<\/tr>\n<tr>\n<td>\u00c7al\u0131\u015fma Bas\u0131nc\u0131<\/td>\n<td>120 psi<\/td>\n<\/tr>\n<\/table>\n","protected":false},"excerpt":{"rendered":"<p>\n\t<span class=\"prdctDetails_details\"><span class=\"prdctDetails_details\"><span class=\"prdctDetails_details\"><strong><span class=\"prdctDetails_details\">CE &#8211; Made in Taiwan<\/span><\/strong><\/span><\/span><\/span><\/p>\n","protected":false},"featured_media":19965,"comment_status":"open","ping_status":"closed","template":"","meta":{"_acf_changed":false},"product_brand":[1512],"product_cat":[1440],"product_tag":[],"class_list":{"0":"post-19567","1":"product","2":"type-product","3":"status-publish","4":"has-post-thumbnail","6":"product_brand-gison","7":"product_cat-hava-ufleme-tabancalari","9":"first","10":"instock","11":"taxable","12":"shipping-taxable","13":"purchasable","14":"product-type-simple","15":"add-to-wishlist-after_add_to_cart"},"acf":[],"_links":{"self":[{"href":"https:\/\/www.makitamarket.com.tr\/site\/wp-json\/wp\/v2\/product\/19567","targetHints":{"allow":["GET"]}}],"collection":[{"href":"https:\/\/www.makitamarket.com.tr\/site\/wp-json\/wp\/v2\/product"}],"about":[{"href":"https:\/\/www.makitamarket.com.tr\/site\/wp-json\/wp\/v2\/types\/product"}],"replies":[{"embeddable":true,"href":"https:\/\/www.makitamarket.com.tr\/site\/wp-json\/wp\/v2\/comments?post=19567"}],"wp:featuredmedia":[{"embeddable":true,"href":"https:\/\/www.makitamarket.com.tr\/site\/wp-json\/wp\/v2\/media\/19965"}],"wp:attachment":[{"href":"https:\/\/www.makitamarket.com.tr\/site\/wp-json\/wp\/v2\/media?parent=19567"}],"wp:term":[{"taxonomy":"product_brand","embeddable":true,"href":"https:\/\/www.makitamarket.com.tr\/site\/wp-json\/wp\/v2\/product_brand?post=19567"},{"taxonomy":"product_cat","embeddable":true,"href":"https:\/\/www.makitamarket.com.tr\/site\/wp-json\/wp\/v2\/product_cat?post=19567"},{"taxonomy":"product_tag","embeddable":true,"href":"https:\/\/www.makitamarket.com.tr\/site\/wp-json\/wp\/v2\/product_tag?post=19567"}],"curies":[{"name":"wp","href":"https:\/\/api.w.org\/{rel}","templated":true}]}}