{"id":19571,"date":"2024-11-28T20:22:27","date_gmt":"2024-11-28T17:22:27","guid":{"rendered":"https:\/\/www.makitamarket.com.tr\/site\/urun\/topart-hafif-tip-marangoz-iskencesi-80x150-mm\/"},"modified":"2025-11-16T10:54:19","modified_gmt":"2025-11-16T07:54:19","slug":"topart-hafif-tip-marangoz-iskencesi-80x150-mm","status":"publish","type":"product","link":"https:\/\/www.makitamarket.com.tr\/site\/urun\/topart-hafif-tip-marangoz-iskencesi-80x150-mm\/","title":{"rendered":"Topart TA90008 HAF\u0130F T\u0130P MARANGOZ \u0130\u015eKENCES\u0130 80&#215;150 mm"},"content":{"rendered":"<div>\n\t\u2022 Maksimum 6.000N\u2019a kadar s\u0131kma kuvveti mevcuttur.<\/div>\n<div>\n\t\u2022 Ah\u015fap ve marangozluk i\u015flerinde kullan\u0131lmas\u0131 \u00f6nerilir.<\/div>\n<div>\n\t\u2022 2 komponentli plastik sap\u2019a sahiptir.<\/div>\n<div>\n\t\u2022 Koruyucu s\u0131kma papu\u00e7lar\u0131 hassas i\u015fler i\u00e7in idealdir.<\/div>\n<div>\n\t\u2022 Tutma sap\u0131 kaymay\u0131 \u00f6nleyerek s\u0131kma emniyetini korur.<\/div>\n<table>\n<tr>\n<td>\u00d6l\u00e7\u00fcs\u00fc<\/td>\n<td>80&#215;150 mm<\/td>\n<\/tr>\n<tr>\n<td>Kutu\/Koli \u0130\u00e7i Adedi<\/td>\n<td>8 \/ 32<\/td>\n<\/tr>\n<\/table>\n","protected":false},"excerpt":{"rendered":"<div>\n\t\u2022 Maksimum 6.000N\u2019a kadar s\u0131kma kuvveti mevcuttur.<\/div>\n<div>\n\t\u2022 Ah\u015fap ve marangozluk i\u015flerinde kullan\u0131lmas\u0131 \u00f6nerilir.<\/div>\n<div>\n\t\u2022 2 komponentli plastik sap\u2019a sahiptir.<\/div>\n<div>\n\t\u2022 Koruyucu s\u0131kma papu\u00e7lar\u0131 hassas i\u015fler i\u00e7in idealdir.<\/div>\n<div>\n\t\u2022 Tutma sap\u0131 kaymay\u0131 \u00f6nleyerek s\u0131kma emniyetini korur.<\/div>\n","protected":false},"featured_media":19570,"comment_status":"open","ping_status":"closed","template":"","meta":{"_acf_changed":false},"product_brand":[1527],"product_cat":[1293],"product_tag":[],"class_list":{"0":"post-19571","1":"product","2":"type-product","3":"status-publish","4":"has-post-thumbnail","6":"product_brand-topart","7":"product_cat-marangoz-iskenceler","9":"first","10":"outofstock","11":"taxable","12":"shipping-taxable","13":"purchasable","14":"product-type-simple","15":"add-to-wishlist-after_add_to_cart"},"acf":[],"_links":{"self":[{"href":"https:\/\/www.makitamarket.com.tr\/site\/wp-json\/wp\/v2\/product\/19571","targetHints":{"allow":["GET"]}}],"collection":[{"href":"https:\/\/www.makitamarket.com.tr\/site\/wp-json\/wp\/v2\/product"}],"about":[{"href":"https:\/\/www.makitamarket.com.tr\/site\/wp-json\/wp\/v2\/types\/product"}],"replies":[{"embeddable":true,"href":"https:\/\/www.makitamarket.com.tr\/site\/wp-json\/wp\/v2\/comments?post=19571"}],"wp:featuredmedia":[{"embeddable":true,"href":"https:\/\/www.makitamarket.com.tr\/site\/wp-json\/wp\/v2\/media\/19570"}],"wp:attachment":[{"href":"https:\/\/www.makitamarket.com.tr\/site\/wp-json\/wp\/v2\/media?parent=19571"}],"wp:term":[{"taxonomy":"product_brand","embeddable":true,"href":"https:\/\/www.makitamarket.com.tr\/site\/wp-json\/wp\/v2\/product_brand?post=19571"},{"taxonomy":"product_cat","embeddable":true,"href":"https:\/\/www.makitamarket.com.tr\/site\/wp-json\/wp\/v2\/product_cat?post=19571"},{"taxonomy":"product_tag","embeddable":true,"href":"https:\/\/www.makitamarket.com.tr\/site\/wp-json\/wp\/v2\/product_tag?post=19571"}],"curies":[{"name":"wp","href":"https:\/\/api.w.org\/{rel}","templated":true}]}}