{"id":19582,"date":"2024-11-28T20:22:30","date_gmt":"2024-11-28T17:22:30","guid":{"rendered":"https:\/\/www.makitamarket.com.tr\/site\/urun\/makita-toz-emme-sistemi-akululer-icin\/"},"modified":"2026-04-06T16:52:00","modified_gmt":"2026-04-06T13:52:00","slug":"makita-toz-emme-sistemi-akululer-icin","status":"publish","type":"product","link":"https:\/\/www.makitamarket.com.tr\/site\/urun\/makita-toz-emme-sistemi-akululer-icin\/","title":{"rendered":"Makita 195965-0 TOZ EMME S\u0130STEM\u0130 &#8211; AK\u00dcL\u00dcLER \u0130\u00c7\u0130N"},"content":{"rendered":"<table>\n<tr>\n<td>A\u00e7\u0131klama<\/td>\n<td>Toz emme sistemi &#8211; Ak\u00fcl\u00fcler i\u00e7in<\/td>\n<\/tr>\n<\/table>\n","protected":false},"excerpt":{"rendered":"<p>A\u00e7\u0131klama Toz emme sistemi &#8211; Ak\u00fcl\u00fcler i\u00e7in<\/p>\n","protected":false},"featured_media":0,"comment_status":"open","ping_status":"closed","template":"","meta":{"_acf_changed":false},"product_brand":[1485],"product_cat":[1061],"product_tag":[],"class_list":{"0":"post-19582","1":"product","2":"type-product","3":"status-publish","5":"product_brand-makita","6":"product_cat-toz-toplama-aparatlari","8":"first","9":"instock","10":"taxable","11":"shipping-taxable","12":"purchasable","13":"product-type-simple","14":"add-to-wishlist-after_add_to_cart"},"acf":[],"_links":{"self":[{"href":"https:\/\/www.makitamarket.com.tr\/site\/wp-json\/wp\/v2\/product\/19582","targetHints":{"allow":["GET"]}}],"collection":[{"href":"https:\/\/www.makitamarket.com.tr\/site\/wp-json\/wp\/v2\/product"}],"about":[{"href":"https:\/\/www.makitamarket.com.tr\/site\/wp-json\/wp\/v2\/types\/product"}],"replies":[{"embeddable":true,"href":"https:\/\/www.makitamarket.com.tr\/site\/wp-json\/wp\/v2\/comments?post=19582"}],"wp:attachment":[{"href":"https:\/\/www.makitamarket.com.tr\/site\/wp-json\/wp\/v2\/media?parent=19582"}],"wp:term":[{"taxonomy":"product_brand","embeddable":true,"href":"https:\/\/www.makitamarket.com.tr\/site\/wp-json\/wp\/v2\/product_brand?post=19582"},{"taxonomy":"product_cat","embeddable":true,"href":"https:\/\/www.makitamarket.com.tr\/site\/wp-json\/wp\/v2\/product_cat?post=19582"},{"taxonomy":"product_tag","embeddable":true,"href":"https:\/\/www.makitamarket.com.tr\/site\/wp-json\/wp\/v2\/product_tag?post=19582"}],"curies":[{"name":"wp","href":"https:\/\/api.w.org\/{rel}","templated":true}]}}