{"id":19606,"date":"2024-11-28T20:22:40","date_gmt":"2024-11-28T17:22:40","guid":{"rendered":"https:\/\/www.makitamarket.com.tr\/site\/urun\/makita-inox-kesme-tasi-bombeli-115x1-2-mm\/"},"modified":"2026-03-30T10:28:21","modified_gmt":"2026-03-30T07:28:21","slug":"makita-inox-kesme-tasi-bombeli-115x1-2-mm","status":"publish","type":"product","link":"https:\/\/www.makitamarket.com.tr\/site\/urun\/makita-inox-kesme-tasi-bombeli-115x1-2-mm\/","title":{"rendered":"Makita D-18817 \u0130NOX KESME TA\u015eI &#8211; BOMBEL\u0130 115&#215;1.2 mm"},"content":{"rendered":"<table>\n<tr>\n<td>\u00d6l\u00e7\u00fcler<\/td>\n<td>115 x 1.2 mm<\/td>\n<\/tr>\n<tr>\n<td>Kalite<\/td>\n<td>WA60T<\/td>\n<\/tr>\n<tr>\n<td>Malzeme<\/td>\n<td>\u0130nox Kesme<\/td>\n<\/tr>\n<tr>\n<td>Tip<\/td>\n<td>Bombeli<\/td>\n<\/tr>\n<tr>\n<td>Kutu<\/td>\n<td>25<\/td>\n<\/tr>\n<\/table>\n","protected":false},"excerpt":{"rendered":"<p>\u00d6l\u00e7\u00fcler 115 x 1.2 mm Kalite WA60T Malzeme \u0130nox Kesme Tip Bombeli Kutu 25<\/p>\n","protected":false},"featured_media":0,"comment_status":"open","ping_status":"closed","template":"","meta":{"_acf_changed":false},"product_brand":[1485],"product_cat":[1214],"product_tag":[],"class_list":{"0":"post-19606","1":"product","2":"type-product","3":"status-publish","5":"product_brand-makita","6":"product_cat-115mm-kesme-taslari","8":"first","9":"instock","10":"taxable","11":"shipping-taxable","12":"purchasable","13":"product-type-simple","14":"add-to-wishlist-after_add_to_cart"},"acf":[],"_links":{"self":[{"href":"https:\/\/www.makitamarket.com.tr\/site\/wp-json\/wp\/v2\/product\/19606","targetHints":{"allow":["GET"]}}],"collection":[{"href":"https:\/\/www.makitamarket.com.tr\/site\/wp-json\/wp\/v2\/product"}],"about":[{"href":"https:\/\/www.makitamarket.com.tr\/site\/wp-json\/wp\/v2\/types\/product"}],"replies":[{"embeddable":true,"href":"https:\/\/www.makitamarket.com.tr\/site\/wp-json\/wp\/v2\/comments?post=19606"}],"wp:attachment":[{"href":"https:\/\/www.makitamarket.com.tr\/site\/wp-json\/wp\/v2\/media?parent=19606"}],"wp:term":[{"taxonomy":"product_brand","embeddable":true,"href":"https:\/\/www.makitamarket.com.tr\/site\/wp-json\/wp\/v2\/product_brand?post=19606"},{"taxonomy":"product_cat","embeddable":true,"href":"https:\/\/www.makitamarket.com.tr\/site\/wp-json\/wp\/v2\/product_cat?post=19606"},{"taxonomy":"product_tag","embeddable":true,"href":"https:\/\/www.makitamarket.com.tr\/site\/wp-json\/wp\/v2\/product_tag?post=19606"}],"curies":[{"name":"wp","href":"https:\/\/api.w.org\/{rel}","templated":true}]}}