{"id":19654,"date":"2024-11-28T20:23:00","date_gmt":"2024-11-28T17:23:00","guid":{"rendered":"https:\/\/www.makitamarket.com.tr\/site\/urun\/proscr-101-li-kutu-tornavida-seti\/"},"modified":"2026-03-30T10:28:31","modified_gmt":"2026-03-30T07:28:31","slug":"proscr-101-li-kutu-tornavida-seti","status":"publish","type":"product","link":"https:\/\/www.makitamarket.com.tr\/site\/urun\/proscr-101-li-kutu-tornavida-seti\/","title":{"rendered":"Proscr SCR02861 10+1 L\u0130 KUTU TORNAV\u0130DA SET\u0130"},"content":{"rendered":"<table>\n<tr>\n<td>Set \u0130\u00e7eri\u011fi<\/td>\n<td>PH1.7, SL1.7, HN1.8, HN2.0, HN2.3, HN2.5, 1.5, 1.8, TN8<\/td>\n<\/tr>\n<tr>\n<td>Koli \u0130\u00e7i Adedi<\/td>\n<td>100 Ad.<\/td>\n<\/tr>\n<\/table>\n","protected":false},"excerpt":{"rendered":"<p>Set \u0130\u00e7eri\u011fi PH1.7, SL1.7, HN1.8, HN2.0, HN2.3, HN2.5, 1.5, 1.8, TN8 Koli \u0130\u00e7i Adedi 100 Ad.<\/p>\n","protected":false},"featured_media":19653,"comment_status":"open","ping_status":"closed","template":"","meta":{"_acf_changed":false},"product_brand":[1523],"product_cat":[1129],"product_tag":[],"class_list":{"0":"post-19654","1":"product","2":"type-product","3":"status-publish","4":"has-post-thumbnail","6":"product_brand-proscr","7":"product_cat-takim-set-tornavidalar","9":"first","10":"instock","11":"taxable","12":"shipping-taxable","13":"purchasable","14":"product-type-simple","15":"add-to-wishlist-after_add_to_cart"},"acf":[],"_links":{"self":[{"href":"https:\/\/www.makitamarket.com.tr\/site\/wp-json\/wp\/v2\/product\/19654","targetHints":{"allow":["GET"]}}],"collection":[{"href":"https:\/\/www.makitamarket.com.tr\/site\/wp-json\/wp\/v2\/product"}],"about":[{"href":"https:\/\/www.makitamarket.com.tr\/site\/wp-json\/wp\/v2\/types\/product"}],"replies":[{"embeddable":true,"href":"https:\/\/www.makitamarket.com.tr\/site\/wp-json\/wp\/v2\/comments?post=19654"}],"wp:featuredmedia":[{"embeddable":true,"href":"https:\/\/www.makitamarket.com.tr\/site\/wp-json\/wp\/v2\/media\/19653"}],"wp:attachment":[{"href":"https:\/\/www.makitamarket.com.tr\/site\/wp-json\/wp\/v2\/media?parent=19654"}],"wp:term":[{"taxonomy":"product_brand","embeddable":true,"href":"https:\/\/www.makitamarket.com.tr\/site\/wp-json\/wp\/v2\/product_brand?post=19654"},{"taxonomy":"product_cat","embeddable":true,"href":"https:\/\/www.makitamarket.com.tr\/site\/wp-json\/wp\/v2\/product_cat?post=19654"},{"taxonomy":"product_tag","embeddable":true,"href":"https:\/\/www.makitamarket.com.tr\/site\/wp-json\/wp\/v2\/product_tag?post=19654"}],"curies":[{"name":"wp","href":"https:\/\/api.w.org\/{rel}","templated":true}]}}