{"id":19676,"date":"2024-11-28T20:23:08","date_gmt":"2024-11-28T17:23:08","guid":{"rendered":"https:\/\/www.makitamarket.com.tr\/site\/urun\/gison-tek-mavsalli-hava-baglantisi\/"},"modified":"2026-03-30T10:29:23","modified_gmt":"2026-03-30T07:29:23","slug":"gison-tek-mavsalli-hava-baglantisi","status":"publish","type":"product","link":"https:\/\/www.makitamarket.com.tr\/site\/urun\/gison-tek-mavsalli-hava-baglantisi\/","title":{"rendered":"Gison GPSPJ20MF TEK MAVSALLI HAVA BA\u011eLANTISI"},"content":{"rendered":"<table>\n<tr>\n<td>Tipi<\/td>\n<td>Tek Mavsall\u0131.<\/td>\n<\/tr>\n<tr>\n<td>Di\u011fer \u00d6zellikler<\/td>\n<td>1\/4 &#8221; <br \/>pt\/npt<br \/>Di\u015fi + Erkek.<\/td>\n<\/tr>\n<\/table>\n","protected":false},"excerpt":{"rendered":"<p>Tipi Tek Mavsall\u0131. Di\u011fer \u00d6zellikler 1\/4 &#8221; pt\/nptDi\u015fi + Erkek.<\/p>\n","protected":false},"featured_media":19675,"comment_status":"open","ping_status":"closed","template":"","meta":{"_acf_changed":false},"product_brand":[1512],"product_cat":[1412],"product_tag":[],"class_list":{"0":"post-19676","1":"product","2":"type-product","3":"status-publish","4":"has-post-thumbnail","6":"product_brand-gison","7":"product_cat-hava-baglantilari","9":"first","10":"instock","11":"taxable","12":"shipping-taxable","13":"purchasable","14":"product-type-simple","15":"add-to-wishlist-after_add_to_cart"},"acf":[],"_links":{"self":[{"href":"https:\/\/www.makitamarket.com.tr\/site\/wp-json\/wp\/v2\/product\/19676","targetHints":{"allow":["GET"]}}],"collection":[{"href":"https:\/\/www.makitamarket.com.tr\/site\/wp-json\/wp\/v2\/product"}],"about":[{"href":"https:\/\/www.makitamarket.com.tr\/site\/wp-json\/wp\/v2\/types\/product"}],"replies":[{"embeddable":true,"href":"https:\/\/www.makitamarket.com.tr\/site\/wp-json\/wp\/v2\/comments?post=19676"}],"wp:featuredmedia":[{"embeddable":true,"href":"https:\/\/www.makitamarket.com.tr\/site\/wp-json\/wp\/v2\/media\/19675"}],"wp:attachment":[{"href":"https:\/\/www.makitamarket.com.tr\/site\/wp-json\/wp\/v2\/media?parent=19676"}],"wp:term":[{"taxonomy":"product_brand","embeddable":true,"href":"https:\/\/www.makitamarket.com.tr\/site\/wp-json\/wp\/v2\/product_brand?post=19676"},{"taxonomy":"product_cat","embeddable":true,"href":"https:\/\/www.makitamarket.com.tr\/site\/wp-json\/wp\/v2\/product_cat?post=19676"},{"taxonomy":"product_tag","embeddable":true,"href":"https:\/\/www.makitamarket.com.tr\/site\/wp-json\/wp\/v2\/product_tag?post=19676"}],"curies":[{"name":"wp","href":"https:\/\/api.w.org\/{rel}","templated":true}]}}