{"id":19708,"date":"2024-11-28T20:23:22","date_gmt":"2024-11-28T17:23:22","guid":{"rendered":"https:\/\/www.makitamarket.com.tr\/site\/urun\/nikon-aluminyum-oksit-cirtli-deliksiz-disk-zimpara-115-mm-100-kum\/"},"modified":"2026-03-30T10:29:30","modified_gmt":"2026-03-30T07:29:30","slug":"nikon-aluminyum-oksit-cirtli-deliksiz-disk-zimpara-115-mm-100-kum","status":"publish","type":"product","link":"https:\/\/www.makitamarket.com.tr\/site\/urun\/nikon-aluminyum-oksit-cirtli-deliksiz-disk-zimpara-115-mm-100-kum\/","title":{"rendered":"Nikon N33507 AL\u00dcM\u0130NYUM OKS\u0130T CIRTLI (DEL\u0130KS\u0130Z) D\u0130SK ZIMPARA 115 mm 100 KUM"},"content":{"rendered":"<p>\n\t<span style=\"color: rgb(255, 0, 0);\"><strong>Kullan\u0131m Alan\u0131:<\/strong><\/span>\u00a0Ham Ah\u015fab\u0131 yumu\u015fatmak, Ah\u015fap veya Metalde boya \u00f6ncesi temizlik, Fiberglas, Plastik ve benzeri malzemelerin z\u0131mparalanmas\u0131<\/p>\n<table>\n<tr>\n<td>Kum<\/td>\n<td>100<\/td>\n<\/tr>\n<tr>\n<td>\u00d6l\u00e7\u00fcs\u00fc<\/td>\n<td>115mm &#8211; Deliksiz<\/td>\n<\/tr>\n<tr>\n<td>Kutu \u0130\u00e7i Adedi<\/td>\n<td>50<\/td>\n<\/tr>\n<\/table>\n","protected":false},"excerpt":{"rendered":"<p>\n\t<span style=\"color: rgb(255, 0, 0);\"><strong>Kullan\u0131m Alan\u0131:<\/strong><\/span>\u00a0Ham Ah\u015fab\u0131 yumu\u015fatmak, Ah\u015fap veya Metalde boya \u00f6ncesi temizlik, Fiberglas, Plastik ve benzeri malzemelerin z\u0131mparalanmas\u0131<\/p>\n","protected":false},"featured_media":19725,"comment_status":"open","ping_status":"closed","template":"","meta":{"_acf_changed":false},"product_brand":[1518],"product_cat":[1272],"product_tag":[],"class_list":{"0":"post-19708","1":"product","2":"type-product","3":"status-publish","4":"has-post-thumbnail","6":"product_brand-nikon","7":"product_cat-cirtli-disk-zimparalar","9":"first","10":"instock","11":"taxable","12":"shipping-taxable","13":"purchasable","14":"product-type-simple","15":"add-to-wishlist-after_add_to_cart"},"acf":[],"_links":{"self":[{"href":"https:\/\/www.makitamarket.com.tr\/site\/wp-json\/wp\/v2\/product\/19708","targetHints":{"allow":["GET"]}}],"collection":[{"href":"https:\/\/www.makitamarket.com.tr\/site\/wp-json\/wp\/v2\/product"}],"about":[{"href":"https:\/\/www.makitamarket.com.tr\/site\/wp-json\/wp\/v2\/types\/product"}],"replies":[{"embeddable":true,"href":"https:\/\/www.makitamarket.com.tr\/site\/wp-json\/wp\/v2\/comments?post=19708"}],"wp:featuredmedia":[{"embeddable":true,"href":"https:\/\/www.makitamarket.com.tr\/site\/wp-json\/wp\/v2\/media\/19725"}],"wp:attachment":[{"href":"https:\/\/www.makitamarket.com.tr\/site\/wp-json\/wp\/v2\/media?parent=19708"}],"wp:term":[{"taxonomy":"product_brand","embeddable":true,"href":"https:\/\/www.makitamarket.com.tr\/site\/wp-json\/wp\/v2\/product_brand?post=19708"},{"taxonomy":"product_cat","embeddable":true,"href":"https:\/\/www.makitamarket.com.tr\/site\/wp-json\/wp\/v2\/product_cat?post=19708"},{"taxonomy":"product_tag","embeddable":true,"href":"https:\/\/www.makitamarket.com.tr\/site\/wp-json\/wp\/v2\/product_tag?post=19708"}],"curies":[{"name":"wp","href":"https:\/\/api.w.org\/{rel}","templated":true}]}}