{"id":19741,"date":"2024-11-28T20:23:40","date_gmt":"2024-11-28T17:23:40","guid":{"rendered":"https:\/\/www.makitamarket.com.tr\/site\/urun\/prosaw-ahsap-daire-testeresi-32-dis-210-mm\/"},"modified":"2026-03-15T11:34:27","modified_gmt":"2026-03-15T08:34:27","slug":"prosaw-ahsap-daire-testeresi-32-dis-210-mm","status":"publish","type":"product","link":"https:\/\/www.makitamarket.com.tr\/site\/urun\/prosaw-ahsap-daire-testeresi-32-dis-210-mm\/","title":{"rendered":"Prosaw PS51223 AH\u015eAP DA\u0130RE TESTERES\u0130 32 D\u0130\u015e 210 mm"},"content":{"rendered":"<table>\n<tr>\n<td>Testere \u00c7ap\u0131 (mm)<\/td>\n<td>210<\/td>\n<\/tr>\n<tr>\n<td>G\u00f6bek \u00c7ap\u0131 (mm)<\/td>\n<td>30\/25<\/td>\n<\/tr>\n<tr>\n<td>Elmas Kal\u0131nl\u0131\u011f\u0131 (mm)<\/td>\n<td>2.0<\/td>\n<\/tr>\n<tr>\n<td>G\u00f6vde Kal\u0131nl\u0131\u011f\u0131(mm)<\/td>\n<td>1.4<\/td>\n<\/tr>\n<tr>\n<td>Di\u015f Say\u0131s\u0131<\/td>\n<td>32<\/td>\n<\/tr>\n<\/table>\n","protected":false},"excerpt":{"rendered":"<p>Testere \u00c7ap\u0131 (mm) 210 G\u00f6bek \u00c7ap\u0131 (mm) 30\/25 Elmas Kal\u0131nl\u0131\u011f\u0131 (mm) 2.0 G\u00f6vde Kal\u0131nl\u0131\u011f\u0131(mm) 1.4 Di\u015f Say\u0131s\u0131 32<\/p>\n","protected":false},"featured_media":19740,"comment_status":"open","ping_status":"closed","template":"","meta":{"_acf_changed":false},"product_brand":[1524],"product_cat":[1565],"product_tag":[],"class_list":{"0":"post-19741","1":"product","2":"type-product","3":"status-publish","4":"has-post-thumbnail","6":"product_brand-prosaw","7":"product_cat-yok-yok","9":"first","10":"outofstock","11":"taxable","12":"shipping-taxable","13":"purchasable","14":"product-type-simple","15":"add-to-wishlist-after_add_to_cart"},"acf":[],"_links":{"self":[{"href":"https:\/\/www.makitamarket.com.tr\/site\/wp-json\/wp\/v2\/product\/19741","targetHints":{"allow":["GET"]}}],"collection":[{"href":"https:\/\/www.makitamarket.com.tr\/site\/wp-json\/wp\/v2\/product"}],"about":[{"href":"https:\/\/www.makitamarket.com.tr\/site\/wp-json\/wp\/v2\/types\/product"}],"replies":[{"embeddable":true,"href":"https:\/\/www.makitamarket.com.tr\/site\/wp-json\/wp\/v2\/comments?post=19741"}],"wp:featuredmedia":[{"embeddable":true,"href":"https:\/\/www.makitamarket.com.tr\/site\/wp-json\/wp\/v2\/media\/19740"}],"wp:attachment":[{"href":"https:\/\/www.makitamarket.com.tr\/site\/wp-json\/wp\/v2\/media?parent=19741"}],"wp:term":[{"taxonomy":"product_brand","embeddable":true,"href":"https:\/\/www.makitamarket.com.tr\/site\/wp-json\/wp\/v2\/product_brand?post=19741"},{"taxonomy":"product_cat","embeddable":true,"href":"https:\/\/www.makitamarket.com.tr\/site\/wp-json\/wp\/v2\/product_cat?post=19741"},{"taxonomy":"product_tag","embeddable":true,"href":"https:\/\/www.makitamarket.com.tr\/site\/wp-json\/wp\/v2\/product_tag?post=19741"}],"curies":[{"name":"wp","href":"https:\/\/api.w.org\/{rel}","templated":true}]}}