{"id":19744,"date":"2024-11-28T20:23:41","date_gmt":"2024-11-28T17:23:41","guid":{"rendered":"https:\/\/www.makitamarket.com.tr\/site\/urun\/knisaw-kilic-testere-bicagi-240-mm\/"},"modified":"2026-03-30T10:29:34","modified_gmt":"2026-03-30T07:29:34","slug":"knisaw-kilic-testere-bicagi-240-mm","status":"publish","type":"product","link":"https:\/\/www.makitamarket.com.tr\/site\/urun\/knisaw-kilic-testere-bicagi-240-mm\/","title":{"rendered":"Knisaw KS44003 KILI\u00c7 TESTERE BI\u00c7A\u011eI 240 mm"},"content":{"rendered":"<table>\n<tr>\n<td>Kullan\u0131m Alan\u0131<\/td>\n<td>Kaba-Sert  ah\u015fab\u0131n h\u0131zl\u0131  kesimi<\/td>\n<\/tr>\n<tr>\n<td>A\u00e7\u0131klama<\/td>\n<td>HCS<\/td>\n<\/tr>\n<tr>\n<td>\u00d6l\u00e7\u00fc \/ Di\u015f<\/td>\n<td>9 1\/2 \u201d \/ 5TPI  240mm \/ 5mm<\/td>\n<\/tr>\n<\/table>\n","protected":false},"excerpt":{"rendered":"<p>Kullan\u0131m Alan\u0131 Kaba-Sert ah\u015fab\u0131n h\u0131zl\u0131 kesimi A\u00e7\u0131klama HCS \u00d6l\u00e7\u00fc \/ Di\u015f 9 1\/2 \u201d \/ 5TPI 240mm \/ 5mm<\/p>\n","protected":false},"featured_media":19743,"comment_status":"open","ping_status":"closed","template":"","meta":{"_acf_changed":false},"product_brand":[1550],"product_cat":[1316],"product_tag":[],"class_list":{"0":"post-19744","1":"product","2":"type-product","3":"status-publish","4":"has-post-thumbnail","6":"product_brand-knisaw","7":"product_cat-ahsap-kesim-kilic-testere-bicaklari","9":"first","10":"instock","11":"taxable","12":"shipping-taxable","13":"purchasable","14":"product-type-simple","15":"add-to-wishlist-after_add_to_cart"},"acf":[],"_links":{"self":[{"href":"https:\/\/www.makitamarket.com.tr\/site\/wp-json\/wp\/v2\/product\/19744","targetHints":{"allow":["GET"]}}],"collection":[{"href":"https:\/\/www.makitamarket.com.tr\/site\/wp-json\/wp\/v2\/product"}],"about":[{"href":"https:\/\/www.makitamarket.com.tr\/site\/wp-json\/wp\/v2\/types\/product"}],"replies":[{"embeddable":true,"href":"https:\/\/www.makitamarket.com.tr\/site\/wp-json\/wp\/v2\/comments?post=19744"}],"wp:featuredmedia":[{"embeddable":true,"href":"https:\/\/www.makitamarket.com.tr\/site\/wp-json\/wp\/v2\/media\/19743"}],"wp:attachment":[{"href":"https:\/\/www.makitamarket.com.tr\/site\/wp-json\/wp\/v2\/media?parent=19744"}],"wp:term":[{"taxonomy":"product_brand","embeddable":true,"href":"https:\/\/www.makitamarket.com.tr\/site\/wp-json\/wp\/v2\/product_brand?post=19744"},{"taxonomy":"product_cat","embeddable":true,"href":"https:\/\/www.makitamarket.com.tr\/site\/wp-json\/wp\/v2\/product_cat?post=19744"},{"taxonomy":"product_tag","embeddable":true,"href":"https:\/\/www.makitamarket.com.tr\/site\/wp-json\/wp\/v2\/product_tag?post=19744"}],"curies":[{"name":"wp","href":"https:\/\/api.w.org\/{rel}","templated":true}]}}