{"id":19781,"date":"2024-11-28T20:24:00","date_gmt":"2024-11-28T17:24:00","guid":{"rendered":"https:\/\/www.makitamarket.com.tr\/site\/urun\/makita-hss-co-metal-delme-matkap-ucu-3-0x61-mm\/"},"modified":"2025-11-16T10:58:29","modified_gmt":"2025-11-16T07:58:29","slug":"makita-hss-co-metal-delme-matkap-ucu-3-0x61-mm","status":"publish","type":"product","link":"https:\/\/www.makitamarket.com.tr\/site\/urun\/makita-hss-co-metal-delme-matkap-ucu-3-0x61-mm\/","title":{"rendered":"Makita D-16645 HSS &#8211; CO METAL DELME MATKAP UCU 3.0&#215;61 mm"},"content":{"rendered":"<table>\n<tr>\n<td>Matkap \u00c7ap\u0131<\/td>\n<td>3<\/td>\n<\/tr>\n<tr>\n<td>Matkap Boyu<\/td>\n<td>61<\/td>\n<\/tr>\n<tr>\n<td>\u00c7al\u0131\u015fma Uzunlu\u011fu<\/td>\n<td>33<\/td>\n<\/tr>\n<tr>\n<td>\u00c7ap<\/td>\n<td>3.0 mm<\/td>\n<\/tr>\n<tr>\n<td>Uzunluk<\/td>\n<td>61 mm<\/td>\n<\/tr>\n<tr>\n<td>\u00c7al\u0131\u015fma Uzunlu\u011fu<\/td>\n<td>33 mm<\/td>\n<\/tr>\n<tr>\n<td>Ambalaj \u0130\u00e7eri\u011fi<\/td>\n<td>5 Adet<\/td>\n<\/tr>\n<\/table>\n","protected":false},"excerpt":{"rendered":"<p>Matkap \u00c7ap\u0131 3 Matkap Boyu 61 \u00c7al\u0131\u015fma Uzunlu\u011fu 33 \u00c7ap 3.0 mm Uzunluk 61 mm \u00c7al\u0131\u015fma Uzunlu\u011fu 33 mm Ambalaj \u0130\u00e7eri\u011fi 5 Adet<\/p>\n","protected":false},"featured_media":0,"comment_status":"open","ping_status":"closed","template":"","meta":{"_acf_changed":false},"product_brand":[1485],"product_cat":[1064],"product_tag":[],"class_list":{"0":"post-19781","1":"product","2":"type-product","3":"status-publish","5":"product_brand-makita","6":"product_cat-metal-delme-uclari","8":"first","9":"outofstock","10":"taxable","11":"shipping-taxable","12":"purchasable","13":"product-type-simple","14":"add-to-wishlist-after_add_to_cart"},"acf":[],"_links":{"self":[{"href":"https:\/\/www.makitamarket.com.tr\/site\/wp-json\/wp\/v2\/product\/19781","targetHints":{"allow":["GET"]}}],"collection":[{"href":"https:\/\/www.makitamarket.com.tr\/site\/wp-json\/wp\/v2\/product"}],"about":[{"href":"https:\/\/www.makitamarket.com.tr\/site\/wp-json\/wp\/v2\/types\/product"}],"replies":[{"embeddable":true,"href":"https:\/\/www.makitamarket.com.tr\/site\/wp-json\/wp\/v2\/comments?post=19781"}],"wp:attachment":[{"href":"https:\/\/www.makitamarket.com.tr\/site\/wp-json\/wp\/v2\/media?parent=19781"}],"wp:term":[{"taxonomy":"product_brand","embeddable":true,"href":"https:\/\/www.makitamarket.com.tr\/site\/wp-json\/wp\/v2\/product_brand?post=19781"},{"taxonomy":"product_cat","embeddable":true,"href":"https:\/\/www.makitamarket.com.tr\/site\/wp-json\/wp\/v2\/product_cat?post=19781"},{"taxonomy":"product_tag","embeddable":true,"href":"https:\/\/www.makitamarket.com.tr\/site\/wp-json\/wp\/v2\/product_tag?post=19781"}],"curies":[{"name":"wp","href":"https:\/\/api.w.org\/{rel}","templated":true}]}}