{"id":19846,"date":"2024-11-28T20:24:33","date_gmt":"2024-11-28T17:24:33","guid":{"rendered":"https:\/\/www.makitamarket.com.tr\/site\/urun\/diger-vinko-vi03132-7-li-ege-ve-testere-tutucu-seti\/"},"modified":"2026-04-06T16:57:11","modified_gmt":"2026-04-06T13:57:11","slug":"diger-vinko-vi03132-7-li-ege-ve-testere-tutucu-seti","status":"publish","type":"product","link":"https:\/\/www.makitamarket.com.tr\/site\/urun\/diger-vinko-vi03132-7-li-ege-ve-testere-tutucu-seti\/","title":{"rendered":"Di\u011fer VI03132 VINKO VI03132 7 L\u0130 E\u011eE VE TESTERE TUTUCU SET\u0130"},"content":{"rendered":"<table><\/table>\n","protected":false},"excerpt":{"rendered":"","protected":false},"featured_media":0,"comment_status":"open","ping_status":"closed","template":"","meta":{"_acf_changed":false},"product_brand":[1558],"product_cat":[1565],"product_tag":[],"class_list":{"0":"post-19846","1":"product","2":"type-product","3":"status-publish","5":"product_brand-diger","6":"product_cat-yok-yok","8":"first","9":"instock","10":"taxable","11":"shipping-taxable","12":"purchasable","13":"product-type-simple","14":"add-to-wishlist-after_add_to_cart"},"acf":[],"_links":{"self":[{"href":"https:\/\/www.makitamarket.com.tr\/site\/wp-json\/wp\/v2\/product\/19846","targetHints":{"allow":["GET"]}}],"collection":[{"href":"https:\/\/www.makitamarket.com.tr\/site\/wp-json\/wp\/v2\/product"}],"about":[{"href":"https:\/\/www.makitamarket.com.tr\/site\/wp-json\/wp\/v2\/types\/product"}],"replies":[{"embeddable":true,"href":"https:\/\/www.makitamarket.com.tr\/site\/wp-json\/wp\/v2\/comments?post=19846"}],"wp:attachment":[{"href":"https:\/\/www.makitamarket.com.tr\/site\/wp-json\/wp\/v2\/media?parent=19846"}],"wp:term":[{"taxonomy":"product_brand","embeddable":true,"href":"https:\/\/www.makitamarket.com.tr\/site\/wp-json\/wp\/v2\/product_brand?post=19846"},{"taxonomy":"product_cat","embeddable":true,"href":"https:\/\/www.makitamarket.com.tr\/site\/wp-json\/wp\/v2\/product_cat?post=19846"},{"taxonomy":"product_tag","embeddable":true,"href":"https:\/\/www.makitamarket.com.tr\/site\/wp-json\/wp\/v2\/product_tag?post=19846"}],"curies":[{"name":"wp","href":"https:\/\/api.w.org\/{rel}","templated":true}]}}