{"id":19856,"date":"2024-11-28T20:24:38","date_gmt":"2024-11-28T17:24:38","guid":{"rendered":"https:\/\/www.makitamarket.com.tr\/site\/urun\/proxxon-endustriyel-acik-agiz-anahtar-18x19-mm\/"},"modified":"2026-04-06T16:57:16","modified_gmt":"2026-04-06T13:57:16","slug":"proxxon-endustriyel-acik-agiz-anahtar-18x19-mm","status":"publish","type":"product","link":"https:\/\/www.makitamarket.com.tr\/site\/urun\/proxxon-endustriyel-acik-agiz-anahtar-18x19-mm\/","title":{"rendered":"Proxxon End\u00fcstriyel 23846 A\u00c7IK A\u011eIZ ANAHTAR 18&#215;19 mm"},"content":{"rendered":"<table>\n<tr>\n<td>S1xS2<\/td>\n<td>18&#215;19 mm<\/td>\n<\/tr>\n<tr>\n<td>B1<\/td>\n<td>38<\/td>\n<\/tr>\n<tr>\n<td>B2<\/td>\n<td>42<\/td>\n<\/tr>\n<tr>\n<td>L<\/td>\n<td>220<\/td>\n<\/tr>\n<tr>\n<td>H<\/td>\n<td>6.5<\/td>\n<\/tr>\n<\/table>\n","protected":false},"excerpt":{"rendered":"<p>S1xS2 18&#215;19 mm B1 38 B2 42 L 220 H 6.5<\/p>\n","protected":false},"featured_media":19855,"comment_status":"open","ping_status":"closed","template":"","meta":{"_acf_changed":false},"product_brand":[1529],"product_cat":[978],"product_tag":[],"class_list":{"0":"post-19856","1":"product","2":"type-product","3":"status-publish","4":"has-post-thumbnail","6":"product_brand-proxxon-endustriyel","7":"product_cat-anahtarlar","9":"first","10":"instock","11":"taxable","12":"shipping-taxable","13":"purchasable","14":"product-type-simple","15":"add-to-wishlist-after_add_to_cart"},"acf":[],"_links":{"self":[{"href":"https:\/\/www.makitamarket.com.tr\/site\/wp-json\/wp\/v2\/product\/19856","targetHints":{"allow":["GET"]}}],"collection":[{"href":"https:\/\/www.makitamarket.com.tr\/site\/wp-json\/wp\/v2\/product"}],"about":[{"href":"https:\/\/www.makitamarket.com.tr\/site\/wp-json\/wp\/v2\/types\/product"}],"replies":[{"embeddable":true,"href":"https:\/\/www.makitamarket.com.tr\/site\/wp-json\/wp\/v2\/comments?post=19856"}],"wp:featuredmedia":[{"embeddable":true,"href":"https:\/\/www.makitamarket.com.tr\/site\/wp-json\/wp\/v2\/media\/19855"}],"wp:attachment":[{"href":"https:\/\/www.makitamarket.com.tr\/site\/wp-json\/wp\/v2\/media?parent=19856"}],"wp:term":[{"taxonomy":"product_brand","embeddable":true,"href":"https:\/\/www.makitamarket.com.tr\/site\/wp-json\/wp\/v2\/product_brand?post=19856"},{"taxonomy":"product_cat","embeddable":true,"href":"https:\/\/www.makitamarket.com.tr\/site\/wp-json\/wp\/v2\/product_cat?post=19856"},{"taxonomy":"product_tag","embeddable":true,"href":"https:\/\/www.makitamarket.com.tr\/site\/wp-json\/wp\/v2\/product_tag?post=19856"}],"curies":[{"name":"wp","href":"https:\/\/api.w.org\/{rel}","templated":true}]}}