{"id":19862,"date":"2024-11-28T20:24:42","date_gmt":"2024-11-28T17:24:42","guid":{"rendered":"https:\/\/www.makitamarket.com.tr\/site\/urun\/makita-freze-bicagi-8x3-mm\/"},"modified":"2026-03-30T10:31:36","modified_gmt":"2026-03-30T07:31:36","slug":"makita-freze-bicagi-8x3-mm","status":"publish","type":"product","link":"https:\/\/www.makitamarket.com.tr\/site\/urun\/makita-freze-bicagi-8x3-mm\/","title":{"rendered":"Makita D-47379 FREZE BI\u00c7A\u011eI 8&#215;3 mm"},"content":{"rendered":"<p>\n\tAh\u015fap \u00fczerinde tek b\u0131\u00e7ak ile d\u00fcz kanal a\u00e7mak i\u00e7in kullan\u0131l\u0131r.<\/p>\n<p>\n\tG\u00f6rselde ifade edilen harflerin anlamlar\u0131 alttaki gibidir.<\/p>\n<p>\n\tL1 : Uzunluk<\/p>\n<p>\n\tL2 : \u00c7al\u0131\u015fma Uzunlu\u011fu<\/p>\n<p>\n\tD : \u00c7ap<\/p>\n<p>\n\tA1 : U\u00e7 \u00c7ap\u0131<\/p>\n<p>\n\tFreze makinas\u0131 \u00fczerinde b\u0131\u00e7ak tutucu pens ve somun de\u011fi\u015ftirerek farkl\u0131 u\u00e7 \u00e7aplar\u0131nda ki freze b\u0131\u00e7aklar\u0131n\u0131 kullanabilirsiniz.<\/p>\n<table>\n<tr>\n<td>\u00c7ap<\/td>\n<td>8 mm<\/td>\n<\/tr>\n<tr>\n<td>Uzunluk<\/td>\n<td>51 mm<\/td>\n<\/tr>\n<tr>\n<td>\u00c7al\u0131\u015fma Uzunlu\u011fu<\/td>\n<td>13<\/td>\n<\/tr>\n<tr>\n<td>U\u00e7 \u00c7ap\u0131<\/td>\n<td>3<\/td>\n<\/tr>\n<\/table>\n","protected":false},"excerpt":{"rendered":"<p>\n\tAh\u015fap \u00fczerinde tek b\u0131\u00e7ak ile d\u00fcz kanal a\u00e7mak i\u00e7in kullan\u0131l\u0131r.<\/p>\n<p>\n\tG\u00f6rselde ifade edilen harflerin anlamlar\u0131 alttaki gibidir.<\/p>\n<p>\n\tL1 : Uzunluk<\/p>\n<p>\n\tL2 : \u00c7al\u0131\u015fma Uzunlu\u011fu<\/p>\n<p>\n\tD : \u00c7ap<\/p>\n<p>\n\tA1 : U\u00e7 \u00c7ap\u0131<\/p>\n<p>\n\tFreze makinas\u0131 \u00fczerinde b\u0131\u00e7ak tutucu pens ve somun de\u011fi\u015ftirerek farkl\u0131 u\u00e7 \u00e7aplar\u0131nda ki freze b\u0131\u00e7aklar\u0131n\u0131 kullanabilirsiniz.<\/p>\n","protected":false},"featured_media":19861,"comment_status":"open","ping_status":"closed","template":"","meta":{"_acf_changed":false},"product_brand":[1485],"product_cat":[1261],"product_tag":[],"class_list":{"0":"post-19862","1":"product","2":"type-product","3":"status-publish","4":"has-post-thumbnail","6":"product_brand-makita","7":"product_cat-8mm-freze-bicaklari","9":"first","10":"instock","11":"taxable","12":"shipping-taxable","13":"purchasable","14":"product-type-simple","15":"add-to-wishlist-after_add_to_cart"},"acf":[],"_links":{"self":[{"href":"https:\/\/www.makitamarket.com.tr\/site\/wp-json\/wp\/v2\/product\/19862","targetHints":{"allow":["GET"]}}],"collection":[{"href":"https:\/\/www.makitamarket.com.tr\/site\/wp-json\/wp\/v2\/product"}],"about":[{"href":"https:\/\/www.makitamarket.com.tr\/site\/wp-json\/wp\/v2\/types\/product"}],"replies":[{"embeddable":true,"href":"https:\/\/www.makitamarket.com.tr\/site\/wp-json\/wp\/v2\/comments?post=19862"}],"wp:featuredmedia":[{"embeddable":true,"href":"https:\/\/www.makitamarket.com.tr\/site\/wp-json\/wp\/v2\/media\/19861"}],"wp:attachment":[{"href":"https:\/\/www.makitamarket.com.tr\/site\/wp-json\/wp\/v2\/media?parent=19862"}],"wp:term":[{"taxonomy":"product_brand","embeddable":true,"href":"https:\/\/www.makitamarket.com.tr\/site\/wp-json\/wp\/v2\/product_brand?post=19862"},{"taxonomy":"product_cat","embeddable":true,"href":"https:\/\/www.makitamarket.com.tr\/site\/wp-json\/wp\/v2\/product_cat?post=19862"},{"taxonomy":"product_tag","embeddable":true,"href":"https:\/\/www.makitamarket.com.tr\/site\/wp-json\/wp\/v2\/product_tag?post=19862"}],"curies":[{"name":"wp","href":"https:\/\/api.w.org\/{rel}","templated":true}]}}