{"id":19871,"date":"2024-11-28T20:24:48","date_gmt":"2024-11-28T17:24:48","guid":{"rendered":"https:\/\/www.makitamarket.com.tr\/site\/urun\/nikon-beton-flex-kesme-tasi-230x3-0x22-mm\/"},"modified":"2026-04-21T04:05:07","modified_gmt":"2026-04-21T01:05:07","slug":"nikon-beton-flex-kesme-tasi-230x3-0x22-mm","status":"publish","type":"product","link":"https:\/\/www.makitamarket.com.tr\/site\/urun\/nikon-beton-flex-kesme-tasi-230x3-0x22-mm\/","title":{"rendered":"Nikon N38021 BETON FLEX KESME TA\u015eI 230&#215;3.0x22 mm"},"content":{"rendered":"<table>\n<tr>\n<td>G\u00f6bek<\/td>\n<td>Bombeli<\/td>\n<\/tr>\n<tr>\n<td>\u00d6l\u00e7\u00fc(mm)<\/td>\n<td>230 x 3.0 x 22<\/td>\n<\/tr>\n<tr>\n<td>Kutu \u0130\u00e7i Adedi<\/td>\n<td>5<\/td>\n<\/tr>\n<\/table>\n","protected":false},"excerpt":{"rendered":"<p>G\u00f6bek Bombeli \u00d6l\u00e7\u00fc(mm) 230 x 3.0 x 22 Kutu \u0130\u00e7i Adedi 5<\/p>\n","protected":false},"featured_media":19872,"comment_status":"open","ping_status":"closed","template":"","meta":{"_acf_changed":false},"product_brand":[1518],"product_cat":[1082],"product_tag":[],"class_list":{"0":"post-19871","1":"product","2":"type-product","3":"status-publish","4":"has-post-thumbnail","6":"product_brand-nikon","7":"product_cat-230mm-kesme-taslari","9":"first","10":"instock","11":"taxable","12":"shipping-taxable","13":"purchasable","14":"product-type-simple","15":"add-to-wishlist-after_add_to_cart"},"acf":[],"_links":{"self":[{"href":"https:\/\/www.makitamarket.com.tr\/site\/wp-json\/wp\/v2\/product\/19871","targetHints":{"allow":["GET"]}}],"collection":[{"href":"https:\/\/www.makitamarket.com.tr\/site\/wp-json\/wp\/v2\/product"}],"about":[{"href":"https:\/\/www.makitamarket.com.tr\/site\/wp-json\/wp\/v2\/types\/product"}],"replies":[{"embeddable":true,"href":"https:\/\/www.makitamarket.com.tr\/site\/wp-json\/wp\/v2\/comments?post=19871"}],"wp:featuredmedia":[{"embeddable":true,"href":"https:\/\/www.makitamarket.com.tr\/site\/wp-json\/wp\/v2\/media\/19872"}],"wp:attachment":[{"href":"https:\/\/www.makitamarket.com.tr\/site\/wp-json\/wp\/v2\/media?parent=19871"}],"wp:term":[{"taxonomy":"product_brand","embeddable":true,"href":"https:\/\/www.makitamarket.com.tr\/site\/wp-json\/wp\/v2\/product_brand?post=19871"},{"taxonomy":"product_cat","embeddable":true,"href":"https:\/\/www.makitamarket.com.tr\/site\/wp-json\/wp\/v2\/product_cat?post=19871"},{"taxonomy":"product_tag","embeddable":true,"href":"https:\/\/www.makitamarket.com.tr\/site\/wp-json\/wp\/v2\/product_tag?post=19871"}],"curies":[{"name":"wp","href":"https:\/\/api.w.org\/{rel}","templated":true}]}}