{"id":19894,"date":"2024-11-28T20:25:03","date_gmt":"2024-11-28T17:25:03","guid":{"rendered":"https:\/\/www.makitamarket.com.tr\/site\/urun\/knisaw-5-li-panc-seti\/"},"modified":"2026-03-30T10:32:31","modified_gmt":"2026-03-30T07:32:31","slug":"knisaw-5-li-panc-seti","status":"publish","type":"product","link":"https:\/\/www.makitamarket.com.tr\/site\/urun\/knisaw-5-li-panc-seti\/","title":{"rendered":"Knisaw KS51595 5 L\u0130 PAN\u00c7 SET\u0130"},"content":{"rendered":"<p>\n\t<strong>Set \u0130\u00e7eri\u011fi :<\/strong> \u00d860,67,74,81,95mm. Pan\u00e7 ORTA 1,5\u201d<\/p>\n<table><\/table>\n","protected":false},"excerpt":{"rendered":"<p>\n\t<strong>Set \u0130\u00e7eri\u011fi :<\/strong> \u00d860,67,74,81,95mm. Pan\u00e7 ORTA 1,5\u201d<\/p>\n","protected":false},"featured_media":19893,"comment_status":"open","ping_status":"closed","template":"","meta":{"_acf_changed":false},"product_brand":[1550],"product_cat":[1124],"product_tag":[],"class_list":{"0":"post-19894","1":"product","2":"type-product","3":"status-publish","4":"has-post-thumbnail","6":"product_brand-knisaw","7":"product_cat-bi-metal-delik-testere-setleri","9":"first","10":"instock","11":"taxable","12":"shipping-taxable","13":"purchasable","14":"product-type-simple","15":"add-to-wishlist-after_add_to_cart"},"acf":[],"_links":{"self":[{"href":"https:\/\/www.makitamarket.com.tr\/site\/wp-json\/wp\/v2\/product\/19894","targetHints":{"allow":["GET"]}}],"collection":[{"href":"https:\/\/www.makitamarket.com.tr\/site\/wp-json\/wp\/v2\/product"}],"about":[{"href":"https:\/\/www.makitamarket.com.tr\/site\/wp-json\/wp\/v2\/types\/product"}],"replies":[{"embeddable":true,"href":"https:\/\/www.makitamarket.com.tr\/site\/wp-json\/wp\/v2\/comments?post=19894"}],"wp:featuredmedia":[{"embeddable":true,"href":"https:\/\/www.makitamarket.com.tr\/site\/wp-json\/wp\/v2\/media\/19893"}],"wp:attachment":[{"href":"https:\/\/www.makitamarket.com.tr\/site\/wp-json\/wp\/v2\/media?parent=19894"}],"wp:term":[{"taxonomy":"product_brand","embeddable":true,"href":"https:\/\/www.makitamarket.com.tr\/site\/wp-json\/wp\/v2\/product_brand?post=19894"},{"taxonomy":"product_cat","embeddable":true,"href":"https:\/\/www.makitamarket.com.tr\/site\/wp-json\/wp\/v2\/product_cat?post=19894"},{"taxonomy":"product_tag","embeddable":true,"href":"https:\/\/www.makitamarket.com.tr\/site\/wp-json\/wp\/v2\/product_tag?post=19894"}],"curies":[{"name":"wp","href":"https:\/\/api.w.org\/{rel}","templated":true}]}}