{"id":19911,"date":"2024-11-28T20:25:07","date_gmt":"2024-11-28T17:25:07","guid":{"rendered":"https:\/\/www.makitamarket.com.tr\/site\/urun\/proxxon-tungsten-karburlu-matkap-ucu-3-0-mm\/"},"modified":"2026-03-30T10:33:22","modified_gmt":"2026-03-30T07:33:22","slug":"proxxon-tungsten-karburlu-matkap-ucu-3-0-mm","status":"publish","type":"product","link":"https:\/\/www.makitamarket.com.tr\/site\/urun\/proxxon-tungsten-karburlu-matkap-ucu-3-0-mm\/","title":{"rendered":"Proxxon 28761 TUNGSTEN KARB\u00dcRL\u00dc MATKAP UCU 3.0 mm"},"content":{"rendered":"<p>\n\t<span style=\"font-size:12px;\"><span style=\"font-family:tahoma,geneva,sans-serif;\"><strong>Tungsten karb\u00fcr freze u\u00e7lar\u0131<br \/>\n\t<\/strong><\/span><\/span><\/p>\n<p>\n\t<span style=\"font-size:12px;\"><span style=\"font-family:tahoma,geneva,sans-serif;\">A\u015f\u0131nmaz tungsten malzemeden.<\/p>\n<p>\tY\u00fcksek hassasiyet gerektiren boyutlarda titre\u015fimsiz freze i\u015flemleri i\u00e7in. \u00c7al\u0131\u015fma par\u00e7as\u0131n\u0131n s\u0131k\u0131ca sabitlenmesi tavsiye edilir. Krom-kobalt ala\u015f\u0131m, \u00e7elik, demir esasl\u0131 olmayan ve plastik gibi son derece sert malzemeler \u00fczerinde \u00e7al\u0131\u015fmak i\u00e7in.<\/p>\n<p>\tPC kartlar\u0131n\u0131n grav\u00fcr ve frezelenmesi i\u00e7in kullan\u0131labilir. Saplar 3 veya 2.34 \u00e7ap\u0131nda. Bu u\u00e7lar\u00a0 i\u00e7inde MICROMOT \u00e7elik penslerin kullan\u0131lmas\u0131n\u0131 tavsiye ediyoruz.<\/span><\/span><\/p>\n<table>\n<tr>\n<td>Mil \u00c7ap\u0131<\/td>\n<td>3,0 mm<\/td>\n<\/tr>\n<tr>\n<td>U\u00e7 \u00c7ap\u0131<\/td>\n<td>3.0 mm<\/td>\n<\/tr>\n<\/table>\n","protected":false},"excerpt":{"rendered":"<p>\n\t<span style=\"font-size:12px;\"><span style=\"font-family:tahoma,geneva,sans-serif;\"><strong>Tungsten karb\u00fcr freze u\u00e7lar\u0131<br \/>\n\t<\/strong><\/span><\/span><\/p>\n<p>\n\t<span style=\"font-size:12px;\"><span style=\"font-family:tahoma,geneva,sans-serif;\">A\u015f\u0131nmaz tungsten malzemeden.<\/p>\n<p>\tY\u00fcksek hassasiyet gerektiren boyutlarda titre\u015fimsiz freze i\u015flemleri i\u00e7in. \u00c7al\u0131\u015fma par\u00e7as\u0131n\u0131n s\u0131k\u0131ca sabitlenmesi tavsiye edilir. Krom-kobalt ala\u015f\u0131m, \u00e7elik, demir esasl\u0131 olmayan ve plastik gibi son derece sert malzemeler \u00fczerinde \u00e7al\u0131\u015fmak i\u00e7in.<\/p>\n<p>\tPC kartlar\u0131n\u0131n grav\u00fcr ve frezelenmesi i\u00e7in kullan\u0131labilir. Saplar 3 veya 2.34 \u00e7ap\u0131nda. Bu u\u00e7lar\u00a0 i\u00e7inde MICROMOT \u00e7elik penslerin kullan\u0131lmas\u0131n\u0131 tavsiye ediyoruz.<\/span><\/span><\/p>\n","protected":false},"featured_media":19910,"comment_status":"open","ping_status":"closed","template":"","meta":{"_acf_changed":false},"product_brand":[1501],"product_cat":[926],"product_tag":[],"class_list":{"0":"post-19911","1":"product","2":"type-product","3":"status-publish","4":"has-post-thumbnail","6":"product_brand-proxxon","7":"product_cat-aksesuarlar-mikro-aletleri","9":"first","10":"instock","11":"taxable","12":"shipping-taxable","13":"purchasable","14":"product-type-simple","15":"add-to-wishlist-after_add_to_cart"},"acf":[],"_links":{"self":[{"href":"https:\/\/www.makitamarket.com.tr\/site\/wp-json\/wp\/v2\/product\/19911","targetHints":{"allow":["GET"]}}],"collection":[{"href":"https:\/\/www.makitamarket.com.tr\/site\/wp-json\/wp\/v2\/product"}],"about":[{"href":"https:\/\/www.makitamarket.com.tr\/site\/wp-json\/wp\/v2\/types\/product"}],"replies":[{"embeddable":true,"href":"https:\/\/www.makitamarket.com.tr\/site\/wp-json\/wp\/v2\/comments?post=19911"}],"wp:featuredmedia":[{"embeddable":true,"href":"https:\/\/www.makitamarket.com.tr\/site\/wp-json\/wp\/v2\/media\/19910"}],"wp:attachment":[{"href":"https:\/\/www.makitamarket.com.tr\/site\/wp-json\/wp\/v2\/media?parent=19911"}],"wp:term":[{"taxonomy":"product_brand","embeddable":true,"href":"https:\/\/www.makitamarket.com.tr\/site\/wp-json\/wp\/v2\/product_brand?post=19911"},{"taxonomy":"product_cat","embeddable":true,"href":"https:\/\/www.makitamarket.com.tr\/site\/wp-json\/wp\/v2\/product_cat?post=19911"},{"taxonomy":"product_tag","embeddable":true,"href":"https:\/\/www.makitamarket.com.tr\/site\/wp-json\/wp\/v2\/product_tag?post=19911"}],"curies":[{"name":"wp","href":"https:\/\/api.w.org\/{rel}","templated":true}]}}