{"id":19933,"date":"2024-11-28T20:25:13","date_gmt":"2024-11-28T17:25:13","guid":{"rendered":"https:\/\/www.makitamarket.com.tr\/site\/urun\/lightorch-3-ledli-kafa-lambasi\/"},"modified":"2025-11-16T11:02:24","modified_gmt":"2025-11-16T08:02:24","slug":"lightorch-3-ledli-kafa-lambasi","status":"publish","type":"product","link":"https:\/\/www.makitamarket.com.tr\/site\/urun\/lightorch-3-ledli-kafa-lambasi\/","title":{"rendered":"Lightorch LT03099 3 LEDL\u0130 KAFA LAMBASI"},"content":{"rendered":"<table>\n<tr>\n<td>Ayd\u0131nlatma \u015eiddeti<\/td>\n<td>120 L\u00fcmen<\/td>\n<\/tr>\n<tr>\n<td>Ayd\u0131nlatma Mesafesi<\/td>\n<td>40 Metre<\/td>\n<\/tr>\n<tr>\n<td>LED<\/td>\n<td>1x3W Beyaz, 2x K\u0131rm\u0131z\u0131, S\u00fcper Parlak<\/td>\n<\/tr>\n<tr>\n<td>Ayd\u0131nlatma Modlar\u0131<\/td>\n<td>3 Mod (Y\u00fcksek-D\u00fc\u015f\u00fck-Fla\u015f)<\/td>\n<\/tr>\n<tr>\n<td>\u00c7al\u0131\u015fma \u00d6mr\u00fc<\/td>\n<td>100,000 Saate Kadar<\/td>\n<\/tr>\n<tr>\n<td>Tam Dolu Pille Kullan\u0131m<\/td>\n<td>3 Saat<\/td>\n<\/tr>\n<tr>\n<td>Batarya<\/td>\n<td>3 AAA Pil<\/td>\n<\/tr>\n<\/table>\n","protected":false},"excerpt":{"rendered":"<p>Ayd\u0131nlatma \u015eiddeti 120 L\u00fcmen Ayd\u0131nlatma Mesafesi 40 Metre LED 1x3W Beyaz, 2x K\u0131rm\u0131z\u0131, S\u00fcper Parlak Ayd\u0131nlatma Modlar\u0131 3 Mod (Y\u00fcksek-D\u00fc\u015f\u00fck-Fla\u015f) \u00c7al\u0131\u015fma \u00d6mr\u00fc 100,000 Saate Kadar Tam Dolu Pille Kullan\u0131m 3<\/p>\n","protected":false},"featured_media":19932,"comment_status":"open","ping_status":"closed","template":"","meta":{"_acf_changed":false},"product_brand":[1556],"product_cat":[1424],"product_tag":[],"class_list":{"0":"post-19933","1":"product","2":"type-product","3":"status-publish","4":"has-post-thumbnail","6":"product_brand-lightorch","7":"product_cat-pilli-kafa-lambalari","9":"first","10":"outofstock","11":"taxable","12":"shipping-taxable","13":"purchasable","14":"product-type-simple","15":"add-to-wishlist-after_add_to_cart"},"acf":[],"_links":{"self":[{"href":"https:\/\/www.makitamarket.com.tr\/site\/wp-json\/wp\/v2\/product\/19933","targetHints":{"allow":["GET"]}}],"collection":[{"href":"https:\/\/www.makitamarket.com.tr\/site\/wp-json\/wp\/v2\/product"}],"about":[{"href":"https:\/\/www.makitamarket.com.tr\/site\/wp-json\/wp\/v2\/types\/product"}],"replies":[{"embeddable":true,"href":"https:\/\/www.makitamarket.com.tr\/site\/wp-json\/wp\/v2\/comments?post=19933"}],"wp:featuredmedia":[{"embeddable":true,"href":"https:\/\/www.makitamarket.com.tr\/site\/wp-json\/wp\/v2\/media\/19932"}],"wp:attachment":[{"href":"https:\/\/www.makitamarket.com.tr\/site\/wp-json\/wp\/v2\/media?parent=19933"}],"wp:term":[{"taxonomy":"product_brand","embeddable":true,"href":"https:\/\/www.makitamarket.com.tr\/site\/wp-json\/wp\/v2\/product_brand?post=19933"},{"taxonomy":"product_cat","embeddable":true,"href":"https:\/\/www.makitamarket.com.tr\/site\/wp-json\/wp\/v2\/product_cat?post=19933"},{"taxonomy":"product_tag","embeddable":true,"href":"https:\/\/www.makitamarket.com.tr\/site\/wp-json\/wp\/v2\/product_tag?post=19933"}],"curies":[{"name":"wp","href":"https:\/\/api.w.org\/{rel}","templated":true}]}}