{"id":19969,"date":"2024-11-28T20:25:24","date_gmt":"2024-11-28T17:25:24","guid":{"rendered":"https:\/\/www.makitamarket.com.tr\/site\/urun\/prosaw-ahsap-daire-testeresi-40-dis-190-mm\/"},"modified":"2026-03-30T10:34:22","modified_gmt":"2026-03-30T07:34:22","slug":"prosaw-ahsap-daire-testeresi-40-dis-190-mm","status":"publish","type":"product","link":"https:\/\/www.makitamarket.com.tr\/site\/urun\/prosaw-ahsap-daire-testeresi-40-dis-190-mm\/","title":{"rendered":"Prosaw PS16300 AH\u015eAP DA\u0130RE TESTERES\u0130 40 D\u0130\u015e 190 mm"},"content":{"rendered":"<table>\n<tr>\n<td>Testere \u00c7ap\u0131 (mm)<\/td>\n<td>190<\/td>\n<\/tr>\n<tr>\n<td>G\u00f6bek \u00c7ap\u0131 (mm)<\/td>\n<td>30\/20<\/td>\n<\/tr>\n<tr>\n<td>Elmas Kal\u0131nl\u0131\u011f\u0131 (mm)<\/td>\n<td>1.6<\/td>\n<\/tr>\n<tr>\n<td>G\u00f6vde Kal\u0131nl\u0131\u011f\u0131(mm)<\/td>\n<td>1.0<\/td>\n<\/tr>\n<tr>\n<td>Di\u015f Say\u0131s\u0131<\/td>\n<td>40<\/td>\n<\/tr>\n<\/table>\n","protected":false},"excerpt":{"rendered":"<p>Testere \u00c7ap\u0131 (mm) 190 G\u00f6bek \u00c7ap\u0131 (mm) 30\/20 Elmas Kal\u0131nl\u0131\u011f\u0131 (mm) 1.6 G\u00f6vde Kal\u0131nl\u0131\u011f\u0131(mm) 1.0 Di\u015f Say\u0131s\u0131 40<\/p>\n","protected":false},"featured_media":19968,"comment_status":"open","ping_status":"closed","template":"","meta":{"_acf_changed":false},"product_brand":[1524],"product_cat":[1050],"product_tag":[],"class_list":{"0":"post-19969","1":"product","2":"type-product","3":"status-publish","4":"has-post-thumbnail","6":"product_brand-prosaw","7":"product_cat-ahsap-daire-testereler","9":"first","10":"instock","11":"taxable","12":"shipping-taxable","13":"purchasable","14":"product-type-simple","15":"add-to-wishlist-after_add_to_cart"},"acf":[],"_links":{"self":[{"href":"https:\/\/www.makitamarket.com.tr\/site\/wp-json\/wp\/v2\/product\/19969","targetHints":{"allow":["GET"]}}],"collection":[{"href":"https:\/\/www.makitamarket.com.tr\/site\/wp-json\/wp\/v2\/product"}],"about":[{"href":"https:\/\/www.makitamarket.com.tr\/site\/wp-json\/wp\/v2\/types\/product"}],"replies":[{"embeddable":true,"href":"https:\/\/www.makitamarket.com.tr\/site\/wp-json\/wp\/v2\/comments?post=19969"}],"wp:featuredmedia":[{"embeddable":true,"href":"https:\/\/www.makitamarket.com.tr\/site\/wp-json\/wp\/v2\/media\/19968"}],"wp:attachment":[{"href":"https:\/\/www.makitamarket.com.tr\/site\/wp-json\/wp\/v2\/media?parent=19969"}],"wp:term":[{"taxonomy":"product_brand","embeddable":true,"href":"https:\/\/www.makitamarket.com.tr\/site\/wp-json\/wp\/v2\/product_brand?post=19969"},{"taxonomy":"product_cat","embeddable":true,"href":"https:\/\/www.makitamarket.com.tr\/site\/wp-json\/wp\/v2\/product_cat?post=19969"},{"taxonomy":"product_tag","embeddable":true,"href":"https:\/\/www.makitamarket.com.tr\/site\/wp-json\/wp\/v2\/product_tag?post=19969"}],"curies":[{"name":"wp","href":"https:\/\/api.w.org\/{rel}","templated":true}]}}