{"id":19980,"date":"2024-11-28T20:25:28","date_gmt":"2024-11-28T17:25:28","guid":{"rendered":"https:\/\/www.makitamarket.com.tr\/site\/urun\/knisaw-kilic-testere-bicagi-150-mm\/"},"modified":"2026-03-30T10:34:23","modified_gmt":"2026-03-30T07:34:23","slug":"knisaw-kilic-testere-bicagi-150-mm","status":"publish","type":"product","link":"https:\/\/www.makitamarket.com.tr\/site\/urun\/knisaw-kilic-testere-bicagi-150-mm\/","title":{"rendered":"Knisaw KS44001 KILI\u00c7 TESTERE BI\u00c7A\u011eI 150 mm"},"content":{"rendered":"<table>\n<tr>\n<td>Kullan\u0131m Alan\u0131<\/td>\n<td>\u0130nce Sac (1.5-4mm), Boru\/Profil  (5-100mm)<\/td>\n<\/tr>\n<tr>\n<td>A\u00e7\u0131klama<\/td>\n<td>BI-METAL<\/td>\n<\/tr>\n<tr>\n<td>\u00d6l\u00e7\u00fc \/ Di\u015f<\/td>\n<td>6\u201d \/ 18TPI,  150mm \/ 1.4mm<\/td>\n<\/tr>\n<\/table>\n","protected":false},"excerpt":{"rendered":"<p>Kullan\u0131m Alan\u0131 \u0130nce Sac (1.5-4mm), Boru\/Profil (5-100mm) A\u00e7\u0131klama BI-METAL \u00d6l\u00e7\u00fc \/ Di\u015f 6\u201d \/ 18TPI, 150mm \/ 1.4mm<\/p>\n","protected":false},"featured_media":19979,"comment_status":"open","ping_status":"closed","template":"","meta":{"_acf_changed":false},"product_brand":[1550],"product_cat":[1238],"product_tag":[],"class_list":{"0":"post-19980","1":"product","2":"type-product","3":"status-publish","4":"has-post-thumbnail","6":"product_brand-knisaw","7":"product_cat-insaat-malzeme-kesimi-icin-kilic-testere-bicaklari","9":"first","10":"instock","11":"taxable","12":"shipping-taxable","13":"purchasable","14":"product-type-simple","15":"add-to-wishlist-after_add_to_cart"},"acf":[],"_links":{"self":[{"href":"https:\/\/www.makitamarket.com.tr\/site\/wp-json\/wp\/v2\/product\/19980","targetHints":{"allow":["GET"]}}],"collection":[{"href":"https:\/\/www.makitamarket.com.tr\/site\/wp-json\/wp\/v2\/product"}],"about":[{"href":"https:\/\/www.makitamarket.com.tr\/site\/wp-json\/wp\/v2\/types\/product"}],"replies":[{"embeddable":true,"href":"https:\/\/www.makitamarket.com.tr\/site\/wp-json\/wp\/v2\/comments?post=19980"}],"wp:featuredmedia":[{"embeddable":true,"href":"https:\/\/www.makitamarket.com.tr\/site\/wp-json\/wp\/v2\/media\/19979"}],"wp:attachment":[{"href":"https:\/\/www.makitamarket.com.tr\/site\/wp-json\/wp\/v2\/media?parent=19980"}],"wp:term":[{"taxonomy":"product_brand","embeddable":true,"href":"https:\/\/www.makitamarket.com.tr\/site\/wp-json\/wp\/v2\/product_brand?post=19980"},{"taxonomy":"product_cat","embeddable":true,"href":"https:\/\/www.makitamarket.com.tr\/site\/wp-json\/wp\/v2\/product_cat?post=19980"},{"taxonomy":"product_tag","embeddable":true,"href":"https:\/\/www.makitamarket.com.tr\/site\/wp-json\/wp\/v2\/product_tag?post=19980"}],"curies":[{"name":"wp","href":"https:\/\/api.w.org\/{rel}","templated":true}]}}