{"id":20091,"date":"2024-11-28T20:26:22","date_gmt":"2024-11-28T17:26:22","guid":{"rendered":"https:\/\/www.makitamarket.com.tr\/site\/urun\/proxxon-endustriyel-acik-agiz-anahtar-16x17-mm\/"},"modified":"2026-04-06T17:06:37","modified_gmt":"2026-04-06T14:06:37","slug":"proxxon-endustriyel-acik-agiz-anahtar-16x17-mm","status":"publish","type":"product","link":"https:\/\/www.makitamarket.com.tr\/site\/urun\/proxxon-endustriyel-acik-agiz-anahtar-16x17-mm\/","title":{"rendered":"Proxxon End\u00fcstriyel 23842 A\u00c7IK A\u011eIZ ANAHTAR 16&#215;17 mm"},"content":{"rendered":"<table>\n<tr>\n<td>S1xS2<\/td>\n<td>16&#215;17 mm<\/td>\n<\/tr>\n<tr>\n<td>B1<\/td>\n<td>36<\/td>\n<\/tr>\n<tr>\n<td>B2<\/td>\n<td>38<\/td>\n<\/tr>\n<tr>\n<td>L<\/td>\n<td>205<\/td>\n<\/tr>\n<tr>\n<td>H<\/td>\n<td>6.0<\/td>\n<\/tr>\n<\/table>\n","protected":false},"excerpt":{"rendered":"<p>S1xS2 16&#215;17 mm B1 36 B2 38 L 205 H 6.0<\/p>\n","protected":false},"featured_media":20090,"comment_status":"open","ping_status":"closed","template":"","meta":{"_acf_changed":false},"product_brand":[1529],"product_cat":[978],"product_tag":[],"class_list":{"0":"post-20091","1":"product","2":"type-product","3":"status-publish","4":"has-post-thumbnail","6":"product_brand-proxxon-endustriyel","7":"product_cat-anahtarlar","9":"first","10":"instock","11":"taxable","12":"shipping-taxable","13":"purchasable","14":"product-type-simple","15":"add-to-wishlist-after_add_to_cart"},"acf":[],"_links":{"self":[{"href":"https:\/\/www.makitamarket.com.tr\/site\/wp-json\/wp\/v2\/product\/20091","targetHints":{"allow":["GET"]}}],"collection":[{"href":"https:\/\/www.makitamarket.com.tr\/site\/wp-json\/wp\/v2\/product"}],"about":[{"href":"https:\/\/www.makitamarket.com.tr\/site\/wp-json\/wp\/v2\/types\/product"}],"replies":[{"embeddable":true,"href":"https:\/\/www.makitamarket.com.tr\/site\/wp-json\/wp\/v2\/comments?post=20091"}],"wp:featuredmedia":[{"embeddable":true,"href":"https:\/\/www.makitamarket.com.tr\/site\/wp-json\/wp\/v2\/media\/20090"}],"wp:attachment":[{"href":"https:\/\/www.makitamarket.com.tr\/site\/wp-json\/wp\/v2\/media?parent=20091"}],"wp:term":[{"taxonomy":"product_brand","embeddable":true,"href":"https:\/\/www.makitamarket.com.tr\/site\/wp-json\/wp\/v2\/product_brand?post=20091"},{"taxonomy":"product_cat","embeddable":true,"href":"https:\/\/www.makitamarket.com.tr\/site\/wp-json\/wp\/v2\/product_cat?post=20091"},{"taxonomy":"product_tag","embeddable":true,"href":"https:\/\/www.makitamarket.com.tr\/site\/wp-json\/wp\/v2\/product_tag?post=20091"}],"curies":[{"name":"wp","href":"https:\/\/api.w.org\/{rel}","templated":true}]}}