{"id":20103,"date":"2024-11-28T20:26:25","date_gmt":"2024-11-28T17:26:25","guid":{"rendered":"https:\/\/www.makitamarket.com.tr\/site\/urun\/makita-nemesis-ii-serisi-sds-plus-4-elmasli-uc-6x260-mm\/"},"modified":"2025-11-16T11:08:18","modified_gmt":"2025-11-16T08:08:18","slug":"makita-nemesis-ii-serisi-sds-plus-4-elmasli-uc-6x260-mm","status":"publish","type":"product","link":"https:\/\/www.makitamarket.com.tr\/site\/urun\/makita-nemesis-ii-serisi-sds-plus-4-elmasli-uc-6x260-mm\/","title":{"rendered":"Makita B-11695 NEMES\u0130S II SER\u0130S\u0130 SDS PLUS 4 ELMASLI U\u00c7 6&#215;260 mm"},"content":{"rendered":"<table>\n<tr>\n<td>Matkap \u00c7ap\u0131<\/td>\n<td>6<\/td>\n<\/tr>\n<tr>\n<td>Matkap Boyu<\/td>\n<td>260<\/td>\n<\/tr>\n<tr>\n<td>\u00c7al\u0131\u015fma Uzunlu\u011fu<\/td>\n<td>200<\/td>\n<\/tr>\n<\/table>\n","protected":false},"excerpt":{"rendered":"<p>Matkap \u00c7ap\u0131 6 Matkap Boyu 260 \u00c7al\u0131\u015fma Uzunlu\u011fu 200<\/p>\n","protected":false},"featured_media":0,"comment_status":"open","ping_status":"closed","template":"","meta":{"_acf_changed":false},"product_brand":[1485],"product_cat":[1149],"product_tag":[],"class_list":{"0":"post-20103","1":"product","2":"type-product","3":"status-publish","5":"product_brand-makita","6":"product_cat-sds-plus-uclar","8":"first","9":"outofstock","10":"taxable","11":"shipping-taxable","12":"purchasable","13":"product-type-simple","14":"add-to-wishlist-after_add_to_cart"},"acf":[],"_links":{"self":[{"href":"https:\/\/www.makitamarket.com.tr\/site\/wp-json\/wp\/v2\/product\/20103","targetHints":{"allow":["GET"]}}],"collection":[{"href":"https:\/\/www.makitamarket.com.tr\/site\/wp-json\/wp\/v2\/product"}],"about":[{"href":"https:\/\/www.makitamarket.com.tr\/site\/wp-json\/wp\/v2\/types\/product"}],"replies":[{"embeddable":true,"href":"https:\/\/www.makitamarket.com.tr\/site\/wp-json\/wp\/v2\/comments?post=20103"}],"wp:attachment":[{"href":"https:\/\/www.makitamarket.com.tr\/site\/wp-json\/wp\/v2\/media?parent=20103"}],"wp:term":[{"taxonomy":"product_brand","embeddable":true,"href":"https:\/\/www.makitamarket.com.tr\/site\/wp-json\/wp\/v2\/product_brand?post=20103"},{"taxonomy":"product_cat","embeddable":true,"href":"https:\/\/www.makitamarket.com.tr\/site\/wp-json\/wp\/v2\/product_cat?post=20103"},{"taxonomy":"product_tag","embeddable":true,"href":"https:\/\/www.makitamarket.com.tr\/site\/wp-json\/wp\/v2\/product_tag?post=20103"}],"curies":[{"name":"wp","href":"https:\/\/api.w.org\/{rel}","templated":true}]}}