{"id":20167,"date":"2024-11-28T20:26:57","date_gmt":"2024-11-28T17:26:57","guid":{"rendered":"https:\/\/www.makitamarket.com.tr\/site\/urun\/makita-havsa-acma-ucu-6-3x31-mm\/"},"modified":"2026-04-06T17:08:33","modified_gmt":"2026-04-06T14:08:33","slug":"makita-havsa-acma-ucu-6-3x31-mm","status":"publish","type":"product","link":"https:\/\/www.makitamarket.com.tr\/site\/urun\/makita-havsa-acma-ucu-6-3x31-mm\/","title":{"rendered":"Makita D-37312 HAV\u015eA A\u00c7MA UCU 6.3&#215;31 mm"},"content":{"rendered":"<p>\n\tAh\u015fap plastik, Demir d\u0131\u015f\u0131 metal, d\u00f6kme demir, ala\u015f\u0131m \u00e7elik<\/p>\n<p>\n\tSap Tipi: 1\/4&#8243; Hex C<\/p>\n<table>\n<tr>\n<td>Uygulama<\/td>\n<td>M3<\/td>\n<\/tr>\n<tr>\n<td>A\u00e7\u0131 &#8211; Kenar<\/td>\n<td>90\u00b0 &#8211; 3 adet<\/td>\n<\/tr>\n<tr>\n<td>\u00c7ap<\/td>\n<td>6.3 mm<\/td>\n<\/tr>\n<tr>\n<td>Uzunluk<\/td>\n<td>31 mm<\/td>\n<\/tr>\n<tr>\n<td>Uygulama<\/td>\n<td>M3<\/td>\n<\/tr>\n<tr>\n<td>A\u00e7\u0131 &#8211; Kenar<\/td>\n<td>90\u00b0 &#8211; 3 adet<\/td>\n<\/tr>\n<tr>\n<td>\u00c7ap<\/td>\n<td>6.3<\/td>\n<\/tr>\n<tr>\n<td>Uzunluk<\/td>\n<td>31<\/td>\n<\/tr>\n<tr>\n<td>A\u00e7\u0131-Kenar<\/td>\n<td>90\u00b0 -3 adet<\/td>\n<\/tr>\n<tr>\n<td>\u00c7ap-Uzunluk<\/td>\n<td>6.3 x 31 mm<\/td>\n<\/tr>\n<\/table>\n","protected":false},"excerpt":{"rendered":"<p>\n\tAh\u015fap plastik, Demir d\u0131\u015f\u0131 metal, d\u00f6kme demir, ala\u015f\u0131m \u00e7elik<\/p>\n<p>\n\tSap Tipi: 1\/4&#8243; Hex C<\/p>\n","protected":false},"featured_media":0,"comment_status":"open","ping_status":"closed","template":"","meta":{"_acf_changed":false},"product_brand":[1485],"product_cat":[1064],"product_tag":[],"class_list":{"0":"post-20167","1":"product","2":"type-product","3":"status-publish","5":"product_brand-makita","6":"product_cat-metal-delme-uclari","8":"first","9":"instock","10":"taxable","11":"shipping-taxable","12":"purchasable","13":"product-type-simple","14":"add-to-wishlist-after_add_to_cart"},"acf":[],"_links":{"self":[{"href":"https:\/\/www.makitamarket.com.tr\/site\/wp-json\/wp\/v2\/product\/20167","targetHints":{"allow":["GET"]}}],"collection":[{"href":"https:\/\/www.makitamarket.com.tr\/site\/wp-json\/wp\/v2\/product"}],"about":[{"href":"https:\/\/www.makitamarket.com.tr\/site\/wp-json\/wp\/v2\/types\/product"}],"replies":[{"embeddable":true,"href":"https:\/\/www.makitamarket.com.tr\/site\/wp-json\/wp\/v2\/comments?post=20167"}],"wp:attachment":[{"href":"https:\/\/www.makitamarket.com.tr\/site\/wp-json\/wp\/v2\/media?parent=20167"}],"wp:term":[{"taxonomy":"product_brand","embeddable":true,"href":"https:\/\/www.makitamarket.com.tr\/site\/wp-json\/wp\/v2\/product_brand?post=20167"},{"taxonomy":"product_cat","embeddable":true,"href":"https:\/\/www.makitamarket.com.tr\/site\/wp-json\/wp\/v2\/product_cat?post=20167"},{"taxonomy":"product_tag","embeddable":true,"href":"https:\/\/www.makitamarket.com.tr\/site\/wp-json\/wp\/v2\/product_tag?post=20167"}],"curies":[{"name":"wp","href":"https:\/\/api.w.org\/{rel}","templated":true}]}}