{"id":20206,"date":"2024-11-28T20:27:13","date_gmt":"2024-11-28T17:27:13","guid":{"rendered":"https:\/\/www.makitamarket.com.tr\/site\/urun\/nikon-aluminyum-oksit-cirtli-deliksiz-film-disk-zimpara-115-mm-150-kum\/"},"modified":"2026-03-30T10:38:26","modified_gmt":"2026-03-30T07:38:26","slug":"nikon-aluminyum-oksit-cirtli-deliksiz-film-disk-zimpara-115-mm-150-kum","status":"publish","type":"product","link":"https:\/\/www.makitamarket.com.tr\/site\/urun\/nikon-aluminyum-oksit-cirtli-deliksiz-film-disk-zimpara-115-mm-150-kum\/","title":{"rendered":"Nikon N52029 AL\u00dcM\u0130NYUM OKS\u0130T CIRTLI (DEL\u0130KS\u0130Z) F\u0130LM D\u0130SK ZIMPARA 115 mm 150 KUM"},"content":{"rendered":"<p>\n\t<span style=\"color:#f00;\"><strong>Kullan\u0131m Alan\u0131:<\/strong><\/span> Esnek yap\u0131s\u0131ndan dolay\u0131 katland\u0131\u011f\u0131nda k\u0131r\u0131lmaz ve uzun \u00f6m\u00fcrl\u00fcd\u00fcr. P\u00fcr\u00fczs\u00fcz z\u0131mparalama ve parlatma i\u015flerinde kullan\u0131l\u0131r<\/p>\n<table>\n<tr>\n<td>Kum<\/td>\n<td>150<\/td>\n<\/tr>\n<tr>\n<td>Kutu \u0130\u00e7i Adedi<\/td>\n<td>50<\/td>\n<\/tr>\n<tr>\n<td>\u00d6l\u00e7\u00fcs\u00fc<\/td>\n<td>115mm &#8211; Deliksiz<\/td>\n<\/tr>\n<\/table>\n","protected":false},"excerpt":{"rendered":"<p>\n\t<span style=\"color:#f00;\"><strong>Kullan\u0131m Alan\u0131:<\/strong><\/span> Esnek yap\u0131s\u0131ndan dolay\u0131 katland\u0131\u011f\u0131nda k\u0131r\u0131lmaz ve uzun \u00f6m\u00fcrl\u00fcd\u00fcr. P\u00fcr\u00fczs\u00fcz z\u0131mparalama ve parlatma i\u015flerinde kullan\u0131l\u0131r<\/p>\n","protected":false},"featured_media":0,"comment_status":"open","ping_status":"closed","template":"","meta":{"_acf_changed":false},"product_brand":[1518],"product_cat":[1272],"product_tag":[],"class_list":{"0":"post-20206","1":"product","2":"type-product","3":"status-publish","5":"product_brand-nikon","6":"product_cat-cirtli-disk-zimparalar","8":"first","9":"instock","10":"taxable","11":"shipping-taxable","12":"purchasable","13":"product-type-simple","14":"add-to-wishlist-after_add_to_cart"},"acf":[],"_links":{"self":[{"href":"https:\/\/www.makitamarket.com.tr\/site\/wp-json\/wp\/v2\/product\/20206","targetHints":{"allow":["GET"]}}],"collection":[{"href":"https:\/\/www.makitamarket.com.tr\/site\/wp-json\/wp\/v2\/product"}],"about":[{"href":"https:\/\/www.makitamarket.com.tr\/site\/wp-json\/wp\/v2\/types\/product"}],"replies":[{"embeddable":true,"href":"https:\/\/www.makitamarket.com.tr\/site\/wp-json\/wp\/v2\/comments?post=20206"}],"wp:attachment":[{"href":"https:\/\/www.makitamarket.com.tr\/site\/wp-json\/wp\/v2\/media?parent=20206"}],"wp:term":[{"taxonomy":"product_brand","embeddable":true,"href":"https:\/\/www.makitamarket.com.tr\/site\/wp-json\/wp\/v2\/product_brand?post=20206"},{"taxonomy":"product_cat","embeddable":true,"href":"https:\/\/www.makitamarket.com.tr\/site\/wp-json\/wp\/v2\/product_cat?post=20206"},{"taxonomy":"product_tag","embeddable":true,"href":"https:\/\/www.makitamarket.com.tr\/site\/wp-json\/wp\/v2\/product_tag?post=20206"}],"curies":[{"name":"wp","href":"https:\/\/api.w.org\/{rel}","templated":true}]}}