{"id":20339,"date":"2024-11-28T20:28:06","date_gmt":"2024-11-28T17:28:06","guid":{"rendered":"https:\/\/www.makitamarket.com.tr\/site\/urun\/proxxon-tungsten-karburlu-matkap-ve-freze-ucu-2-li-2-3-mm\/"},"modified":"2026-03-30T10:40:34","modified_gmt":"2026-03-30T07:40:34","slug":"proxxon-tungsten-karburlu-matkap-ve-freze-ucu-2-li-2-3-mm","status":"publish","type":"product","link":"https:\/\/www.makitamarket.com.tr\/site\/urun\/proxxon-tungsten-karburlu-matkap-ve-freze-ucu-2-li-2-3-mm\/","title":{"rendered":"Proxxon 28750 TUNGSTEN KARB\u00dcRL\u00dc MATKAP VE FREZE UCU 2 L\u0130 2.3 mm"},"content":{"rendered":"<p>\n\t<span style=\"font-family:tahoma,geneva,sans-serif;\"><span style=\"font-size:12px;\"><strong>Tungsten karb\u00fcr freze u\u00e7lar\u0131<br \/>\n\t<\/strong><\/span><\/span><\/p>\n<p>\n\t<span style=\"font-family:tahoma,geneva,sans-serif;\"><span style=\"font-size:12px;\">A\u015f\u0131nmaz tungsten malzemeden.<br \/>\n\t<\/span><\/span><\/p>\n<p>\n\t<span style=\"font-family:tahoma,geneva,sans-serif;\"><span style=\"font-size:12px;\">Y\u00fcksek hassasiyet gerektiren boyutlarda titre\u015fimsiz freze i\u015flemleri i\u00e7in. \u00c7al\u0131\u015fma par\u00e7as\u0131n\u0131n s\u0131k\u0131ca sabitlenmesi tavsiye edilir. Krom &#8211; kobalt ala\u015f\u0131m, \u00e7elik, demir esasl\u0131 olmayan ve plastik gibi son derece sert malzemeler \u00fczerinde \u00e7al\u0131\u015fmak i\u00e7in.<br \/>\n\t<\/span><\/span><\/p>\n<p>\n\t<span style=\"font-family:tahoma,geneva,sans-serif;\"><span style=\"font-size:12px;\">PC kartlar\u0131n\u0131n grav\u00fcr ve frezelenmesi i\u00e7in kullan\u0131labilir. Saplar 3 veya 2.35 \u00e7ap\u0131nda. Bu u\u00e7lar i\u00e7in de MICROMOT \u00e7elik penslerin kullan\u0131lmas\u0131n\u0131 tavsiye ediyoruz.<br \/>\n\t<\/span><\/span><\/p>\n<table>\n<tr>\n<td>Mil \u00c7ap\u0131<\/td>\n<td>2,35 mm<\/td>\n<\/tr>\n<\/table>\n","protected":false},"excerpt":{"rendered":"<p>\n\t<span style=\"font-family:tahoma,geneva,sans-serif;\"><span style=\"font-size:12px;\"><strong>Tungsten karb\u00fcr freze u\u00e7lar\u0131<br \/>\n\t<\/strong><\/span><\/span><\/p>\n<p>\n\t<span style=\"font-family:tahoma,geneva,sans-serif;\"><span style=\"font-size:12px;\">A\u015f\u0131nmaz tungsten malzemeden.<br \/>\n\t<\/span><\/span><\/p>\n<p>\n\t<span style=\"font-family:tahoma,geneva,sans-serif;\"><span style=\"font-size:12px;\">Y\u00fcksek hassasiyet gerektiren boyutlarda titre\u015fimsiz freze i\u015flemleri i\u00e7in. \u00c7al\u0131\u015fma par\u00e7as\u0131n\u0131n s\u0131k\u0131ca sabitlenmesi tavsiye edilir. Krom &#8211; kobalt ala\u015f\u0131m, \u00e7elik, demir esasl\u0131 olmayan ve plastik gibi son derece sert malzemeler \u00fczerinde \u00e7al\u0131\u015fmak i\u00e7in.<br \/>\n\t<\/span><\/span><\/p>\n<p>\n\t<span style=\"font-family:tahoma,geneva,sans-serif;\"><span style=\"font-size:12px;\">PC kartlar\u0131n\u0131n grav\u00fcr ve frezelenmesi i\u00e7in kullan\u0131labilir. Saplar 3 veya 2.35 \u00e7ap\u0131nda. Bu u\u00e7lar i\u00e7in de MICROMOT \u00e7elik penslerin kullan\u0131lmas\u0131n\u0131 tavsiye ediyoruz.<br \/>\n\t<\/span><\/span><\/p>\n","protected":false},"featured_media":20338,"comment_status":"open","ping_status":"closed","template":"","meta":{"_acf_changed":false},"product_brand":[1501],"product_cat":[926],"product_tag":[],"class_list":{"0":"post-20339","1":"product","2":"type-product","3":"status-publish","4":"has-post-thumbnail","6":"product_brand-proxxon","7":"product_cat-aksesuarlar-mikro-aletleri","9":"first","10":"instock","11":"taxable","12":"shipping-taxable","13":"purchasable","14":"product-type-simple","15":"add-to-wishlist-after_add_to_cart"},"acf":[],"_links":{"self":[{"href":"https:\/\/www.makitamarket.com.tr\/site\/wp-json\/wp\/v2\/product\/20339","targetHints":{"allow":["GET"]}}],"collection":[{"href":"https:\/\/www.makitamarket.com.tr\/site\/wp-json\/wp\/v2\/product"}],"about":[{"href":"https:\/\/www.makitamarket.com.tr\/site\/wp-json\/wp\/v2\/types\/product"}],"replies":[{"embeddable":true,"href":"https:\/\/www.makitamarket.com.tr\/site\/wp-json\/wp\/v2\/comments?post=20339"}],"wp:featuredmedia":[{"embeddable":true,"href":"https:\/\/www.makitamarket.com.tr\/site\/wp-json\/wp\/v2\/media\/20338"}],"wp:attachment":[{"href":"https:\/\/www.makitamarket.com.tr\/site\/wp-json\/wp\/v2\/media?parent=20339"}],"wp:term":[{"taxonomy":"product_brand","embeddable":true,"href":"https:\/\/www.makitamarket.com.tr\/site\/wp-json\/wp\/v2\/product_brand?post=20339"},{"taxonomy":"product_cat","embeddable":true,"href":"https:\/\/www.makitamarket.com.tr\/site\/wp-json\/wp\/v2\/product_cat?post=20339"},{"taxonomy":"product_tag","embeddable":true,"href":"https:\/\/www.makitamarket.com.tr\/site\/wp-json\/wp\/v2\/product_tag?post=20339"}],"curies":[{"name":"wp","href":"https:\/\/api.w.org\/{rel}","templated":true}]}}